{"id":9594,"date":"2023-06-27T23:48:53","date_gmt":"2023-06-27T22:48:53","guid":{"rendered":"https:\/\/b.avgeros.me\/?post_type=product&#038;p=9594"},"modified":"2025-01-01T19:39:18","modified_gmt":"2025-01-01T18:39:18","slug":"ben-jerrys-caramel-brownie-party-465ml","status":"publish","type":"product","link":"https:\/\/b.avgeros.me\/fr\/produit\/ben-jerrys-caramel-brownie-party-465ml\/","title":{"rendered":"Ben &amp; Jerry&#8217;s Caramel Brownie Party 465ml"},"content":{"rendered":"","protected":false},"excerpt":{"rendered":"<p>Gelado de caramelo com xarope de caramelo, com bolo de chocolate e biscoitos de chocolate.<\/p>\n<p>Por vezes, n\u00e3o h\u00e1 nada melhor que uma noite relaxada: s\u00f3 tu, Ben e Jerry. Ah, e uma colher! E a tua m\u00fasica favorita. E talvez uma manta tamb\u00e9m \u2026 \u2013 bem, j\u00e1 estamos a divagar! Cri\u00e1mos um sabor que te acompanhar\u00e1 nos teus momentos mais alegres e nos mais tristes, te ajudar\u00e1 a ultrapassar os teus medos e se juntar\u00e1 aos teus risos. Mergulha nos sedosos e salgados remoinhos de caramelo, cookies de chocolate e brownies \u2013 a companhia perfeita para a tua noite, ou n\u00e3o?!<\/p>\n<p>Bo\u00eete de 8 paquets<\/p>\n<p><strong>Marque<\/strong> Ben &amp; Jerry&#8217;s<\/p>\n<h6><em>Produit congel\u00e9<\/em><\/h6>","protected":false},"featured_media":9595,"template":"","meta":[],"product_brand":[],"product_cat":[516],"product_tag":[592],"class_list":{"0":"post-9594","1":"product","2":"type-product","3":"status-publish","4":"has-post-thumbnail","6":"product_cat-gelados-in-home","7":"product_tag-ben-jerrys","9":"first","10":"instock","11":"taxable","12":"shipping-taxable","13":"purchasable","14":"product-type-simple"},"yoast_head":"<!-- This site is optimized with the Yoast SEO Premium plugin v24.6 (Yoast SEO v24.6) - https:\/\/yoast.com\/wordpress\/plugins\/seo\/ -->\n<title>Ben &amp; Jerry&#039;s Caramel Brownie Party 465ml - BAROSA Congelados | Manuel de Sousa Barosa, Lda.<\/title>\n<meta name=\"description\" content=\"Gelado de caramelo com xarope de caramelo, com bolo de chocolate e biscoitos de chocolate.\" \/>\n<meta name=\"robots\" content=\"noindex, follow, max-snippet:-1, max-image-preview:large, max-video-preview:-1\" \/>\n<meta property=\"og:locale\" content=\"fr_FR\" \/>\n<meta property=\"og:type\" content=\"article\" \/>\n<meta property=\"og:title\" content=\"Ben &amp; Jerry&#039;s Caramel Brownie Party 465ml\" \/>\n<meta property=\"og:description\" content=\"Gelado de caramelo com xarope de caramelo, com bolo de chocolate e biscoitos de chocolate.\" \/>\n<meta property=\"og:url\" content=\"https:\/\/b.avgeros.me\/fr\/produit\/ben-jerrys-caramel-brownie-party-465ml\/\" \/>\n<meta property=\"og:site_name\" content=\"BAROSA Congelados | Manuel de Sousa Barosa, Lda.\" \/>\n<meta property=\"article:publisher\" content=\"http:\/\/www.facebook.com\/barosa\/\" \/>\n<meta property=\"article:modified_time\" content=\"2025-01-01T18:39:18+00:00\" \/>\n<meta property=\"og:image\" content=\"https:\/\/b.avgeros.me\/wp-content\/uploads\/2023\/06\/Ben-Jerry-s-Caramel-Brownie-Party-465ml.jpg\" \/>\n\t<meta property=\"og:image:width\" content=\"1000\" \/>\n\t<meta property=\"og:image:height\" content=\"1000\" \/>\n\t<meta property=\"og:image:type\" content=\"image\/jpeg\" \/>\n<meta name=\"twitter:card\" content=\"summary_large_image\" \/>\n<meta name=\"twitter:site\" content=\"@barosa_lda\" \/>\n<meta name=\"twitter:label1\" content=\"Dur\u00e9e de lecture estim\u00e9e\" \/>\n\t<meta name=\"twitter:data1\" content=\"1 minute\" \/>\n<script type=\"application\/ld+json\" class=\"yoast-schema-graph\">{\"@context\":\"https:\/\/schema.org\",\"@graph\":[{\"@type\":\"WebPage\",\"@id\":\"https:\/\/b.avgeros.me\/produto\/ben-jerrys-caramel-brownie-party-465ml\/\",\"url\":\"https:\/\/b.avgeros.me\/produto\/ben-jerrys-caramel-brownie-party-465ml\/\",\"name\":\"Ben &amp; Jerry's Caramel Brownie Party 465ml - BAROSA Congelados | Manuel de Sousa Barosa, Lda.\",\"isPartOf\":{\"@id\":\"https:\/\/b.avgeros.me\/#website\"},\"primaryImageOfPage\":{\"@id\":\"https:\/\/b.avgeros.me\/produto\/ben-jerrys-caramel-brownie-party-465ml\/#primaryimage\"},\"image\":{\"@id\":\"https:\/\/b.avgeros.me\/produto\/ben-jerrys-caramel-brownie-party-465ml\/#primaryimage\"},\"thumbnailUrl\":\"https:\/\/b.avgeros.me\/wp-content\/uploads\/2023\/06\/Ben-Jerry-s-Caramel-Brownie-Party-465ml.jpg\",\"datePublished\":\"2023-06-27T22:48:53+00:00\",\"dateModified\":\"2025-01-01T18:39:18+00:00\",\"description\":\"Gelado de caramelo com xarope de caramelo, com bolo de chocolate e biscoitos de chocolate.\",\"breadcrumb\":{\"@id\":\"https:\/\/b.avgeros.me\/produto\/ben-jerrys-caramel-brownie-party-465ml\/#breadcrumb\"},\"inLanguage\":\"fr-FR\",\"potentialAction\":[{\"@type\":\"ReadAction\",\"target\":[\"https:\/\/b.avgeros.me\/produto\/ben-jerrys-caramel-brownie-party-465ml\/\"]}]},{\"@type\":\"ImageObject\",\"inLanguage\":\"fr-FR\",\"@id\":\"https:\/\/b.avgeros.me\/produto\/ben-jerrys-caramel-brownie-party-465ml\/#primaryimage\",\"url\":\"https:\/\/b.avgeros.me\/wp-content\/uploads\/2023\/06\/Ben-Jerry-s-Caramel-Brownie-Party-465ml.jpg\",\"contentUrl\":\"https:\/\/b.avgeros.me\/wp-content\/uploads\/2023\/06\/Ben-Jerry-s-Caramel-Brownie-Party-465ml.jpg\",\"width\":1000,\"height\":1000,\"caption\":\"Ben & Jerry's Caramel Brownie Party 465ml\"},{\"@type\":\"BreadcrumbList\",\"@id\":\"https:\/\/b.avgeros.me\/produto\/ben-jerrys-caramel-brownie-party-465ml\/#breadcrumb\",\"itemListElement\":[{\"@type\":\"ListItem\",\"position\":1,\"name\":\"In\u00edcio\",\"item\":\"https:\/\/b.avgeros.me\/\"},{\"@type\":\"ListItem\",\"position\":2,\"name\":\"Shop\",\"item\":\"https:\/\/b.avgeros.me\/shop\/\"},{\"@type\":\"ListItem\",\"position\":3,\"name\":\"Ben &amp; Jerry&#8217;s Caramel Brownie Party 465ml\"}]},{\"@type\":\"WebSite\",\"@id\":\"https:\/\/b.avgeros.me\/#website\",\"url\":\"https:\/\/b.avgeros.me\/\",\"name\":\"BAROSA Congelados | Manuel de Sousa Barosa, Lda.\",\"description\":\"Empresa de transforma\u00e7\u00e3o e comercializa\u00e7\u00e3o de produtos alimentares congelados. BAROSA \u00ae Pescados, &quot;N\u00e3o h\u00e1 bom garfo que resista\u00ae&quot;. BAROSA \u00ae FoodService &quot;O lado bom da comida\u00ae&quot;. Pescados Crust\u00e1ceos Mariscos Cefal\u00f3podes Bivalves Padaria Pastelaria Pizzas Sobremesas\",\"publisher\":{\"@id\":\"https:\/\/b.avgeros.me\/#organization\"},\"alternateName\":\"BAROSA\u00ae\",\"potentialAction\":[{\"@type\":\"SearchAction\",\"target\":{\"@type\":\"EntryPoint\",\"urlTemplate\":\"https:\/\/b.avgeros.me\/?s={search_term_string}\"},\"query-input\":{\"@type\":\"PropertyValueSpecification\",\"valueRequired\":true,\"valueName\":\"search_term_string\"}}],\"inLanguage\":\"fr-FR\"},{\"@type\":\"Organization\",\"@id\":\"https:\/\/b.avgeros.me\/#organization\",\"name\":\"Manuel de Sousa Barosa, Lda.\",\"alternateName\":\"BAROSA\",\"url\":\"https:\/\/b.avgeros.me\/\",\"logo\":{\"@type\":\"ImageObject\",\"inLanguage\":\"fr-FR\",\"@id\":\"https:\/\/b.avgeros.me\/#\/schema\/logo\/image\/\",\"url\":\"https:\/\/b.avgeros.me\/wp-content\/uploads\/2025\/03\/BAROSA-Logo-696x696-1.jpg\",\"contentUrl\":\"https:\/\/b.avgeros.me\/wp-content\/uploads\/2025\/03\/BAROSA-Logo-696x696-1.jpg\",\"width\":696,\"height\":696,\"caption\":\"Manuel de Sousa Barosa, Lda.\"},\"image\":{\"@id\":\"https:\/\/b.avgeros.me\/#\/schema\/logo\/image\/\"},\"sameAs\":[\"http:\/\/www.facebook.com\/barosa\/\",\"https:\/\/x.com\/barosa_lda\",\"https:\/\/www.instagram.com\/barosa_lda\/\",\"https:\/\/pt.linkedin.com\/company\/barosa-lda\"],\"description\":\"Empresa de transforma\u00e7\u00e3o e comercializa\u00e7\u00e3o de produtos alimentares congelados. BAROSA \u00ae Pescados, \\\"N\u00e3o h\u00e1 bom garfo que resista\u00ae\\\". BAROSA \u00ae FoodService \\\"O lado bom da comida!\u00ae\\\"\",\"email\":\"info@barosa.com\",\"telephone\":\"+351 262824403\",\"legalName\":\"Manuel de Sousa Barosa, Lda.\",\"foundingDate\":\"1975-05-21\",\"vatID\":\"503365190\",\"taxID\":\"503365190\",\"duns\":\"452388713\",\"numberOfEmployees\":{\"@type\":\"QuantitativeValue\",\"minValue\":\"11\",\"maxValue\":\"50\"},\"ethicsPolicy\":\"https:\/\/b.avgeros.me\/politicaprivacidade\/\"}]}<\/script>\n<!-- \/ Yoast SEO Premium plugin. -->","yoast_head_json":{"title":"Ben &amp; Jerry's Caramel Brownie Party 465ml - BAROSA Congelados | Manuel de Sousa Barosa, Lda.","description":"Gelado de caramelo com xarope de caramelo, com bolo de chocolate e biscoitos de chocolate.","robots":{"index":"noindex","follow":"follow","max-snippet":"max-snippet:-1","max-image-preview":"max-image-preview:large","max-video-preview":"max-video-preview:-1"},"og_locale":"fr_FR","og_type":"article","og_title":"Ben &amp; Jerry's Caramel Brownie Party 465ml","og_description":"Gelado de caramelo com xarope de caramelo, com bolo de chocolate e biscoitos de chocolate.","og_url":"https:\/\/b.avgeros.me\/fr\/produit\/ben-jerrys-caramel-brownie-party-465ml\/","og_site_name":"BAROSA Congelados | Manuel de Sousa Barosa, Lda.","article_publisher":"http:\/\/www.facebook.com\/barosa\/","article_modified_time":"2025-01-01T18:39:18+00:00","og_image":[{"width":1000,"height":1000,"url":"https:\/\/b.avgeros.me\/wp-content\/uploads\/2023\/06\/Ben-Jerry-s-Caramel-Brownie-Party-465ml.jpg","type":"image\/jpeg"}],"twitter_card":"summary_large_image","twitter_site":"@barosa_lda","twitter_misc":{"Dur\u00e9e de lecture estim\u00e9e":"1 minute"},"schema":{"@context":"https:\/\/schema.org","@graph":[{"@type":"WebPage","@id":"https:\/\/b.avgeros.me\/produto\/ben-jerrys-caramel-brownie-party-465ml\/","url":"https:\/\/b.avgeros.me\/produto\/ben-jerrys-caramel-brownie-party-465ml\/","name":"Ben &amp; Jerry's Caramel Brownie Party 465ml - BAROSA Congelados | Manuel de Sousa Barosa, Lda.","isPartOf":{"@id":"https:\/\/b.avgeros.me\/#website"},"primaryImageOfPage":{"@id":"https:\/\/b.avgeros.me\/produto\/ben-jerrys-caramel-brownie-party-465ml\/#primaryimage"},"image":{"@id":"https:\/\/b.avgeros.me\/produto\/ben-jerrys-caramel-brownie-party-465ml\/#primaryimage"},"thumbnailUrl":"https:\/\/b.avgeros.me\/wp-content\/uploads\/2023\/06\/Ben-Jerry-s-Caramel-Brownie-Party-465ml.jpg","datePublished":"2023-06-27T22:48:53+00:00","dateModified":"2025-01-01T18:39:18+00:00","description":"Gelado de caramelo com xarope de caramelo, com bolo de chocolate e biscoitos de chocolate.","breadcrumb":{"@id":"https:\/\/b.avgeros.me\/produto\/ben-jerrys-caramel-brownie-party-465ml\/#breadcrumb"},"inLanguage":"fr-FR","potentialAction":[{"@type":"ReadAction","target":["https:\/\/b.avgeros.me\/produto\/ben-jerrys-caramel-brownie-party-465ml\/"]}]},{"@type":"ImageObject","inLanguage":"fr-FR","@id":"https:\/\/b.avgeros.me\/produto\/ben-jerrys-caramel-brownie-party-465ml\/#primaryimage","url":"https:\/\/b.avgeros.me\/wp-content\/uploads\/2023\/06\/Ben-Jerry-s-Caramel-Brownie-Party-465ml.jpg","contentUrl":"https:\/\/b.avgeros.me\/wp-content\/uploads\/2023\/06\/Ben-Jerry-s-Caramel-Brownie-Party-465ml.jpg","width":1000,"height":1000,"caption":"Ben & Jerry's Caramel Brownie Party 465ml"},{"@type":"BreadcrumbList","@id":"https:\/\/b.avgeros.me\/produto\/ben-jerrys-caramel-brownie-party-465ml\/#breadcrumb","itemListElement":[{"@type":"ListItem","position":1,"name":"In\u00edcio","item":"https:\/\/b.avgeros.me\/"},{"@type":"ListItem","position":2,"name":"Shop","item":"https:\/\/b.avgeros.me\/shop\/"},{"@type":"ListItem","position":3,"name":"Ben &amp; Jerry&#8217;s Caramel Brownie Party 465ml"}]},{"@type":"WebSite","@id":"https:\/\/b.avgeros.me\/#website","url":"https:\/\/b.avgeros.me\/","name":"BAROSA Congelados | Manuel de Sousa Barosa, Lda.","description":"Empresa de transforma\u00e7\u00e3o e comercializa\u00e7\u00e3o de produtos alimentares congelados. BAROSA \u00ae Pescados, &quot;N\u00e3o h\u00e1 bom garfo que resista\u00ae&quot;. BAROSA \u00ae FoodService &quot;O lado bom da comida\u00ae&quot;. Pescados Crust\u00e1ceos Mariscos Cefal\u00f3podes Bivalves Padaria Pastelaria Pizzas Sobremesas","publisher":{"@id":"https:\/\/b.avgeros.me\/#organization"},"alternateName":"BAROSA\u00ae","potentialAction":[{"@type":"SearchAction","target":{"@type":"EntryPoint","urlTemplate":"https:\/\/b.avgeros.me\/?s={search_term_string}"},"query-input":{"@type":"PropertyValueSpecification","valueRequired":true,"valueName":"search_term_string"}}],"inLanguage":"fr-FR"},{"@type":"Organization","@id":"https:\/\/b.avgeros.me\/#organization","name":"Manuel de Sousa Barosa, Lda.","alternateName":"BAROSA","url":"https:\/\/b.avgeros.me\/","logo":{"@type":"ImageObject","inLanguage":"fr-FR","@id":"https:\/\/b.avgeros.me\/#\/schema\/logo\/image\/","url":"https:\/\/b.avgeros.me\/wp-content\/uploads\/2025\/03\/BAROSA-Logo-696x696-1.jpg","contentUrl":"https:\/\/b.avgeros.me\/wp-content\/uploads\/2025\/03\/BAROSA-Logo-696x696-1.jpg","width":696,"height":696,"caption":"Manuel de Sousa Barosa, Lda."},"image":{"@id":"https:\/\/b.avgeros.me\/#\/schema\/logo\/image\/"},"sameAs":["http:\/\/www.facebook.com\/barosa\/","https:\/\/x.com\/barosa_lda","https:\/\/www.instagram.com\/barosa_lda\/","https:\/\/pt.linkedin.com\/company\/barosa-lda"],"description":"Empresa de transforma\u00e7\u00e3o e comercializa\u00e7\u00e3o de produtos alimentares congelados. BAROSA \u00ae Pescados, \"N\u00e3o h\u00e1 bom garfo que resista\u00ae\". BAROSA \u00ae FoodService \"O lado bom da comida!\u00ae\"","email":"info@barosa.com","telephone":"+351 262824403","legalName":"Manuel de Sousa Barosa, Lda.","foundingDate":"1975-05-21","vatID":"503365190","taxID":"503365190","duns":"452388713","numberOfEmployees":{"@type":"QuantitativeValue","minValue":"11","maxValue":"50"},"ethicsPolicy":"https:\/\/b.avgeros.me\/politicaprivacidade\/"}]}},"_links":{"self":[{"href":"https:\/\/b.avgeros.me\/fr\/wp-json\/wp\/v2\/product\/9594","targetHints":{"allow":["GET"]}}],"collection":[{"href":"https:\/\/b.avgeros.me\/fr\/wp-json\/wp\/v2\/product"}],"about":[{"href":"https:\/\/b.avgeros.me\/fr\/wp-json\/wp\/v2\/types\/product"}],"wp:featuredmedia":[{"embeddable":true,"href":"https:\/\/b.avgeros.me\/fr\/wp-json\/wp\/v2\/media\/9595"}],"wp:attachment":[{"href":"https:\/\/b.avgeros.me\/fr\/wp-json\/wp\/v2\/media?parent=9594"}],"wp:term":[{"taxonomy":"product_brand","embeddable":true,"href":"https:\/\/b.avgeros.me\/fr\/wp-json\/wp\/v2\/product_brand?post=9594"},{"taxonomy":"product_cat","embeddable":true,"href":"https:\/\/b.avgeros.me\/fr\/wp-json\/wp\/v2\/product_cat?post=9594"},{"taxonomy":"product_tag","embeddable":true,"href":"https:\/\/b.avgeros.me\/fr\/wp-json\/wp\/v2\/product_tag?post=9594"}],"curies":[{"name":"wp","href":"https:\/\/api.w.org\/{rel}","templated":true}]}}