{"id":7281,"date":"2022-03-24T23:35:35","date_gmt":"2022-03-24T22:35:35","guid":{"rendered":"https:\/\/b.avgeros.me\/?post_type=product&#038;p=7281"},"modified":"2023-07-01T00:00:31","modified_gmt":"2023-06-30T23:00:31","slug":"ervilhas-375g-iglo","status":"publish","type":"product","link":"https:\/\/b.avgeros.me\/fr\/produit\/ervilhas-375g-iglo\/","title":{"rendered":"Ervilhas (375g) [Iglo]"},"content":{"rendered":"","protected":false},"excerpt":{"rendered":"<p>As ervilhas s\u00e3o uma importante fonte de vitaminas, em particular de \u00e1cido f\u00f3lico. O consumo de \u00e1cido f\u00f3lico \u00e9 ben\u00e9fico pois contribui para o normal funcionamento do sistema imunit\u00e1rio. Com as ervilhas Iglo e a sua garantia de qualidade e frescura \u00e9 f\u00e1cil dar mais vitaminas \u00e0 sua fam\u00edlia e um sabor \u00fanico \u00e0s suas receitas.<\/p>\n<p>&nbsp;<\/p>\n[bg_collapse view=\"link\" color=\"#4a4949\" icon=\"arrow\" expand_text=\"Modo de Prepara\u00e7\u00e3o\" collapse_text=\"Esconder\" ]<\/p>\n<h3>Comment se pr\u00e9parer<\/h3>\n<p>Para preservar todo o seu valor nutritivo, aconselhamos que prepare as suas Ervilhas em pouca \u00e1gua.<\/p>\n<p><img loading=\"lazy\" decoding=\"async\" class=\"size-full wp-image-6530\" src=\"https:\/\/b.avgeros.me\/wp-content\/uploads\/2021\/11\/Forno.png\" alt=\"Four\" width=\"30\" height=\"30\" srcset=\"https:\/\/b.avgeros.me\/wp-content\/uploads\/2021\/11\/Forno.png 30w, https:\/\/b.avgeros.me\/wp-content\/uploads\/2021\/11\/Forno-12x12.png 12w\" sizes=\"auto, (max-width: 30px) 100vw, 30px\" \/><\/p>\n<p>Au four :<\/p>\n<p>Sem descongelar, coloque 160g de ervilhas num recipiente pr\u00f3prio para este microondas, e adicione 1 colher de sopa de \u00e1gua. Aque\u00e7a durante 4 minutos a 650W.<\/p>\n<p>&nbsp;<\/p>\n<p><img loading=\"lazy\" decoding=\"async\" class=\"size-full wp-image-7282\" src=\"https:\/\/b.avgeros.me\/wp-content\/uploads\/2022\/03\/panela.png\" alt=\"Panela\" width=\"30\" height=\"30\" srcset=\"https:\/\/b.avgeros.me\/wp-content\/uploads\/2022\/03\/panela.png 30w, https:\/\/b.avgeros.me\/wp-content\/uploads\/2022\/03\/panela-12x12.png 12w\" sizes=\"auto, (max-width: 30px) 100vw, 30px\" \/><\/p>\n<p>Na Panela:<\/p>\n<p>Leve uma panela ao lume com pouca \u00e1gua e sal e quando a \u00e1gua come\u00e7ar a ferver, adicione as ervilhas. Ap\u00f3s levantar fervura novamente, deixe as ervilhas cozerem em lume brando durante 8 minutos.<\/p>\n<p>[\/bg_collapse]\n<p>&nbsp;<\/p>\n<p>Embalagem com 15 sacos de 375 grs.<\/p>\n<p><strong>Marque<\/strong> Iglo<\/p>\n<h6><em>Produit congel\u00e9<\/em><\/h6>","protected":false},"featured_media":7409,"template":"","meta":[],"product_brand":[],"product_cat":[183],"product_tag":[],"class_list":{"0":"post-7281","1":"product","2":"type-product","3":"status-publish","4":"has-post-thumbnail","6":"product_cat-vegetais-embalados","8":"first","9":"instock","10":"taxable","11":"shipping-taxable","12":"purchasable","13":"product-type-simple"},"yoast_head":"<!-- This site is optimized with the Yoast SEO Premium plugin v24.6 (Yoast SEO v24.6) - https:\/\/yoast.com\/wordpress\/plugins\/seo\/ -->\n<title>Ervilhas (375g) [Iglo] - BAROSA Congelados | Manuel de Sousa Barosa, Lda.<\/title>\n<meta name=\"description\" content=\"As ervilhas s\u00e3o uma importante fonte de vitaminas, em particular de \u00e1cido f\u00f3lico. O consumo de \u00e1cido f\u00f3lico \u00e9 ben\u00e9fico pois contribui para o normal funcionamento do sistema imunit\u00e1rio.\" \/>\n<meta name=\"robots\" content=\"noindex, follow, max-snippet:-1, max-image-preview:large, max-video-preview:-1\" \/>\n<meta property=\"og:locale\" content=\"fr_FR\" \/>\n<meta property=\"og:type\" content=\"article\" \/>\n<meta property=\"og:title\" content=\"Ervilhas (375g) [Iglo]\" \/>\n<meta property=\"og:description\" content=\"As ervilhas s\u00e3o uma importante fonte de vitaminas, em particular de \u00e1cido f\u00f3lico. O consumo de \u00e1cido f\u00f3lico \u00e9 ben\u00e9fico pois contribui para o normal funcionamento do sistema imunit\u00e1rio.\" \/>\n<meta property=\"og:url\" content=\"https:\/\/b.avgeros.me\/fr\/produit\/ervilhas-375g-iglo\/\" \/>\n<meta property=\"og:site_name\" content=\"BAROSA Congelados | Manuel de Sousa Barosa, Lda.\" \/>\n<meta property=\"article:publisher\" content=\"http:\/\/www.facebook.com\/barosa\/\" \/>\n<meta property=\"article:modified_time\" content=\"2023-06-30T23:00:31+00:00\" \/>\n<meta property=\"og:image\" content=\"https:\/\/b.avgeros.me\/wp-content\/uploads\/2022\/04\/Ervilhas-375g-Iglo.jpg\" \/>\n\t<meta property=\"og:image:width\" content=\"1280\" \/>\n\t<meta property=\"og:image:height\" content=\"1280\" \/>\n\t<meta property=\"og:image:type\" content=\"image\/jpeg\" \/>\n<meta name=\"twitter:card\" content=\"summary_large_image\" \/>\n<meta name=\"twitter:site\" content=\"@barosa_lda\" \/>\n<script type=\"application\/ld+json\" class=\"yoast-schema-graph\">{\"@context\":\"https:\/\/schema.org\",\"@graph\":[{\"@type\":\"WebPage\",\"@id\":\"https:\/\/b.avgeros.me\/produto\/ervilhas-375g-iglo\/\",\"url\":\"https:\/\/b.avgeros.me\/produto\/ervilhas-375g-iglo\/\",\"name\":\"Ervilhas (375g) [Iglo] - BAROSA Congelados | Manuel de Sousa Barosa, Lda.\",\"isPartOf\":{\"@id\":\"https:\/\/b.avgeros.me\/#website\"},\"primaryImageOfPage\":{\"@id\":\"https:\/\/b.avgeros.me\/produto\/ervilhas-375g-iglo\/#primaryimage\"},\"image\":{\"@id\":\"https:\/\/b.avgeros.me\/produto\/ervilhas-375g-iglo\/#primaryimage\"},\"thumbnailUrl\":\"https:\/\/b.avgeros.me\/wp-content\/uploads\/2022\/04\/Ervilhas-375g-Iglo.jpg\",\"datePublished\":\"2022-03-24T22:35:35+00:00\",\"dateModified\":\"2023-06-30T23:00:31+00:00\",\"description\":\"As ervilhas s\u00e3o uma importante fonte de vitaminas, em particular de \u00e1cido f\u00f3lico. O consumo de \u00e1cido f\u00f3lico \u00e9 ben\u00e9fico pois contribui para o normal funcionamento do sistema imunit\u00e1rio.\",\"breadcrumb\":{\"@id\":\"https:\/\/b.avgeros.me\/produto\/ervilhas-375g-iglo\/#breadcrumb\"},\"inLanguage\":\"fr-FR\",\"potentialAction\":[{\"@type\":\"ReadAction\",\"target\":[\"https:\/\/b.avgeros.me\/produto\/ervilhas-375g-iglo\/\"]}]},{\"@type\":\"ImageObject\",\"inLanguage\":\"fr-FR\",\"@id\":\"https:\/\/b.avgeros.me\/produto\/ervilhas-375g-iglo\/#primaryimage\",\"url\":\"https:\/\/b.avgeros.me\/wp-content\/uploads\/2022\/04\/Ervilhas-375g-Iglo.jpg\",\"contentUrl\":\"https:\/\/b.avgeros.me\/wp-content\/uploads\/2022\/04\/Ervilhas-375g-Iglo.jpg\",\"width\":1280,\"height\":1280,\"caption\":\"Ervilhas (375g) [Iglo]\"},{\"@type\":\"BreadcrumbList\",\"@id\":\"https:\/\/b.avgeros.me\/produto\/ervilhas-375g-iglo\/#breadcrumb\",\"itemListElement\":[{\"@type\":\"ListItem\",\"position\":1,\"name\":\"In\u00edcio\",\"item\":\"https:\/\/b.avgeros.me\/\"},{\"@type\":\"ListItem\",\"position\":2,\"name\":\"Shop\",\"item\":\"https:\/\/b.avgeros.me\/shop\/\"},{\"@type\":\"ListItem\",\"position\":3,\"name\":\"Ervilhas (375g) [Iglo]\"}]},{\"@type\":\"WebSite\",\"@id\":\"https:\/\/b.avgeros.me\/#website\",\"url\":\"https:\/\/b.avgeros.me\/\",\"name\":\"BAROSA Congelados | Manuel de Sousa Barosa, Lda.\",\"description\":\"Empresa de transforma\u00e7\u00e3o e comercializa\u00e7\u00e3o de produtos alimentares congelados. BAROSA \u00ae Pescados, &quot;N\u00e3o h\u00e1 bom garfo que resista\u00ae&quot;. BAROSA \u00ae FoodService &quot;O lado bom da comida\u00ae&quot;. Pescados Crust\u00e1ceos Mariscos Cefal\u00f3podes Bivalves Padaria Pastelaria Pizzas Sobremesas\",\"publisher\":{\"@id\":\"https:\/\/b.avgeros.me\/#organization\"},\"alternateName\":\"BAROSA\u00ae\",\"potentialAction\":[{\"@type\":\"SearchAction\",\"target\":{\"@type\":\"EntryPoint\",\"urlTemplate\":\"https:\/\/b.avgeros.me\/?s={search_term_string}\"},\"query-input\":{\"@type\":\"PropertyValueSpecification\",\"valueRequired\":true,\"valueName\":\"search_term_string\"}}],\"inLanguage\":\"fr-FR\"},{\"@type\":\"Organization\",\"@id\":\"https:\/\/b.avgeros.me\/#organization\",\"name\":\"Manuel de Sousa Barosa, Lda.\",\"alternateName\":\"BAROSA\",\"url\":\"https:\/\/b.avgeros.me\/\",\"logo\":{\"@type\":\"ImageObject\",\"inLanguage\":\"fr-FR\",\"@id\":\"https:\/\/b.avgeros.me\/#\/schema\/logo\/image\/\",\"url\":\"https:\/\/b.avgeros.me\/wp-content\/uploads\/2025\/03\/BAROSA-Logo-696x696-1.jpg\",\"contentUrl\":\"https:\/\/b.avgeros.me\/wp-content\/uploads\/2025\/03\/BAROSA-Logo-696x696-1.jpg\",\"width\":696,\"height\":696,\"caption\":\"Manuel de Sousa Barosa, Lda.\"},\"image\":{\"@id\":\"https:\/\/b.avgeros.me\/#\/schema\/logo\/image\/\"},\"sameAs\":[\"http:\/\/www.facebook.com\/barosa\/\",\"https:\/\/x.com\/barosa_lda\",\"https:\/\/www.instagram.com\/barosa_lda\/\",\"https:\/\/pt.linkedin.com\/company\/barosa-lda\"],\"description\":\"Empresa de transforma\u00e7\u00e3o e comercializa\u00e7\u00e3o de produtos alimentares congelados. BAROSA \u00ae Pescados, \\\"N\u00e3o h\u00e1 bom garfo que resista\u00ae\\\". BAROSA \u00ae FoodService \\\"O lado bom da comida!\u00ae\\\"\",\"email\":\"info@barosa.com\",\"telephone\":\"+351 262824403\",\"legalName\":\"Manuel de Sousa Barosa, Lda.\",\"foundingDate\":\"1975-05-21\",\"vatID\":\"503365190\",\"taxID\":\"503365190\",\"duns\":\"452388713\",\"numberOfEmployees\":{\"@type\":\"QuantitativeValue\",\"minValue\":\"11\",\"maxValue\":\"50\"},\"ethicsPolicy\":\"https:\/\/b.avgeros.me\/politicaprivacidade\/\"}]}<\/script>\n<!-- \/ Yoast SEO Premium plugin. -->","yoast_head_json":{"title":"Ervilhas (375g) [Iglo] - BAROSA Congelados | Manuel de Sousa Barosa, Lda.","description":"As ervilhas s\u00e3o uma importante fonte de vitaminas, em particular de \u00e1cido f\u00f3lico. O consumo de \u00e1cido f\u00f3lico \u00e9 ben\u00e9fico pois contribui para o normal funcionamento do sistema imunit\u00e1rio.","robots":{"index":"noindex","follow":"follow","max-snippet":"max-snippet:-1","max-image-preview":"max-image-preview:large","max-video-preview":"max-video-preview:-1"},"og_locale":"fr_FR","og_type":"article","og_title":"Ervilhas (375g) [Iglo]","og_description":"As ervilhas s\u00e3o uma importante fonte de vitaminas, em particular de \u00e1cido f\u00f3lico. O consumo de \u00e1cido f\u00f3lico \u00e9 ben\u00e9fico pois contribui para o normal funcionamento do sistema imunit\u00e1rio.","og_url":"https:\/\/b.avgeros.me\/fr\/produit\/ervilhas-375g-iglo\/","og_site_name":"BAROSA Congelados | Manuel de Sousa Barosa, Lda.","article_publisher":"http:\/\/www.facebook.com\/barosa\/","article_modified_time":"2023-06-30T23:00:31+00:00","og_image":[{"width":1280,"height":1280,"url":"https:\/\/b.avgeros.me\/wp-content\/uploads\/2022\/04\/Ervilhas-375g-Iglo.jpg","type":"image\/jpeg"}],"twitter_card":"summary_large_image","twitter_site":"@barosa_lda","schema":{"@context":"https:\/\/schema.org","@graph":[{"@type":"WebPage","@id":"https:\/\/b.avgeros.me\/produto\/ervilhas-375g-iglo\/","url":"https:\/\/b.avgeros.me\/produto\/ervilhas-375g-iglo\/","name":"Ervilhas (375g) [Iglo] - BAROSA Congelados | Manuel de Sousa Barosa, Lda.","isPartOf":{"@id":"https:\/\/b.avgeros.me\/#website"},"primaryImageOfPage":{"@id":"https:\/\/b.avgeros.me\/produto\/ervilhas-375g-iglo\/#primaryimage"},"image":{"@id":"https:\/\/b.avgeros.me\/produto\/ervilhas-375g-iglo\/#primaryimage"},"thumbnailUrl":"https:\/\/b.avgeros.me\/wp-content\/uploads\/2022\/04\/Ervilhas-375g-Iglo.jpg","datePublished":"2022-03-24T22:35:35+00:00","dateModified":"2023-06-30T23:00:31+00:00","description":"As ervilhas s\u00e3o uma importante fonte de vitaminas, em particular de \u00e1cido f\u00f3lico. O consumo de \u00e1cido f\u00f3lico \u00e9 ben\u00e9fico pois contribui para o normal funcionamento do sistema imunit\u00e1rio.","breadcrumb":{"@id":"https:\/\/b.avgeros.me\/produto\/ervilhas-375g-iglo\/#breadcrumb"},"inLanguage":"fr-FR","potentialAction":[{"@type":"ReadAction","target":["https:\/\/b.avgeros.me\/produto\/ervilhas-375g-iglo\/"]}]},{"@type":"ImageObject","inLanguage":"fr-FR","@id":"https:\/\/b.avgeros.me\/produto\/ervilhas-375g-iglo\/#primaryimage","url":"https:\/\/b.avgeros.me\/wp-content\/uploads\/2022\/04\/Ervilhas-375g-Iglo.jpg","contentUrl":"https:\/\/b.avgeros.me\/wp-content\/uploads\/2022\/04\/Ervilhas-375g-Iglo.jpg","width":1280,"height":1280,"caption":"Ervilhas (375g) [Iglo]"},{"@type":"BreadcrumbList","@id":"https:\/\/b.avgeros.me\/produto\/ervilhas-375g-iglo\/#breadcrumb","itemListElement":[{"@type":"ListItem","position":1,"name":"In\u00edcio","item":"https:\/\/b.avgeros.me\/"},{"@type":"ListItem","position":2,"name":"Shop","item":"https:\/\/b.avgeros.me\/shop\/"},{"@type":"ListItem","position":3,"name":"Ervilhas (375g) [Iglo]"}]},{"@type":"WebSite","@id":"https:\/\/b.avgeros.me\/#website","url":"https:\/\/b.avgeros.me\/","name":"BAROSA Congelados | Manuel de Sousa Barosa, Lda.","description":"Empresa de transforma\u00e7\u00e3o e comercializa\u00e7\u00e3o de produtos alimentares congelados. BAROSA \u00ae Pescados, &quot;N\u00e3o h\u00e1 bom garfo que resista\u00ae&quot;. BAROSA \u00ae FoodService &quot;O lado bom da comida\u00ae&quot;. Pescados Crust\u00e1ceos Mariscos Cefal\u00f3podes Bivalves Padaria Pastelaria Pizzas Sobremesas","publisher":{"@id":"https:\/\/b.avgeros.me\/#organization"},"alternateName":"BAROSA\u00ae","potentialAction":[{"@type":"SearchAction","target":{"@type":"EntryPoint","urlTemplate":"https:\/\/b.avgeros.me\/?s={search_term_string}"},"query-input":{"@type":"PropertyValueSpecification","valueRequired":true,"valueName":"search_term_string"}}],"inLanguage":"fr-FR"},{"@type":"Organization","@id":"https:\/\/b.avgeros.me\/#organization","name":"Manuel de Sousa Barosa, Lda.","alternateName":"BAROSA","url":"https:\/\/b.avgeros.me\/","logo":{"@type":"ImageObject","inLanguage":"fr-FR","@id":"https:\/\/b.avgeros.me\/#\/schema\/logo\/image\/","url":"https:\/\/b.avgeros.me\/wp-content\/uploads\/2025\/03\/BAROSA-Logo-696x696-1.jpg","contentUrl":"https:\/\/b.avgeros.me\/wp-content\/uploads\/2025\/03\/BAROSA-Logo-696x696-1.jpg","width":696,"height":696,"caption":"Manuel de Sousa Barosa, Lda."},"image":{"@id":"https:\/\/b.avgeros.me\/#\/schema\/logo\/image\/"},"sameAs":["http:\/\/www.facebook.com\/barosa\/","https:\/\/x.com\/barosa_lda","https:\/\/www.instagram.com\/barosa_lda\/","https:\/\/pt.linkedin.com\/company\/barosa-lda"],"description":"Empresa de transforma\u00e7\u00e3o e comercializa\u00e7\u00e3o de produtos alimentares congelados. BAROSA \u00ae Pescados, \"N\u00e3o h\u00e1 bom garfo que resista\u00ae\". BAROSA \u00ae FoodService \"O lado bom da comida!\u00ae\"","email":"info@barosa.com","telephone":"+351 262824403","legalName":"Manuel de Sousa Barosa, Lda.","foundingDate":"1975-05-21","vatID":"503365190","taxID":"503365190","duns":"452388713","numberOfEmployees":{"@type":"QuantitativeValue","minValue":"11","maxValue":"50"},"ethicsPolicy":"https:\/\/b.avgeros.me\/politicaprivacidade\/"}]}},"_links":{"self":[{"href":"https:\/\/b.avgeros.me\/fr\/wp-json\/wp\/v2\/product\/7281","targetHints":{"allow":["GET"]}}],"collection":[{"href":"https:\/\/b.avgeros.me\/fr\/wp-json\/wp\/v2\/product"}],"about":[{"href":"https:\/\/b.avgeros.me\/fr\/wp-json\/wp\/v2\/types\/product"}],"wp:featuredmedia":[{"embeddable":true,"href":"https:\/\/b.avgeros.me\/fr\/wp-json\/wp\/v2\/media\/7409"}],"wp:attachment":[{"href":"https:\/\/b.avgeros.me\/fr\/wp-json\/wp\/v2\/media?parent=7281"}],"wp:term":[{"taxonomy":"product_brand","embeddable":true,"href":"https:\/\/b.avgeros.me\/fr\/wp-json\/wp\/v2\/product_brand?post=7281"},{"taxonomy":"product_cat","embeddable":true,"href":"https:\/\/b.avgeros.me\/fr\/wp-json\/wp\/v2\/product_cat?post=7281"},{"taxonomy":"product_tag","embeddable":true,"href":"https:\/\/b.avgeros.me\/fr\/wp-json\/wp\/v2\/product_tag?post=7281"}],"curies":[{"name":"wp","href":"https:\/\/api.w.org\/{rel}","templated":true}]}}