{"id":6946,"date":"2022-03-13T23:05:57","date_gmt":"2022-03-13T22:05:57","guid":{"rendered":"https:\/\/b.avgeros.me\/?post_type=product&#038;p=6946"},"modified":"2025-03-01T00:00:13","modified_gmt":"2025-03-01T00:00:13","slug":"multipack-cornetto-mini-classico-t-h","status":"publish","type":"product","link":"https:\/\/b.avgeros.me\/fr\/produit\/multipack-cornetto-mini-classico-t-h\/","title":{"rendered":"Multipack Cornetto Mini Cl\u00e1ssico \u2013 T.H."},"content":{"rendered":"","protected":false},"excerpt":{"rendered":"<p>Todo o sabor do cremoso gelado de nata com crocantes peda\u00e7os de avel\u00e3 e merengue na coroa e um estaladi\u00e7o cone de bolacha forrado com chocolate no interior, agora em formato mini.<\/p>\n<p>Caixa com 7 embalagens<\/p>\n<p><strong>Marque<\/strong> Ol\u00e1<\/p>\n<h6><em>Produit congel\u00e9<\/em><\/h6>","protected":false},"featured_media":6947,"template":"","meta":[],"product_brand":[],"product_cat":[516],"product_tag":[],"class_list":{"0":"post-6946","1":"product","2":"type-product","3":"status-publish","4":"has-post-thumbnail","6":"product_cat-gelados-in-home","8":"first","9":"instock","10":"taxable","11":"shipping-taxable","12":"purchasable","13":"product-type-simple"},"yoast_head":"<!-- This site is optimized with the Yoast SEO Premium plugin v24.6 (Yoast SEO v24.6) - https:\/\/yoast.com\/wordpress\/plugins\/seo\/ -->\n<title>Multipack Cornetto Mini Cl\u00e1ssico \u2013 T.H. - BAROSA Congelados | Manuel de Sousa Barosa, Lda.<\/title>\n<meta name=\"description\" content=\"Cremoso gelado de nata com crocantes peda\u00e7os de avel\u00e3 e merengue na coroa e um estaladi\u00e7o cone de bolacha forrado com chocolate no interior.\" \/>\n<meta name=\"robots\" content=\"noindex, follow, max-snippet:-1, max-image-preview:large, max-video-preview:-1\" \/>\n<meta property=\"og:locale\" content=\"fr_FR\" \/>\n<meta property=\"og:type\" content=\"article\" \/>\n<meta property=\"og:title\" content=\"Multipack Cornetto Mini Cl\u00e1ssico \u2013 T.H.\" \/>\n<meta property=\"og:description\" content=\"Cremoso gelado de nata com crocantes peda\u00e7os de avel\u00e3 e merengue na coroa e um estaladi\u00e7o cone de bolacha forrado com chocolate no interior.\" \/>\n<meta property=\"og:url\" content=\"https:\/\/b.avgeros.me\/fr\/produit\/multipack-cornetto-mini-classico-t-h\/\" \/>\n<meta property=\"og:site_name\" content=\"BAROSA Congelados | Manuel de Sousa Barosa, Lda.\" \/>\n<meta property=\"article:publisher\" content=\"http:\/\/www.facebook.com\/barosa\/\" \/>\n<meta property=\"article:modified_time\" content=\"2025-03-01T00:00:13+00:00\" \/>\n<meta property=\"og:image\" content=\"https:\/\/b.avgeros.me\/wp-content\/uploads\/2022\/03\/Multipack-Cornetto-Mini-Classico-TH.jpg\" \/>\n\t<meta property=\"og:image:width\" content=\"1280\" \/>\n\t<meta property=\"og:image:height\" content=\"1280\" \/>\n\t<meta property=\"og:image:type\" content=\"image\/jpeg\" \/>\n<meta name=\"twitter:card\" content=\"summary_large_image\" \/>\n<meta name=\"twitter:site\" content=\"@barosa_lda\" \/>\n<meta name=\"twitter:label1\" content=\"Dur\u00e9e de lecture estim\u00e9e\" \/>\n\t<meta name=\"twitter:data1\" content=\"1 minute\" \/>\n<script type=\"application\/ld+json\" class=\"yoast-schema-graph\">{\"@context\":\"https:\/\/schema.org\",\"@graph\":[{\"@type\":\"WebPage\",\"@id\":\"https:\/\/b.avgeros.me\/produto\/multipack-cornetto-mini-classico-t-h\/\",\"url\":\"https:\/\/b.avgeros.me\/produto\/multipack-cornetto-mini-classico-t-h\/\",\"name\":\"Multipack Cornetto Mini Cl\u00e1ssico \u2013 T.H. - BAROSA Congelados | Manuel de Sousa Barosa, Lda.\",\"isPartOf\":{\"@id\":\"https:\/\/b.avgeros.me\/#website\"},\"primaryImageOfPage\":{\"@id\":\"https:\/\/b.avgeros.me\/produto\/multipack-cornetto-mini-classico-t-h\/#primaryimage\"},\"image\":{\"@id\":\"https:\/\/b.avgeros.me\/produto\/multipack-cornetto-mini-classico-t-h\/#primaryimage\"},\"thumbnailUrl\":\"https:\/\/b.avgeros.me\/wp-content\/uploads\/2022\/03\/Multipack-Cornetto-Mini-Classico-TH.jpg\",\"datePublished\":\"2022-03-13T22:05:57+00:00\",\"dateModified\":\"2025-03-01T00:00:13+00:00\",\"description\":\"Cremoso gelado de nata com crocantes peda\u00e7os de avel\u00e3 e merengue na coroa e um estaladi\u00e7o cone de bolacha forrado com chocolate no interior.\",\"breadcrumb\":{\"@id\":\"https:\/\/b.avgeros.me\/produto\/multipack-cornetto-mini-classico-t-h\/#breadcrumb\"},\"inLanguage\":\"fr-FR\",\"potentialAction\":[{\"@type\":\"ReadAction\",\"target\":[\"https:\/\/b.avgeros.me\/produto\/multipack-cornetto-mini-classico-t-h\/\"]}]},{\"@type\":\"ImageObject\",\"inLanguage\":\"fr-FR\",\"@id\":\"https:\/\/b.avgeros.me\/produto\/multipack-cornetto-mini-classico-t-h\/#primaryimage\",\"url\":\"https:\/\/b.avgeros.me\/wp-content\/uploads\/2022\/03\/Multipack-Cornetto-Mini-Classico-TH.jpg\",\"contentUrl\":\"https:\/\/b.avgeros.me\/wp-content\/uploads\/2022\/03\/Multipack-Cornetto-Mini-Classico-TH.jpg\",\"width\":1280,\"height\":1280,\"caption\":\"Multipack Cornetto Mini Cl\u00e1ssico \u2013 T.H.\"},{\"@type\":\"BreadcrumbList\",\"@id\":\"https:\/\/b.avgeros.me\/produto\/multipack-cornetto-mini-classico-t-h\/#breadcrumb\",\"itemListElement\":[{\"@type\":\"ListItem\",\"position\":1,\"name\":\"In\u00edcio\",\"item\":\"https:\/\/b.avgeros.me\/\"},{\"@type\":\"ListItem\",\"position\":2,\"name\":\"Shop\",\"item\":\"https:\/\/b.avgeros.me\/shop\/\"},{\"@type\":\"ListItem\",\"position\":3,\"name\":\"Multipack Cornetto Mini Cl\u00e1ssico \u2013 T.H.\"}]},{\"@type\":\"WebSite\",\"@id\":\"https:\/\/b.avgeros.me\/#website\",\"url\":\"https:\/\/b.avgeros.me\/\",\"name\":\"BAROSA Congelados | Manuel de Sousa Barosa, Lda.\",\"description\":\"Empresa de transforma\u00e7\u00e3o e comercializa\u00e7\u00e3o de produtos alimentares congelados. BAROSA \u00ae Pescados, &quot;N\u00e3o h\u00e1 bom garfo que resista\u00ae&quot;. BAROSA \u00ae FoodService &quot;O lado bom da comida\u00ae&quot;. Pescados Crust\u00e1ceos Mariscos Cefal\u00f3podes Bivalves Padaria Pastelaria Pizzas Sobremesas\",\"publisher\":{\"@id\":\"https:\/\/b.avgeros.me\/#organization\"},\"alternateName\":\"BAROSA\u00ae\",\"potentialAction\":[{\"@type\":\"SearchAction\",\"target\":{\"@type\":\"EntryPoint\",\"urlTemplate\":\"https:\/\/b.avgeros.me\/?s={search_term_string}\"},\"query-input\":{\"@type\":\"PropertyValueSpecification\",\"valueRequired\":true,\"valueName\":\"search_term_string\"}}],\"inLanguage\":\"fr-FR\"},{\"@type\":\"Organization\",\"@id\":\"https:\/\/b.avgeros.me\/#organization\",\"name\":\"Manuel de Sousa Barosa, Lda.\",\"alternateName\":\"BAROSA\",\"url\":\"https:\/\/b.avgeros.me\/\",\"logo\":{\"@type\":\"ImageObject\",\"inLanguage\":\"fr-FR\",\"@id\":\"https:\/\/b.avgeros.me\/#\/schema\/logo\/image\/\",\"url\":\"https:\/\/b.avgeros.me\/wp-content\/uploads\/2025\/03\/BAROSA-Logo-696x696-1.jpg\",\"contentUrl\":\"https:\/\/b.avgeros.me\/wp-content\/uploads\/2025\/03\/BAROSA-Logo-696x696-1.jpg\",\"width\":696,\"height\":696,\"caption\":\"Manuel de Sousa Barosa, Lda.\"},\"image\":{\"@id\":\"https:\/\/b.avgeros.me\/#\/schema\/logo\/image\/\"},\"sameAs\":[\"http:\/\/www.facebook.com\/barosa\/\",\"https:\/\/x.com\/barosa_lda\",\"https:\/\/www.instagram.com\/barosa_lda\/\",\"https:\/\/pt.linkedin.com\/company\/barosa-lda\"],\"description\":\"Empresa de transforma\u00e7\u00e3o e comercializa\u00e7\u00e3o de produtos alimentares congelados. BAROSA \u00ae Pescados, \\\"N\u00e3o h\u00e1 bom garfo que resista\u00ae\\\". BAROSA \u00ae FoodService \\\"O lado bom da comida!\u00ae\\\"\",\"email\":\"info@barosa.com\",\"telephone\":\"+351 262824403\",\"legalName\":\"Manuel de Sousa Barosa, Lda.\",\"foundingDate\":\"1975-05-21\",\"vatID\":\"503365190\",\"taxID\":\"503365190\",\"duns\":\"452388713\",\"numberOfEmployees\":{\"@type\":\"QuantitativeValue\",\"minValue\":\"11\",\"maxValue\":\"50\"},\"ethicsPolicy\":\"https:\/\/b.avgeros.me\/politicaprivacidade\/\"}]}<\/script>\n<!-- \/ Yoast SEO Premium plugin. -->","yoast_head_json":{"title":"Multipack Cornetto Mini Cl\u00e1ssico \u2013 T.H. - BAROSA Congelados | Manuel de Sousa Barosa, Lda.","description":"Cremoso gelado de nata com crocantes peda\u00e7os de avel\u00e3 e merengue na coroa e um estaladi\u00e7o cone de bolacha forrado com chocolate no interior.","robots":{"index":"noindex","follow":"follow","max-snippet":"max-snippet:-1","max-image-preview":"max-image-preview:large","max-video-preview":"max-video-preview:-1"},"og_locale":"fr_FR","og_type":"article","og_title":"Multipack Cornetto Mini Cl\u00e1ssico \u2013 T.H.","og_description":"Cremoso gelado de nata com crocantes peda\u00e7os de avel\u00e3 e merengue na coroa e um estaladi\u00e7o cone de bolacha forrado com chocolate no interior.","og_url":"https:\/\/b.avgeros.me\/fr\/produit\/multipack-cornetto-mini-classico-t-h\/","og_site_name":"BAROSA Congelados | Manuel de Sousa Barosa, Lda.","article_publisher":"http:\/\/www.facebook.com\/barosa\/","article_modified_time":"2025-03-01T00:00:13+00:00","og_image":[{"width":1280,"height":1280,"url":"https:\/\/b.avgeros.me\/wp-content\/uploads\/2022\/03\/Multipack-Cornetto-Mini-Classico-TH.jpg","type":"image\/jpeg"}],"twitter_card":"summary_large_image","twitter_site":"@barosa_lda","twitter_misc":{"Dur\u00e9e de lecture estim\u00e9e":"1 minute"},"schema":{"@context":"https:\/\/schema.org","@graph":[{"@type":"WebPage","@id":"https:\/\/b.avgeros.me\/produto\/multipack-cornetto-mini-classico-t-h\/","url":"https:\/\/b.avgeros.me\/produto\/multipack-cornetto-mini-classico-t-h\/","name":"Multipack Cornetto Mini Cl\u00e1ssico \u2013 T.H. - BAROSA Congelados | Manuel de Sousa Barosa, Lda.","isPartOf":{"@id":"https:\/\/b.avgeros.me\/#website"},"primaryImageOfPage":{"@id":"https:\/\/b.avgeros.me\/produto\/multipack-cornetto-mini-classico-t-h\/#primaryimage"},"image":{"@id":"https:\/\/b.avgeros.me\/produto\/multipack-cornetto-mini-classico-t-h\/#primaryimage"},"thumbnailUrl":"https:\/\/b.avgeros.me\/wp-content\/uploads\/2022\/03\/Multipack-Cornetto-Mini-Classico-TH.jpg","datePublished":"2022-03-13T22:05:57+00:00","dateModified":"2025-03-01T00:00:13+00:00","description":"Cremoso gelado de nata com crocantes peda\u00e7os de avel\u00e3 e merengue na coroa e um estaladi\u00e7o cone de bolacha forrado com chocolate no interior.","breadcrumb":{"@id":"https:\/\/b.avgeros.me\/produto\/multipack-cornetto-mini-classico-t-h\/#breadcrumb"},"inLanguage":"fr-FR","potentialAction":[{"@type":"ReadAction","target":["https:\/\/b.avgeros.me\/produto\/multipack-cornetto-mini-classico-t-h\/"]}]},{"@type":"ImageObject","inLanguage":"fr-FR","@id":"https:\/\/b.avgeros.me\/produto\/multipack-cornetto-mini-classico-t-h\/#primaryimage","url":"https:\/\/b.avgeros.me\/wp-content\/uploads\/2022\/03\/Multipack-Cornetto-Mini-Classico-TH.jpg","contentUrl":"https:\/\/b.avgeros.me\/wp-content\/uploads\/2022\/03\/Multipack-Cornetto-Mini-Classico-TH.jpg","width":1280,"height":1280,"caption":"Multipack Cornetto Mini Cl\u00e1ssico \u2013 T.H."},{"@type":"BreadcrumbList","@id":"https:\/\/b.avgeros.me\/produto\/multipack-cornetto-mini-classico-t-h\/#breadcrumb","itemListElement":[{"@type":"ListItem","position":1,"name":"In\u00edcio","item":"https:\/\/b.avgeros.me\/"},{"@type":"ListItem","position":2,"name":"Shop","item":"https:\/\/b.avgeros.me\/shop\/"},{"@type":"ListItem","position":3,"name":"Multipack Cornetto Mini Cl\u00e1ssico \u2013 T.H."}]},{"@type":"WebSite","@id":"https:\/\/b.avgeros.me\/#website","url":"https:\/\/b.avgeros.me\/","name":"BAROSA Congelados | Manuel de Sousa Barosa, Lda.","description":"Empresa de transforma\u00e7\u00e3o e comercializa\u00e7\u00e3o de produtos alimentares congelados. BAROSA \u00ae Pescados, &quot;N\u00e3o h\u00e1 bom garfo que resista\u00ae&quot;. BAROSA \u00ae FoodService &quot;O lado bom da comida\u00ae&quot;. Pescados Crust\u00e1ceos Mariscos Cefal\u00f3podes Bivalves Padaria Pastelaria Pizzas Sobremesas","publisher":{"@id":"https:\/\/b.avgeros.me\/#organization"},"alternateName":"BAROSA\u00ae","potentialAction":[{"@type":"SearchAction","target":{"@type":"EntryPoint","urlTemplate":"https:\/\/b.avgeros.me\/?s={search_term_string}"},"query-input":{"@type":"PropertyValueSpecification","valueRequired":true,"valueName":"search_term_string"}}],"inLanguage":"fr-FR"},{"@type":"Organization","@id":"https:\/\/b.avgeros.me\/#organization","name":"Manuel de Sousa Barosa, Lda.","alternateName":"BAROSA","url":"https:\/\/b.avgeros.me\/","logo":{"@type":"ImageObject","inLanguage":"fr-FR","@id":"https:\/\/b.avgeros.me\/#\/schema\/logo\/image\/","url":"https:\/\/b.avgeros.me\/wp-content\/uploads\/2025\/03\/BAROSA-Logo-696x696-1.jpg","contentUrl":"https:\/\/b.avgeros.me\/wp-content\/uploads\/2025\/03\/BAROSA-Logo-696x696-1.jpg","width":696,"height":696,"caption":"Manuel de Sousa Barosa, Lda."},"image":{"@id":"https:\/\/b.avgeros.me\/#\/schema\/logo\/image\/"},"sameAs":["http:\/\/www.facebook.com\/barosa\/","https:\/\/x.com\/barosa_lda","https:\/\/www.instagram.com\/barosa_lda\/","https:\/\/pt.linkedin.com\/company\/barosa-lda"],"description":"Empresa de transforma\u00e7\u00e3o e comercializa\u00e7\u00e3o de produtos alimentares congelados. BAROSA \u00ae Pescados, \"N\u00e3o h\u00e1 bom garfo que resista\u00ae\". BAROSA \u00ae FoodService \"O lado bom da comida!\u00ae\"","email":"info@barosa.com","telephone":"+351 262824403","legalName":"Manuel de Sousa Barosa, Lda.","foundingDate":"1975-05-21","vatID":"503365190","taxID":"503365190","duns":"452388713","numberOfEmployees":{"@type":"QuantitativeValue","minValue":"11","maxValue":"50"},"ethicsPolicy":"https:\/\/b.avgeros.me\/politicaprivacidade\/"}]}},"_links":{"self":[{"href":"https:\/\/b.avgeros.me\/fr\/wp-json\/wp\/v2\/product\/6946","targetHints":{"allow":["GET"]}}],"collection":[{"href":"https:\/\/b.avgeros.me\/fr\/wp-json\/wp\/v2\/product"}],"about":[{"href":"https:\/\/b.avgeros.me\/fr\/wp-json\/wp\/v2\/types\/product"}],"wp:featuredmedia":[{"embeddable":true,"href":"https:\/\/b.avgeros.me\/fr\/wp-json\/wp\/v2\/media\/6947"}],"wp:attachment":[{"href":"https:\/\/b.avgeros.me\/fr\/wp-json\/wp\/v2\/media?parent=6946"}],"wp:term":[{"taxonomy":"product_brand","embeddable":true,"href":"https:\/\/b.avgeros.me\/fr\/wp-json\/wp\/v2\/product_brand?post=6946"},{"taxonomy":"product_cat","embeddable":true,"href":"https:\/\/b.avgeros.me\/fr\/wp-json\/wp\/v2\/product_cat?post=6946"},{"taxonomy":"product_tag","embeddable":true,"href":"https:\/\/b.avgeros.me\/fr\/wp-json\/wp\/v2\/product_tag?post=6946"}],"curies":[{"name":"wp","href":"https:\/\/api.w.org\/{rel}","templated":true}]}}