{"id":6438,"date":"2021-07-21T14:57:26","date_gmt":"2021-07-21T14:57:26","guid":{"rendered":"https:\/\/b.avgeros.me\/?post_type=product&#038;p=6438"},"modified":"2024-05-01T00:00:09","modified_gmt":"2024-04-30T23:00:09","slug":"bola-de-berlim-com-creme-120g-2","status":"publish","type":"product","link":"https:\/\/b.avgeros.me\/fr\/produit\/bola-de-berlim-com-creme-120g-2\/","title":{"rendered":"Berliner \u00e0 la cr\u00e8me 120g"},"content":{"rendered":"","protected":false},"excerpt":{"rendered":"<p>Type d'emballage:<\/p>\n<ul>\n<li>Bo\u00eete de 24 unit\u00e9s<\/li>\n<li>Poids unitaire: 120 grs<\/li>\n<\/ul>\n<p>La boule de Berlin est un g\u00e2teau traditionnel similaire au Berliner allemand, dont la recette est arriv\u00e9e au Portugal pendant la Seconde Guerre mondiale gr\u00e2ce \u00e0 des r\u00e9fugi\u00e9s juifs et qui a connu un succ\u00e8s imm\u00e9diat. Comme le bonbon allemand, il est saupoudr\u00e9 de sucre, mais alors que le Berliner est garni principalement de bonbons rouges (fraises, framboises, etc.), la boule de berlin est fourr\u00e9e de cr\u00e8me p\u00e2tissi\u00e8re.<\/p>\n<p>La marque: Barosa<\/p>\n<h6><em>Produit congel\u00e9<\/em><\/h6>","protected":false},"featured_media":8143,"template":"","meta":[],"product_brand":[],"product_cat":[220],"product_tag":[],"class_list":{"0":"post-6438","1":"product","2":"type-product","3":"status-publish","4":"has-post-thumbnail","6":"product_cat-pastelaria-pequena","8":"first","9":"outofstock","10":"taxable","11":"shipping-taxable","12":"purchasable","13":"product-type-simple"},"yoast_head":"<!-- This site is optimized with the Yoast SEO Premium plugin v24.6 (Yoast SEO v24.6) - https:\/\/yoast.com\/wordpress\/plugins\/seo\/ -->\n<title>Bola de Berlim com Creme 120g - BAROSA Congelados | Manuel de Sousa Barosa, Lda.<\/title>\n<meta name=\"description\" content=\"O Berliner Pfannkuchen \u00e9 uma pastelaria tradicional alem\u00e3 semelhante a um donut sem furo central, feita a partir de massa de levedura frita em gordura ou \u00f3leo, com ou sem recheio e geralmente glac\u00ea, a\u00e7\u00facar em p\u00f3 ou a\u00e7\u00facar convencional por cima.\" \/>\n<meta name=\"robots\" content=\"noindex, follow, max-snippet:-1, max-image-preview:large, max-video-preview:-1\" \/>\n<meta property=\"og:locale\" content=\"fr_FR\" \/>\n<meta property=\"og:type\" content=\"article\" \/>\n<meta property=\"og:title\" content=\"Bola de Berlim com Creme 120g\" \/>\n<meta property=\"og:description\" content=\"O Berliner Pfannkuchen \u00e9 uma pastelaria tradicional alem\u00e3 semelhante a um donut sem furo central, feita a partir de massa de levedura frita em gordura ou \u00f3leo, com ou sem recheio e geralmente glac\u00ea, a\u00e7\u00facar em p\u00f3 ou a\u00e7\u00facar convencional por cima.\" \/>\n<meta property=\"og:url\" content=\"https:\/\/b.avgeros.me\/fr\/produit\/bola-de-berlim-com-creme-120g-2\/\" \/>\n<meta property=\"og:site_name\" content=\"BAROSA Congelados | Manuel de Sousa Barosa, Lda.\" \/>\n<meta property=\"article:publisher\" content=\"http:\/\/www.facebook.com\/barosa\/\" \/>\n<meta property=\"article:modified_time\" content=\"2024-04-30T23:00:09+00:00\" \/>\n<meta property=\"og:image\" content=\"https:\/\/b.avgeros.me\/wp-content\/uploads\/2022\/08\/Bolas-de-Berlim-com-Creme-Copia.jpg\" \/>\n\t<meta property=\"og:image:width\" content=\"1280\" \/>\n\t<meta property=\"og:image:height\" content=\"1280\" \/>\n\t<meta property=\"og:image:type\" content=\"image\/jpeg\" \/>\n<meta name=\"twitter:card\" content=\"summary_large_image\" \/>\n<meta name=\"twitter:site\" content=\"@barosa_lda\" \/>\n<meta name=\"twitter:label1\" content=\"Dur\u00e9e de lecture estim\u00e9e\" \/>\n\t<meta name=\"twitter:data1\" content=\"1 minute\" \/>\n<script type=\"application\/ld+json\" class=\"yoast-schema-graph\">{\"@context\":\"https:\/\/schema.org\",\"@graph\":[{\"@type\":\"WebPage\",\"@id\":\"https:\/\/b.avgeros.me\/produto\/bola-de-berlim-com-creme-120g-2\/\",\"url\":\"https:\/\/b.avgeros.me\/produto\/bola-de-berlim-com-creme-120g-2\/\",\"name\":\"Bola de Berlim com Creme 120g - BAROSA Congelados | Manuel de Sousa Barosa, Lda.\",\"isPartOf\":{\"@id\":\"https:\/\/b.avgeros.me\/#website\"},\"primaryImageOfPage\":{\"@id\":\"https:\/\/b.avgeros.me\/produto\/bola-de-berlim-com-creme-120g-2\/#primaryimage\"},\"image\":{\"@id\":\"https:\/\/b.avgeros.me\/produto\/bola-de-berlim-com-creme-120g-2\/#primaryimage\"},\"thumbnailUrl\":\"https:\/\/b.avgeros.me\/wp-content\/uploads\/2022\/08\/Bolas-de-Berlim-com-Creme-Copia.jpg\",\"datePublished\":\"2021-07-21T14:57:26+00:00\",\"dateModified\":\"2024-04-30T23:00:09+00:00\",\"description\":\"O Berliner Pfannkuchen \u00e9 uma pastelaria tradicional alem\u00e3 semelhante a um donut sem furo central, feita a partir de massa de levedura frita em gordura ou \u00f3leo, com ou sem recheio e geralmente glac\u00ea, a\u00e7\u00facar em p\u00f3 ou a\u00e7\u00facar convencional por cima.\",\"breadcrumb\":{\"@id\":\"https:\/\/b.avgeros.me\/produto\/bola-de-berlim-com-creme-120g-2\/#breadcrumb\"},\"inLanguage\":\"fr-FR\",\"potentialAction\":[{\"@type\":\"ReadAction\",\"target\":[\"https:\/\/b.avgeros.me\/produto\/bola-de-berlim-com-creme-120g-2\/\"]}]},{\"@type\":\"ImageObject\",\"inLanguage\":\"fr-FR\",\"@id\":\"https:\/\/b.avgeros.me\/produto\/bola-de-berlim-com-creme-120g-2\/#primaryimage\",\"url\":\"https:\/\/b.avgeros.me\/wp-content\/uploads\/2022\/08\/Bolas-de-Berlim-com-Creme-Copia.jpg\",\"contentUrl\":\"https:\/\/b.avgeros.me\/wp-content\/uploads\/2022\/08\/Bolas-de-Berlim-com-Creme-Copia.jpg\",\"width\":1280,\"height\":1280,\"caption\":\"Bolas de Berlim com Creme\"},{\"@type\":\"BreadcrumbList\",\"@id\":\"https:\/\/b.avgeros.me\/produto\/bola-de-berlim-com-creme-120g-2\/#breadcrumb\",\"itemListElement\":[{\"@type\":\"ListItem\",\"position\":1,\"name\":\"In\u00edcio\",\"item\":\"https:\/\/b.avgeros.me\/\"},{\"@type\":\"ListItem\",\"position\":2,\"name\":\"Shop\",\"item\":\"https:\/\/b.avgeros.me\/shop\/\"},{\"@type\":\"ListItem\",\"position\":3,\"name\":\"Bola de Berlim com Creme 120g\"}]},{\"@type\":\"WebSite\",\"@id\":\"https:\/\/b.avgeros.me\/#website\",\"url\":\"https:\/\/b.avgeros.me\/\",\"name\":\"BAROSA Congelados | Manuel de Sousa Barosa, Lda.\",\"description\":\"Empresa de transforma\u00e7\u00e3o e comercializa\u00e7\u00e3o de produtos alimentares congelados. BAROSA \u00ae Pescados, &quot;N\u00e3o h\u00e1 bom garfo que resista\u00ae&quot;. BAROSA \u00ae FoodService &quot;O lado bom da comida\u00ae&quot;. Pescados Crust\u00e1ceos Mariscos Cefal\u00f3podes Bivalves Padaria Pastelaria Pizzas Sobremesas\",\"publisher\":{\"@id\":\"https:\/\/b.avgeros.me\/#organization\"},\"alternateName\":\"BAROSA\u00ae\",\"potentialAction\":[{\"@type\":\"SearchAction\",\"target\":{\"@type\":\"EntryPoint\",\"urlTemplate\":\"https:\/\/b.avgeros.me\/?s={search_term_string}\"},\"query-input\":{\"@type\":\"PropertyValueSpecification\",\"valueRequired\":true,\"valueName\":\"search_term_string\"}}],\"inLanguage\":\"fr-FR\"},{\"@type\":\"Organization\",\"@id\":\"https:\/\/b.avgeros.me\/#organization\",\"name\":\"Manuel de Sousa Barosa, Lda.\",\"alternateName\":\"BAROSA\",\"url\":\"https:\/\/b.avgeros.me\/\",\"logo\":{\"@type\":\"ImageObject\",\"inLanguage\":\"fr-FR\",\"@id\":\"https:\/\/b.avgeros.me\/#\/schema\/logo\/image\/\",\"url\":\"https:\/\/b.avgeros.me\/wp-content\/uploads\/2025\/03\/BAROSA-Logo-696x696-1.jpg\",\"contentUrl\":\"https:\/\/b.avgeros.me\/wp-content\/uploads\/2025\/03\/BAROSA-Logo-696x696-1.jpg\",\"width\":696,\"height\":696,\"caption\":\"Manuel de Sousa Barosa, Lda.\"},\"image\":{\"@id\":\"https:\/\/b.avgeros.me\/#\/schema\/logo\/image\/\"},\"sameAs\":[\"http:\/\/www.facebook.com\/barosa\/\",\"https:\/\/x.com\/barosa_lda\",\"https:\/\/www.instagram.com\/barosa_lda\/\",\"https:\/\/pt.linkedin.com\/company\/barosa-lda\"],\"description\":\"Empresa de transforma\u00e7\u00e3o e comercializa\u00e7\u00e3o de produtos alimentares congelados. BAROSA \u00ae Pescados, \\\"N\u00e3o h\u00e1 bom garfo que resista\u00ae\\\". BAROSA \u00ae FoodService \\\"O lado bom da comida!\u00ae\\\"\",\"email\":\"info@barosa.com\",\"telephone\":\"+351 262824403\",\"legalName\":\"Manuel de Sousa Barosa, Lda.\",\"foundingDate\":\"1975-05-21\",\"vatID\":\"503365190\",\"taxID\":\"503365190\",\"duns\":\"452388713\",\"numberOfEmployees\":{\"@type\":\"QuantitativeValue\",\"minValue\":\"11\",\"maxValue\":\"50\"},\"ethicsPolicy\":\"https:\/\/b.avgeros.me\/politicaprivacidade\/\"}]}<\/script>\n<!-- \/ Yoast SEO Premium plugin. -->","yoast_head_json":{"title":"Bola de Berlim com Creme 120g - BAROSA Congelados | Manuel de Sousa Barosa, Lda.","description":"O Berliner Pfannkuchen \u00e9 uma pastelaria tradicional alem\u00e3 semelhante a um donut sem furo central, feita a partir de massa de levedura frita em gordura ou \u00f3leo, com ou sem recheio e geralmente glac\u00ea, a\u00e7\u00facar em p\u00f3 ou a\u00e7\u00facar convencional por cima.","robots":{"index":"noindex","follow":"follow","max-snippet":"max-snippet:-1","max-image-preview":"max-image-preview:large","max-video-preview":"max-video-preview:-1"},"og_locale":"fr_FR","og_type":"article","og_title":"Bola de Berlim com Creme 120g","og_description":"O Berliner Pfannkuchen \u00e9 uma pastelaria tradicional alem\u00e3 semelhante a um donut sem furo central, feita a partir de massa de levedura frita em gordura ou \u00f3leo, com ou sem recheio e geralmente glac\u00ea, a\u00e7\u00facar em p\u00f3 ou a\u00e7\u00facar convencional por cima.","og_url":"https:\/\/b.avgeros.me\/fr\/produit\/bola-de-berlim-com-creme-120g-2\/","og_site_name":"BAROSA Congelados | Manuel de Sousa Barosa, Lda.","article_publisher":"http:\/\/www.facebook.com\/barosa\/","article_modified_time":"2024-04-30T23:00:09+00:00","og_image":[{"width":1280,"height":1280,"url":"https:\/\/b.avgeros.me\/wp-content\/uploads\/2022\/08\/Bolas-de-Berlim-com-Creme-Copia.jpg","type":"image\/jpeg"}],"twitter_card":"summary_large_image","twitter_site":"@barosa_lda","twitter_misc":{"Dur\u00e9e de lecture estim\u00e9e":"1 minute"},"schema":{"@context":"https:\/\/schema.org","@graph":[{"@type":"WebPage","@id":"https:\/\/b.avgeros.me\/produto\/bola-de-berlim-com-creme-120g-2\/","url":"https:\/\/b.avgeros.me\/produto\/bola-de-berlim-com-creme-120g-2\/","name":"Bola de Berlim com Creme 120g - BAROSA Congelados | Manuel de Sousa Barosa, Lda.","isPartOf":{"@id":"https:\/\/b.avgeros.me\/#website"},"primaryImageOfPage":{"@id":"https:\/\/b.avgeros.me\/produto\/bola-de-berlim-com-creme-120g-2\/#primaryimage"},"image":{"@id":"https:\/\/b.avgeros.me\/produto\/bola-de-berlim-com-creme-120g-2\/#primaryimage"},"thumbnailUrl":"https:\/\/b.avgeros.me\/wp-content\/uploads\/2022\/08\/Bolas-de-Berlim-com-Creme-Copia.jpg","datePublished":"2021-07-21T14:57:26+00:00","dateModified":"2024-04-30T23:00:09+00:00","description":"O Berliner Pfannkuchen \u00e9 uma pastelaria tradicional alem\u00e3 semelhante a um donut sem furo central, feita a partir de massa de levedura frita em gordura ou \u00f3leo, com ou sem recheio e geralmente glac\u00ea, a\u00e7\u00facar em p\u00f3 ou a\u00e7\u00facar convencional por cima.","breadcrumb":{"@id":"https:\/\/b.avgeros.me\/produto\/bola-de-berlim-com-creme-120g-2\/#breadcrumb"},"inLanguage":"fr-FR","potentialAction":[{"@type":"ReadAction","target":["https:\/\/b.avgeros.me\/produto\/bola-de-berlim-com-creme-120g-2\/"]}]},{"@type":"ImageObject","inLanguage":"fr-FR","@id":"https:\/\/b.avgeros.me\/produto\/bola-de-berlim-com-creme-120g-2\/#primaryimage","url":"https:\/\/b.avgeros.me\/wp-content\/uploads\/2022\/08\/Bolas-de-Berlim-com-Creme-Copia.jpg","contentUrl":"https:\/\/b.avgeros.me\/wp-content\/uploads\/2022\/08\/Bolas-de-Berlim-com-Creme-Copia.jpg","width":1280,"height":1280,"caption":"Bolas de Berlim com Creme"},{"@type":"BreadcrumbList","@id":"https:\/\/b.avgeros.me\/produto\/bola-de-berlim-com-creme-120g-2\/#breadcrumb","itemListElement":[{"@type":"ListItem","position":1,"name":"In\u00edcio","item":"https:\/\/b.avgeros.me\/"},{"@type":"ListItem","position":2,"name":"Shop","item":"https:\/\/b.avgeros.me\/shop\/"},{"@type":"ListItem","position":3,"name":"Bola de Berlim com Creme 120g"}]},{"@type":"WebSite","@id":"https:\/\/b.avgeros.me\/#website","url":"https:\/\/b.avgeros.me\/","name":"BAROSA Congelados | Manuel de Sousa Barosa, Lda.","description":"Empresa de transforma\u00e7\u00e3o e comercializa\u00e7\u00e3o de produtos alimentares congelados. BAROSA \u00ae Pescados, &quot;N\u00e3o h\u00e1 bom garfo que resista\u00ae&quot;. BAROSA \u00ae FoodService &quot;O lado bom da comida\u00ae&quot;. Pescados Crust\u00e1ceos Mariscos Cefal\u00f3podes Bivalves Padaria Pastelaria Pizzas Sobremesas","publisher":{"@id":"https:\/\/b.avgeros.me\/#organization"},"alternateName":"BAROSA\u00ae","potentialAction":[{"@type":"SearchAction","target":{"@type":"EntryPoint","urlTemplate":"https:\/\/b.avgeros.me\/?s={search_term_string}"},"query-input":{"@type":"PropertyValueSpecification","valueRequired":true,"valueName":"search_term_string"}}],"inLanguage":"fr-FR"},{"@type":"Organization","@id":"https:\/\/b.avgeros.me\/#organization","name":"Manuel de Sousa Barosa, Lda.","alternateName":"BAROSA","url":"https:\/\/b.avgeros.me\/","logo":{"@type":"ImageObject","inLanguage":"fr-FR","@id":"https:\/\/b.avgeros.me\/#\/schema\/logo\/image\/","url":"https:\/\/b.avgeros.me\/wp-content\/uploads\/2025\/03\/BAROSA-Logo-696x696-1.jpg","contentUrl":"https:\/\/b.avgeros.me\/wp-content\/uploads\/2025\/03\/BAROSA-Logo-696x696-1.jpg","width":696,"height":696,"caption":"Manuel de Sousa Barosa, Lda."},"image":{"@id":"https:\/\/b.avgeros.me\/#\/schema\/logo\/image\/"},"sameAs":["http:\/\/www.facebook.com\/barosa\/","https:\/\/x.com\/barosa_lda","https:\/\/www.instagram.com\/barosa_lda\/","https:\/\/pt.linkedin.com\/company\/barosa-lda"],"description":"Empresa de transforma\u00e7\u00e3o e comercializa\u00e7\u00e3o de produtos alimentares congelados. BAROSA \u00ae Pescados, \"N\u00e3o h\u00e1 bom garfo que resista\u00ae\". BAROSA \u00ae FoodService \"O lado bom da comida!\u00ae\"","email":"info@barosa.com","telephone":"+351 262824403","legalName":"Manuel de Sousa Barosa, Lda.","foundingDate":"1975-05-21","vatID":"503365190","taxID":"503365190","duns":"452388713","numberOfEmployees":{"@type":"QuantitativeValue","minValue":"11","maxValue":"50"},"ethicsPolicy":"https:\/\/b.avgeros.me\/politicaprivacidade\/"}]}},"_links":{"self":[{"href":"https:\/\/b.avgeros.me\/fr\/wp-json\/wp\/v2\/product\/6438","targetHints":{"allow":["GET"]}}],"collection":[{"href":"https:\/\/b.avgeros.me\/fr\/wp-json\/wp\/v2\/product"}],"about":[{"href":"https:\/\/b.avgeros.me\/fr\/wp-json\/wp\/v2\/types\/product"}],"wp:featuredmedia":[{"embeddable":true,"href":"https:\/\/b.avgeros.me\/fr\/wp-json\/wp\/v2\/media\/8143"}],"wp:attachment":[{"href":"https:\/\/b.avgeros.me\/fr\/wp-json\/wp\/v2\/media?parent=6438"}],"wp:term":[{"taxonomy":"product_brand","embeddable":true,"href":"https:\/\/b.avgeros.me\/fr\/wp-json\/wp\/v2\/product_brand?post=6438"},{"taxonomy":"product_cat","embeddable":true,"href":"https:\/\/b.avgeros.me\/fr\/wp-json\/wp\/v2\/product_cat?post=6438"},{"taxonomy":"product_tag","embeddable":true,"href":"https:\/\/b.avgeros.me\/fr\/wp-json\/wp\/v2\/product_tag?post=6438"}],"curies":[{"name":"wp","href":"https:\/\/api.w.org\/{rel}","templated":true}]}}