{"id":10660,"date":"2023-11-08T22:57:33","date_gmt":"2023-11-08T21:57:33","guid":{"rendered":"https:\/\/b.avgeros.me\/?post_type=product&#038;p=10660"},"modified":"2023-11-08T22:59:44","modified_gmt":"2023-11-08T21:59:44","slug":"sorbet-native-acai-zero-acucar-160-ml","status":"publish","type":"product","link":"https:\/\/b.avgeros.me\/fr\/produit\/sorbet-native-acai-zero-acucar-160-ml\/","title":{"rendered":"Native A\u00e7a\u00ed Sorbet Sans Sucre 160 ml"},"content":{"rendered":"","protected":false},"excerpt":{"rendered":"<p><strong>A\u00e7a\u00ed - Le superaliment \u00e0 0 % de sucre<\/strong><\/p>\n<p>L'a\u00e7a\u00ed est une petite baie du palmier alaizeiro, d'environ 1 cm de long. C'est le fruit qui contient le plus d'antioxydants et qui est riche en om\u00e9ga 6 et 9, en vitamines et en min\u00e9raux.<\/p>\n<p>Emballage : 20 x 160 ml<\/p>\n<p><img loading=\"lazy\" decoding=\"async\" class=\"alignnone wp-image-9276\" title=\"Sans gluten\" src=\"https:\/\/b.avgeros.me\/wp-content\/uploads\/2023\/04\/Sem-Gluten-300x300.png\" alt=\"Sans gluten\" width=\"50\" height=\"50\" srcset=\"https:\/\/b.avgeros.me\/wp-content\/uploads\/2023\/04\/Sem-Gluten-300x300.png 300w, https:\/\/b.avgeros.me\/wp-content\/uploads\/2023\/04\/Sem-Gluten-150x150.png 150w, https:\/\/b.avgeros.me\/wp-content\/uploads\/2023\/04\/Sem-Gluten-12x12.png 12w, https:\/\/b.avgeros.me\/wp-content\/uploads\/2023\/04\/Sem-Gluten-500x500.png 500w, https:\/\/b.avgeros.me\/wp-content\/uploads\/2023\/04\/Sem-Gluten-100x100.png 100w, https:\/\/b.avgeros.me\/wp-content\/uploads\/2023\/04\/Sem-Gluten.png 525w\" sizes=\"auto, (max-width: 50px) 100vw, 50px\" \/><img loading=\"lazy\" decoding=\"async\" class=\"alignnone wp-image-8698\" title=\"Sans lactose\" src=\"https:\/\/b.avgeros.me\/wp-content\/uploads\/2022\/11\/sem-lactose-grey.png\" alt=\"Gris sans lactose\" width=\"50\" height=\"50\" srcset=\"https:\/\/b.avgeros.me\/wp-content\/uploads\/2022\/11\/sem-lactose-grey.png 81w, https:\/\/b.avgeros.me\/wp-content\/uploads\/2022\/11\/sem-lactose-grey-12x12.png 12w\" sizes=\"auto, (max-width: 50px) 100vw, 50px\" \/><img loading=\"lazy\" decoding=\"async\" class=\"alignnone wp-image-10651\" title=\"Pas d&#039;OMG\" src=\"https:\/\/b.avgeros.me\/wp-content\/uploads\/2023\/11\/Sem-OMG.jpg\" alt=\"Pas d&#039;OMG\" width=\"50\" height=\"50\" srcset=\"https:\/\/b.avgeros.me\/wp-content\/uploads\/2023\/11\/Sem-OMG.jpg 100w, https:\/\/b.avgeros.me\/wp-content\/uploads\/2023\/11\/Sem-OMG-12x12.jpg 12w\" sizes=\"auto, (max-width: 50px) 100vw, 50px\" \/><img loading=\"lazy\" decoding=\"async\" class=\"alignnone wp-image-7280\" title=\"Vegan\" src=\"https:\/\/b.avgeros.me\/wp-content\/uploads\/2022\/03\/vegan.png\" alt=\"Vegan\" width=\"50\" height=\"45\" srcset=\"https:\/\/b.avgeros.me\/wp-content\/uploads\/2022\/03\/vegan.png 110w, https:\/\/b.avgeros.me\/wp-content\/uploads\/2022\/03\/vegan-13x12.png 13w\" sizes=\"auto, (max-width: 50px) 100vw, 50px\" \/><\/p>\n<p><strong>Marque<\/strong> Native Foods<\/p>\n<h6><em>Produit congel\u00e9<\/em><\/h6>","protected":false},"featured_media":10659,"template":"","meta":[],"product_brand":[],"product_cat":[528],"product_tag":[646],"class_list":{"0":"post-10660","1":"product","2":"type-product","3":"status-publish","4":"has-post-thumbnail","6":"product_cat-gelados-impulse","7":"product_tag-acai","9":"first","10":"outofstock","11":"taxable","12":"shipping-taxable","13":"purchasable","14":"product-type-simple"},"yoast_head":"<!-- This site is optimized with the Yoast SEO Premium plugin v24.6 (Yoast SEO v24.6) - https:\/\/yoast.com\/wordpress\/plugins\/seo\/ -->\n<title>Sorbet Native A\u00e7a\u00ed Zero A\u00e7\u00facar 160 ml - BAROSA Congelados | Manuel de Sousa Barosa, Lda.<\/title>\n<meta name=\"description\" content=\"A\u00e7a\u00ed 0% a\u00e7\u00facar. O a\u00e7a\u00ed \u00e9 o fruto com maior teor de antioxidantes e \u00e9 rico em \u00f3mega 6 e 9, vitaminas e sais minerais. A\u00e7a\u00ed o superalimento.\" \/>\n<meta name=\"robots\" content=\"noindex, follow, max-snippet:-1, max-image-preview:large, max-video-preview:-1\" \/>\n<meta property=\"og:locale\" content=\"fr_FR\" \/>\n<meta property=\"og:type\" content=\"article\" \/>\n<meta property=\"og:title\" content=\"Sorbet Native A\u00e7a\u00ed Zero A\u00e7\u00facar 160 ml\" \/>\n<meta property=\"og:description\" content=\"A\u00e7a\u00ed 0% a\u00e7\u00facar. O a\u00e7a\u00ed \u00e9 o fruto com maior teor de antioxidantes e \u00e9 rico em \u00f3mega 6 e 9, vitaminas e sais minerais. A\u00e7a\u00ed o superalimento.\" \/>\n<meta property=\"og:url\" content=\"https:\/\/b.avgeros.me\/fr\/produit\/sorbet-native-acai-zero-acucar-160-ml\/\" \/>\n<meta property=\"og:site_name\" content=\"BAROSA Congelados | Manuel de Sousa Barosa, Lda.\" \/>\n<meta property=\"article:publisher\" content=\"http:\/\/www.facebook.com\/barosa\/\" \/>\n<meta property=\"article:modified_time\" content=\"2023-11-08T21:59:44+00:00\" \/>\n<meta property=\"og:image\" content=\"https:\/\/b.avgeros.me\/wp-content\/uploads\/2023\/11\/Native-Acai-Zero.jpg\" \/>\n\t<meta property=\"og:image:width\" content=\"1000\" \/>\n\t<meta property=\"og:image:height\" content=\"1000\" \/>\n\t<meta property=\"og:image:type\" content=\"image\/jpeg\" \/>\n<meta name=\"twitter:card\" content=\"summary_large_image\" \/>\n<meta name=\"twitter:site\" content=\"@barosa_lda\" \/>\n<script type=\"application\/ld+json\" class=\"yoast-schema-graph\">{\"@context\":\"https:\/\/schema.org\",\"@graph\":[{\"@type\":\"WebPage\",\"@id\":\"https:\/\/b.avgeros.me\/produto\/sorbet-native-acai-zero-acucar-160-ml\/\",\"url\":\"https:\/\/b.avgeros.me\/produto\/sorbet-native-acai-zero-acucar-160-ml\/\",\"name\":\"Sorbet Native A\u00e7a\u00ed Zero A\u00e7\u00facar 160 ml - BAROSA Congelados | Manuel de Sousa Barosa, Lda.\",\"isPartOf\":{\"@id\":\"https:\/\/b.avgeros.me\/#website\"},\"primaryImageOfPage\":{\"@id\":\"https:\/\/b.avgeros.me\/produto\/sorbet-native-acai-zero-acucar-160-ml\/#primaryimage\"},\"image\":{\"@id\":\"https:\/\/b.avgeros.me\/produto\/sorbet-native-acai-zero-acucar-160-ml\/#primaryimage\"},\"thumbnailUrl\":\"https:\/\/b.avgeros.me\/wp-content\/uploads\/2023\/11\/Native-Acai-Zero.jpg\",\"datePublished\":\"2023-11-08T21:57:33+00:00\",\"dateModified\":\"2023-11-08T21:59:44+00:00\",\"description\":\"A\u00e7a\u00ed 0% a\u00e7\u00facar. O a\u00e7a\u00ed \u00e9 o fruto com maior teor de antioxidantes e \u00e9 rico em \u00f3mega 6 e 9, vitaminas e sais minerais. A\u00e7a\u00ed o superalimento.\",\"breadcrumb\":{\"@id\":\"https:\/\/b.avgeros.me\/produto\/sorbet-native-acai-zero-acucar-160-ml\/#breadcrumb\"},\"inLanguage\":\"fr-FR\",\"potentialAction\":[{\"@type\":\"ReadAction\",\"target\":[\"https:\/\/b.avgeros.me\/produto\/sorbet-native-acai-zero-acucar-160-ml\/\"]}]},{\"@type\":\"ImageObject\",\"inLanguage\":\"fr-FR\",\"@id\":\"https:\/\/b.avgeros.me\/produto\/sorbet-native-acai-zero-acucar-160-ml\/#primaryimage\",\"url\":\"https:\/\/b.avgeros.me\/wp-content\/uploads\/2023\/11\/Native-Acai-Zero.jpg\",\"contentUrl\":\"https:\/\/b.avgeros.me\/wp-content\/uploads\/2023\/11\/Native-Acai-Zero.jpg\",\"width\":1000,\"height\":1000,\"caption\":\"Native A\u00e7a\u00ed Zero A\u00e7\u00facar 160ml\"},{\"@type\":\"BreadcrumbList\",\"@id\":\"https:\/\/b.avgeros.me\/produto\/sorbet-native-acai-zero-acucar-160-ml\/#breadcrumb\",\"itemListElement\":[{\"@type\":\"ListItem\",\"position\":1,\"name\":\"In\u00edcio\",\"item\":\"https:\/\/b.avgeros.me\/\"},{\"@type\":\"ListItem\",\"position\":2,\"name\":\"Shop\",\"item\":\"https:\/\/b.avgeros.me\/shop\/\"},{\"@type\":\"ListItem\",\"position\":3,\"name\":\"Sorbet Native A\u00e7a\u00ed Zero A\u00e7\u00facar 160 ml\"}]},{\"@type\":\"WebSite\",\"@id\":\"https:\/\/b.avgeros.me\/#website\",\"url\":\"https:\/\/b.avgeros.me\/\",\"name\":\"BAROSA Congelados | Manuel de Sousa Barosa, Lda.\",\"description\":\"Empresa de transforma\u00e7\u00e3o e comercializa\u00e7\u00e3o de produtos alimentares congelados. BAROSA \u00ae Pescados, &quot;N\u00e3o h\u00e1 bom garfo que resista\u00ae&quot;. BAROSA \u00ae FoodService &quot;O lado bom da comida\u00ae&quot;. Pescados Crust\u00e1ceos Mariscos Cefal\u00f3podes Bivalves Padaria Pastelaria Pizzas Sobremesas\",\"publisher\":{\"@id\":\"https:\/\/b.avgeros.me\/#organization\"},\"alternateName\":\"BAROSA\u00ae\",\"potentialAction\":[{\"@type\":\"SearchAction\",\"target\":{\"@type\":\"EntryPoint\",\"urlTemplate\":\"https:\/\/b.avgeros.me\/?s={search_term_string}\"},\"query-input\":{\"@type\":\"PropertyValueSpecification\",\"valueRequired\":true,\"valueName\":\"search_term_string\"}}],\"inLanguage\":\"fr-FR\"},{\"@type\":\"Organization\",\"@id\":\"https:\/\/b.avgeros.me\/#organization\",\"name\":\"Manuel de Sousa Barosa, Lda.\",\"alternateName\":\"BAROSA\",\"url\":\"https:\/\/b.avgeros.me\/\",\"logo\":{\"@type\":\"ImageObject\",\"inLanguage\":\"fr-FR\",\"@id\":\"https:\/\/b.avgeros.me\/#\/schema\/logo\/image\/\",\"url\":\"https:\/\/b.avgeros.me\/wp-content\/uploads\/2025\/03\/BAROSA-Logo-696x696-1.jpg\",\"contentUrl\":\"https:\/\/b.avgeros.me\/wp-content\/uploads\/2025\/03\/BAROSA-Logo-696x696-1.jpg\",\"width\":696,\"height\":696,\"caption\":\"Manuel de Sousa Barosa, Lda.\"},\"image\":{\"@id\":\"https:\/\/b.avgeros.me\/#\/schema\/logo\/image\/\"},\"sameAs\":[\"http:\/\/www.facebook.com\/barosa\/\",\"https:\/\/x.com\/barosa_lda\",\"https:\/\/www.instagram.com\/barosa_lda\/\",\"https:\/\/pt.linkedin.com\/company\/barosa-lda\"],\"description\":\"Empresa de transforma\u00e7\u00e3o e comercializa\u00e7\u00e3o de produtos alimentares congelados. BAROSA \u00ae Pescados, \\\"N\u00e3o h\u00e1 bom garfo que resista\u00ae\\\". BAROSA \u00ae FoodService \\\"O lado bom da comida!\u00ae\\\"\",\"email\":\"info@barosa.com\",\"telephone\":\"+351 262824403\",\"legalName\":\"Manuel de Sousa Barosa, Lda.\",\"foundingDate\":\"1975-05-21\",\"vatID\":\"503365190\",\"taxID\":\"503365190\",\"duns\":\"452388713\",\"numberOfEmployees\":{\"@type\":\"QuantitativeValue\",\"minValue\":\"11\",\"maxValue\":\"50\"},\"ethicsPolicy\":\"https:\/\/b.avgeros.me\/politicaprivacidade\/\"}]}<\/script>\n<!-- \/ Yoast SEO Premium plugin. -->","yoast_head_json":{"title":"Sorbet Native A\u00e7a\u00ed Zero A\u00e7\u00facar 160 ml - BAROSA Congelados | Manuel de Sousa Barosa, Lda.","description":"A\u00e7a\u00ed 0% a\u00e7\u00facar. O a\u00e7a\u00ed \u00e9 o fruto com maior teor de antioxidantes e \u00e9 rico em \u00f3mega 6 e 9, vitaminas e sais minerais. A\u00e7a\u00ed o superalimento.","robots":{"index":"noindex","follow":"follow","max-snippet":"max-snippet:-1","max-image-preview":"max-image-preview:large","max-video-preview":"max-video-preview:-1"},"og_locale":"fr_FR","og_type":"article","og_title":"Sorbet Native A\u00e7a\u00ed Zero A\u00e7\u00facar 160 ml","og_description":"A\u00e7a\u00ed 0% a\u00e7\u00facar. O a\u00e7a\u00ed \u00e9 o fruto com maior teor de antioxidantes e \u00e9 rico em \u00f3mega 6 e 9, vitaminas e sais minerais. A\u00e7a\u00ed o superalimento.","og_url":"https:\/\/b.avgeros.me\/fr\/produit\/sorbet-native-acai-zero-acucar-160-ml\/","og_site_name":"BAROSA Congelados | Manuel de Sousa Barosa, Lda.","article_publisher":"http:\/\/www.facebook.com\/barosa\/","article_modified_time":"2023-11-08T21:59:44+00:00","og_image":[{"width":1000,"height":1000,"url":"https:\/\/b.avgeros.me\/wp-content\/uploads\/2023\/11\/Native-Acai-Zero.jpg","type":"image\/jpeg"}],"twitter_card":"summary_large_image","twitter_site":"@barosa_lda","schema":{"@context":"https:\/\/schema.org","@graph":[{"@type":"WebPage","@id":"https:\/\/b.avgeros.me\/produto\/sorbet-native-acai-zero-acucar-160-ml\/","url":"https:\/\/b.avgeros.me\/produto\/sorbet-native-acai-zero-acucar-160-ml\/","name":"Sorbet Native A\u00e7a\u00ed Zero A\u00e7\u00facar 160 ml - BAROSA Congelados | Manuel de Sousa Barosa, Lda.","isPartOf":{"@id":"https:\/\/b.avgeros.me\/#website"},"primaryImageOfPage":{"@id":"https:\/\/b.avgeros.me\/produto\/sorbet-native-acai-zero-acucar-160-ml\/#primaryimage"},"image":{"@id":"https:\/\/b.avgeros.me\/produto\/sorbet-native-acai-zero-acucar-160-ml\/#primaryimage"},"thumbnailUrl":"https:\/\/b.avgeros.me\/wp-content\/uploads\/2023\/11\/Native-Acai-Zero.jpg","datePublished":"2023-11-08T21:57:33+00:00","dateModified":"2023-11-08T21:59:44+00:00","description":"A\u00e7a\u00ed 0% a\u00e7\u00facar. O a\u00e7a\u00ed \u00e9 o fruto com maior teor de antioxidantes e \u00e9 rico em \u00f3mega 6 e 9, vitaminas e sais minerais. A\u00e7a\u00ed o superalimento.","breadcrumb":{"@id":"https:\/\/b.avgeros.me\/produto\/sorbet-native-acai-zero-acucar-160-ml\/#breadcrumb"},"inLanguage":"fr-FR","potentialAction":[{"@type":"ReadAction","target":["https:\/\/b.avgeros.me\/produto\/sorbet-native-acai-zero-acucar-160-ml\/"]}]},{"@type":"ImageObject","inLanguage":"fr-FR","@id":"https:\/\/b.avgeros.me\/produto\/sorbet-native-acai-zero-acucar-160-ml\/#primaryimage","url":"https:\/\/b.avgeros.me\/wp-content\/uploads\/2023\/11\/Native-Acai-Zero.jpg","contentUrl":"https:\/\/b.avgeros.me\/wp-content\/uploads\/2023\/11\/Native-Acai-Zero.jpg","width":1000,"height":1000,"caption":"Native A\u00e7a\u00ed Zero A\u00e7\u00facar 160ml"},{"@type":"BreadcrumbList","@id":"https:\/\/b.avgeros.me\/produto\/sorbet-native-acai-zero-acucar-160-ml\/#breadcrumb","itemListElement":[{"@type":"ListItem","position":1,"name":"In\u00edcio","item":"https:\/\/b.avgeros.me\/"},{"@type":"ListItem","position":2,"name":"Shop","item":"https:\/\/b.avgeros.me\/shop\/"},{"@type":"ListItem","position":3,"name":"Sorbet Native A\u00e7a\u00ed Zero A\u00e7\u00facar 160 ml"}]},{"@type":"WebSite","@id":"https:\/\/b.avgeros.me\/#website","url":"https:\/\/b.avgeros.me\/","name":"BAROSA Congelados | Manuel de Sousa Barosa, Lda.","description":"Empresa de transforma\u00e7\u00e3o e comercializa\u00e7\u00e3o de produtos alimentares congelados. BAROSA \u00ae Pescados, &quot;N\u00e3o h\u00e1 bom garfo que resista\u00ae&quot;. BAROSA \u00ae FoodService &quot;O lado bom da comida\u00ae&quot;. Pescados Crust\u00e1ceos Mariscos Cefal\u00f3podes Bivalves Padaria Pastelaria Pizzas Sobremesas","publisher":{"@id":"https:\/\/b.avgeros.me\/#organization"},"alternateName":"BAROSA\u00ae","potentialAction":[{"@type":"SearchAction","target":{"@type":"EntryPoint","urlTemplate":"https:\/\/b.avgeros.me\/?s={search_term_string}"},"query-input":{"@type":"PropertyValueSpecification","valueRequired":true,"valueName":"search_term_string"}}],"inLanguage":"fr-FR"},{"@type":"Organization","@id":"https:\/\/b.avgeros.me\/#organization","name":"Manuel de Sousa Barosa, Lda.","alternateName":"BAROSA","url":"https:\/\/b.avgeros.me\/","logo":{"@type":"ImageObject","inLanguage":"fr-FR","@id":"https:\/\/b.avgeros.me\/#\/schema\/logo\/image\/","url":"https:\/\/b.avgeros.me\/wp-content\/uploads\/2025\/03\/BAROSA-Logo-696x696-1.jpg","contentUrl":"https:\/\/b.avgeros.me\/wp-content\/uploads\/2025\/03\/BAROSA-Logo-696x696-1.jpg","width":696,"height":696,"caption":"Manuel de Sousa Barosa, Lda."},"image":{"@id":"https:\/\/b.avgeros.me\/#\/schema\/logo\/image\/"},"sameAs":["http:\/\/www.facebook.com\/barosa\/","https:\/\/x.com\/barosa_lda","https:\/\/www.instagram.com\/barosa_lda\/","https:\/\/pt.linkedin.com\/company\/barosa-lda"],"description":"Empresa de transforma\u00e7\u00e3o e comercializa\u00e7\u00e3o de produtos alimentares congelados. BAROSA \u00ae Pescados, \"N\u00e3o h\u00e1 bom garfo que resista\u00ae\". BAROSA \u00ae FoodService \"O lado bom da comida!\u00ae\"","email":"info@barosa.com","telephone":"+351 262824403","legalName":"Manuel de Sousa Barosa, Lda.","foundingDate":"1975-05-21","vatID":"503365190","taxID":"503365190","duns":"452388713","numberOfEmployees":{"@type":"QuantitativeValue","minValue":"11","maxValue":"50"},"ethicsPolicy":"https:\/\/b.avgeros.me\/politicaprivacidade\/"}]}},"_links":{"self":[{"href":"https:\/\/b.avgeros.me\/fr\/wp-json\/wp\/v2\/product\/10660","targetHints":{"allow":["GET"]}}],"collection":[{"href":"https:\/\/b.avgeros.me\/fr\/wp-json\/wp\/v2\/product"}],"about":[{"href":"https:\/\/b.avgeros.me\/fr\/wp-json\/wp\/v2\/types\/product"}],"wp:featuredmedia":[{"embeddable":true,"href":"https:\/\/b.avgeros.me\/fr\/wp-json\/wp\/v2\/media\/10659"}],"wp:attachment":[{"href":"https:\/\/b.avgeros.me\/fr\/wp-json\/wp\/v2\/media?parent=10660"}],"wp:term":[{"taxonomy":"product_brand","embeddable":true,"href":"https:\/\/b.avgeros.me\/fr\/wp-json\/wp\/v2\/product_brand?post=10660"},{"taxonomy":"product_cat","embeddable":true,"href":"https:\/\/b.avgeros.me\/fr\/wp-json\/wp\/v2\/product_cat?post=10660"},{"taxonomy":"product_tag","embeddable":true,"href":"https:\/\/b.avgeros.me\/fr\/wp-json\/wp\/v2\/product_tag?post=10660"}],"curies":[{"name":"wp","href":"https:\/\/api.w.org\/{rel}","templated":true}]}}