{"id":9707,"date":"2023-07-17T12:28:19","date_gmt":"2023-07-17T11:28:19","guid":{"rendered":"https:\/\/b.avgeros.me\/?post_type=product&#038;p=9707"},"modified":"2023-07-17T23:47:02","modified_gmt":"2023-07-17T22:47:02","slug":"raviolli-salmao","status":"publish","type":"product","link":"https:\/\/b.avgeros.me\/en\/product-2\/raviolli-salmao\/","title":{"rendered":"Ravioli Salm\u00e3o"},"content":{"rendered":"","protected":false},"excerpt":{"rendered":"<p>Pasta with a creamy filling of smoked salmon, Ricotta cheese and dill.<\/p>\n<p>Packaging type:<\/p>\n<ul>\n<li>Weight of each bag: 1000 grs<\/li>\n<\/ul>\n[bg_collapse view=\"link\" color=\"#4a4949\" expand_text=\"Modo de prepara\u00e7\u00e3o \u2193\" collapse_text=\"Mostrar menos \u2191\" ]<\/p>\n<p><span style=\"color: #000080;\"><strong>Preparation method<\/strong><\/span><\/p>\n<ul>\n<li>Oven with steam: 100 \u00baC 3-4 min<\/li>\n<li>Boiling water: 2 min<\/li>\n<li>Microwave: covered 800 W 2 min<\/li>\n<\/ul>\n<p>[\/bg_collapse]\n<p>&nbsp;<\/p>\n<p>Brand: Dr. Oetker<\/p>\n<h6><em>Frozen product<\/em><\/h6>","protected":false},"featured_media":9708,"template":"","meta":[],"product_brand":[],"product_cat":[213],"product_tag":[617],"class_list":{"0":"post-9707","1":"product","2":"type-product","3":"status-publish","4":"has-post-thumbnail","6":"product_cat-massas-catering","7":"product_tag-dr-oetker","9":"first","10":"instock","11":"taxable","12":"shipping-taxable","13":"purchasable","14":"product-type-simple"},"yoast_head":"<!-- This site is optimized with the Yoast SEO Premium plugin v24.6 (Yoast SEO v24.6) - https:\/\/yoast.com\/wordpress\/plugins\/seo\/ -->\n<title>Ravioli Salm\u00e3o - BAROSA Congelados | Manuel de Sousa Barosa, Lda.<\/title>\n<meta name=\"description\" content=\"Massa com um cremoso recheio de salm\u00e3o fumado, queijo Ricotta e aneto.\" \/>\n<meta name=\"robots\" content=\"noindex, follow, max-snippet:-1, max-image-preview:large, max-video-preview:-1\" \/>\n<meta property=\"og:locale\" content=\"en_GB\" \/>\n<meta property=\"og:type\" content=\"article\" \/>\n<meta property=\"og:title\" content=\"Ravioli Salm\u00e3o\" \/>\n<meta property=\"og:description\" content=\"Massa com um cremoso recheio de salm\u00e3o fumado, queijo Ricotta e aneto.\" \/>\n<meta property=\"og:url\" content=\"https:\/\/b.avgeros.me\/en\/product-2\/raviolli-salmao\/\" \/>\n<meta property=\"og:site_name\" content=\"BAROSA Congelados | Manuel de Sousa Barosa, Lda.\" \/>\n<meta property=\"article:publisher\" content=\"http:\/\/www.facebook.com\/barosa\/\" \/>\n<meta property=\"article:modified_time\" content=\"2023-07-17T22:47:02+00:00\" \/>\n<meta property=\"og:image\" content=\"https:\/\/b.avgeros.me\/wp-content\/uploads\/2023\/07\/Pasta-Ravioli-Salmao-Dr-Oetker.jpg\" \/>\n\t<meta property=\"og:image:width\" content=\"768\" \/>\n\t<meta property=\"og:image:height\" content=\"768\" \/>\n\t<meta property=\"og:image:type\" content=\"image\/jpeg\" \/>\n<meta name=\"twitter:card\" content=\"summary_large_image\" \/>\n<meta name=\"twitter:site\" content=\"@barosa_lda\" \/>\n<script type=\"application\/ld+json\" class=\"yoast-schema-graph\">{\"@context\":\"https:\/\/schema.org\",\"@graph\":[{\"@type\":\"WebPage\",\"@id\":\"https:\/\/b.avgeros.me\/produto\/raviolli-salmao\/\",\"url\":\"https:\/\/b.avgeros.me\/produto\/raviolli-salmao\/\",\"name\":\"Ravioli Salm\u00e3o - BAROSA Congelados | Manuel de Sousa Barosa, Lda.\",\"isPartOf\":{\"@id\":\"https:\/\/b.avgeros.me\/#website\"},\"primaryImageOfPage\":{\"@id\":\"https:\/\/b.avgeros.me\/produto\/raviolli-salmao\/#primaryimage\"},\"image\":{\"@id\":\"https:\/\/b.avgeros.me\/produto\/raviolli-salmao\/#primaryimage\"},\"thumbnailUrl\":\"https:\/\/b.avgeros.me\/wp-content\/uploads\/2023\/07\/Pasta-Ravioli-Salmao-Dr-Oetker.jpg\",\"datePublished\":\"2023-07-17T11:28:19+00:00\",\"dateModified\":\"2023-07-17T22:47:02+00:00\",\"description\":\"Massa com um cremoso recheio de salm\u00e3o fumado, queijo Ricotta e aneto.\",\"breadcrumb\":{\"@id\":\"https:\/\/b.avgeros.me\/produto\/raviolli-salmao\/#breadcrumb\"},\"inLanguage\":\"en-GB\",\"potentialAction\":[{\"@type\":\"ReadAction\",\"target\":[\"https:\/\/b.avgeros.me\/produto\/raviolli-salmao\/\"]}]},{\"@type\":\"ImageObject\",\"inLanguage\":\"en-GB\",\"@id\":\"https:\/\/b.avgeros.me\/produto\/raviolli-salmao\/#primaryimage\",\"url\":\"https:\/\/b.avgeros.me\/wp-content\/uploads\/2023\/07\/Pasta-Ravioli-Salmao-Dr-Oetker.jpg\",\"contentUrl\":\"https:\/\/b.avgeros.me\/wp-content\/uploads\/2023\/07\/Pasta-Ravioli-Salmao-Dr-Oetker.jpg\",\"width\":768,\"height\":768,\"caption\":\"Pasta Ravioli Salm\u00e3o Dr Oetker\"},{\"@type\":\"BreadcrumbList\",\"@id\":\"https:\/\/b.avgeros.me\/produto\/raviolli-salmao\/#breadcrumb\",\"itemListElement\":[{\"@type\":\"ListItem\",\"position\":1,\"name\":\"In\u00edcio\",\"item\":\"https:\/\/b.avgeros.me\/\"},{\"@type\":\"ListItem\",\"position\":2,\"name\":\"Shop\",\"item\":\"https:\/\/b.avgeros.me\/shop\/\"},{\"@type\":\"ListItem\",\"position\":3,\"name\":\"Ravioli Salm\u00e3o\"}]},{\"@type\":\"WebSite\",\"@id\":\"https:\/\/b.avgeros.me\/#website\",\"url\":\"https:\/\/b.avgeros.me\/\",\"name\":\"BAROSA Congelados | Manuel de Sousa Barosa, Lda.\",\"description\":\"Empresa de transforma\u00e7\u00e3o e comercializa\u00e7\u00e3o de produtos alimentares congelados. BAROSA \u00ae Pescados, &quot;N\u00e3o h\u00e1 bom garfo que resista\u00ae&quot;. BAROSA \u00ae FoodService &quot;O lado bom da comida\u00ae&quot;. Pescados Crust\u00e1ceos Mariscos Cefal\u00f3podes Bivalves Padaria Pastelaria Pizzas Sobremesas\",\"publisher\":{\"@id\":\"https:\/\/b.avgeros.me\/#organization\"},\"alternateName\":\"BAROSA\u00ae\",\"potentialAction\":[{\"@type\":\"SearchAction\",\"target\":{\"@type\":\"EntryPoint\",\"urlTemplate\":\"https:\/\/b.avgeros.me\/?s={search_term_string}\"},\"query-input\":{\"@type\":\"PropertyValueSpecification\",\"valueRequired\":true,\"valueName\":\"search_term_string\"}}],\"inLanguage\":\"en-GB\"},{\"@type\":\"Organization\",\"@id\":\"https:\/\/b.avgeros.me\/#organization\",\"name\":\"Manuel de Sousa Barosa, Lda.\",\"alternateName\":\"BAROSA\",\"url\":\"https:\/\/b.avgeros.me\/\",\"logo\":{\"@type\":\"ImageObject\",\"inLanguage\":\"en-GB\",\"@id\":\"https:\/\/b.avgeros.me\/#\/schema\/logo\/image\/\",\"url\":\"https:\/\/b.avgeros.me\/wp-content\/uploads\/2025\/03\/BAROSA-Logo-696x696-1.jpg\",\"contentUrl\":\"https:\/\/b.avgeros.me\/wp-content\/uploads\/2025\/03\/BAROSA-Logo-696x696-1.jpg\",\"width\":696,\"height\":696,\"caption\":\"Manuel de Sousa Barosa, Lda.\"},\"image\":{\"@id\":\"https:\/\/b.avgeros.me\/#\/schema\/logo\/image\/\"},\"sameAs\":[\"http:\/\/www.facebook.com\/barosa\/\",\"https:\/\/x.com\/barosa_lda\",\"https:\/\/www.instagram.com\/barosa_lda\/\",\"https:\/\/pt.linkedin.com\/company\/barosa-lda\"],\"description\":\"Empresa de transforma\u00e7\u00e3o e comercializa\u00e7\u00e3o de produtos alimentares congelados. BAROSA \u00ae Pescados, \\\"N\u00e3o h\u00e1 bom garfo que resista\u00ae\\\". BAROSA \u00ae FoodService \\\"O lado bom da comida!\u00ae\\\"\",\"email\":\"info@barosa.com\",\"telephone\":\"+351 262824403\",\"legalName\":\"Manuel de Sousa Barosa, Lda.\",\"foundingDate\":\"1975-05-21\",\"vatID\":\"503365190\",\"taxID\":\"503365190\",\"duns\":\"452388713\",\"numberOfEmployees\":{\"@type\":\"QuantitativeValue\",\"minValue\":\"11\",\"maxValue\":\"50\"},\"ethicsPolicy\":\"https:\/\/b.avgeros.me\/politicaprivacidade\/\"}]}<\/script>\n<!-- \/ Yoast SEO Premium plugin. -->","yoast_head_json":{"title":"Ravioli Salm\u00e3o - BAROSA Congelados | Manuel de Sousa Barosa, Lda.","description":"Pasta with a creamy filling of smoked salmon, Ricotta cheese and dill.","robots":{"index":"noindex","follow":"follow","max-snippet":"max-snippet:-1","max-image-preview":"max-image-preview:large","max-video-preview":"max-video-preview:-1"},"og_locale":"en_GB","og_type":"article","og_title":"Ravioli Salm\u00e3o","og_description":"Massa com um cremoso recheio de salm\u00e3o fumado, queijo Ricotta e aneto.","og_url":"https:\/\/b.avgeros.me\/en\/product-2\/raviolli-salmao\/","og_site_name":"BAROSA Congelados | Manuel de Sousa Barosa, Lda.","article_publisher":"http:\/\/www.facebook.com\/barosa\/","article_modified_time":"2023-07-17T22:47:02+00:00","og_image":[{"width":768,"height":768,"url":"https:\/\/b.avgeros.me\/wp-content\/uploads\/2023\/07\/Pasta-Ravioli-Salmao-Dr-Oetker.jpg","type":"image\/jpeg"}],"twitter_card":"summary_large_image","twitter_site":"@barosa_lda","schema":{"@context":"https:\/\/schema.org","@graph":[{"@type":"WebPage","@id":"https:\/\/b.avgeros.me\/produto\/raviolli-salmao\/","url":"https:\/\/b.avgeros.me\/produto\/raviolli-salmao\/","name":"Ravioli Salm\u00e3o - BAROSA Congelados | Manuel de Sousa Barosa, Lda.","isPartOf":{"@id":"https:\/\/b.avgeros.me\/#website"},"primaryImageOfPage":{"@id":"https:\/\/b.avgeros.me\/produto\/raviolli-salmao\/#primaryimage"},"image":{"@id":"https:\/\/b.avgeros.me\/produto\/raviolli-salmao\/#primaryimage"},"thumbnailUrl":"https:\/\/b.avgeros.me\/wp-content\/uploads\/2023\/07\/Pasta-Ravioli-Salmao-Dr-Oetker.jpg","datePublished":"2023-07-17T11:28:19+00:00","dateModified":"2023-07-17T22:47:02+00:00","description":"Pasta with a creamy filling of smoked salmon, Ricotta cheese and dill.","breadcrumb":{"@id":"https:\/\/b.avgeros.me\/produto\/raviolli-salmao\/#breadcrumb"},"inLanguage":"en-GB","potentialAction":[{"@type":"ReadAction","target":["https:\/\/b.avgeros.me\/produto\/raviolli-salmao\/"]}]},{"@type":"ImageObject","inLanguage":"en-GB","@id":"https:\/\/b.avgeros.me\/produto\/raviolli-salmao\/#primaryimage","url":"https:\/\/b.avgeros.me\/wp-content\/uploads\/2023\/07\/Pasta-Ravioli-Salmao-Dr-Oetker.jpg","contentUrl":"https:\/\/b.avgeros.me\/wp-content\/uploads\/2023\/07\/Pasta-Ravioli-Salmao-Dr-Oetker.jpg","width":768,"height":768,"caption":"Pasta Ravioli Salm\u00e3o Dr Oetker"},{"@type":"BreadcrumbList","@id":"https:\/\/b.avgeros.me\/produto\/raviolli-salmao\/#breadcrumb","itemListElement":[{"@type":"ListItem","position":1,"name":"In\u00edcio","item":"https:\/\/b.avgeros.me\/"},{"@type":"ListItem","position":2,"name":"Shop","item":"https:\/\/b.avgeros.me\/shop\/"},{"@type":"ListItem","position":3,"name":"Ravioli Salm\u00e3o"}]},{"@type":"WebSite","@id":"https:\/\/b.avgeros.me\/#website","url":"https:\/\/b.avgeros.me\/","name":"BAROSA Congelados | Manuel de Sousa Barosa, Lda.","description":"Empresa de transforma\u00e7\u00e3o e comercializa\u00e7\u00e3o de produtos alimentares congelados. BAROSA \u00ae Pescados, &quot;N\u00e3o h\u00e1 bom garfo que resista\u00ae&quot;. BAROSA \u00ae FoodService &quot;O lado bom da comida\u00ae&quot;. Pescados Crust\u00e1ceos Mariscos Cefal\u00f3podes Bivalves Padaria Pastelaria Pizzas Sobremesas","publisher":{"@id":"https:\/\/b.avgeros.me\/#organization"},"alternateName":"BAROSA\u00ae","potentialAction":[{"@type":"SearchAction","target":{"@type":"EntryPoint","urlTemplate":"https:\/\/b.avgeros.me\/?s={search_term_string}"},"query-input":{"@type":"PropertyValueSpecification","valueRequired":true,"valueName":"search_term_string"}}],"inLanguage":"en-GB"},{"@type":"Organization","@id":"https:\/\/b.avgeros.me\/#organization","name":"Manuel de Sousa Barosa, Lda.","alternateName":"BAROSA","url":"https:\/\/b.avgeros.me\/","logo":{"@type":"ImageObject","inLanguage":"en-GB","@id":"https:\/\/b.avgeros.me\/#\/schema\/logo\/image\/","url":"https:\/\/b.avgeros.me\/wp-content\/uploads\/2025\/03\/BAROSA-Logo-696x696-1.jpg","contentUrl":"https:\/\/b.avgeros.me\/wp-content\/uploads\/2025\/03\/BAROSA-Logo-696x696-1.jpg","width":696,"height":696,"caption":"Manuel de Sousa Barosa, Lda."},"image":{"@id":"https:\/\/b.avgeros.me\/#\/schema\/logo\/image\/"},"sameAs":["http:\/\/www.facebook.com\/barosa\/","https:\/\/x.com\/barosa_lda","https:\/\/www.instagram.com\/barosa_lda\/","https:\/\/pt.linkedin.com\/company\/barosa-lda"],"description":"Empresa de transforma\u00e7\u00e3o e comercializa\u00e7\u00e3o de produtos alimentares congelados. BAROSA \u00ae Pescados, \"N\u00e3o h\u00e1 bom garfo que resista\u00ae\". BAROSA \u00ae FoodService \"O lado bom da comida!\u00ae\"","email":"info@barosa.com","telephone":"+351 262824403","legalName":"Manuel de Sousa Barosa, Lda.","foundingDate":"1975-05-21","vatID":"503365190","taxID":"503365190","duns":"452388713","numberOfEmployees":{"@type":"QuantitativeValue","minValue":"11","maxValue":"50"},"ethicsPolicy":"https:\/\/b.avgeros.me\/politicaprivacidade\/"}]}},"_links":{"self":[{"href":"https:\/\/b.avgeros.me\/en\/wp-json\/wp\/v2\/product\/9707","targetHints":{"allow":["GET"]}}],"collection":[{"href":"https:\/\/b.avgeros.me\/en\/wp-json\/wp\/v2\/product"}],"about":[{"href":"https:\/\/b.avgeros.me\/en\/wp-json\/wp\/v2\/types\/product"}],"wp:featuredmedia":[{"embeddable":true,"href":"https:\/\/b.avgeros.me\/en\/wp-json\/wp\/v2\/media\/9708"}],"wp:attachment":[{"href":"https:\/\/b.avgeros.me\/en\/wp-json\/wp\/v2\/media?parent=9707"}],"wp:term":[{"taxonomy":"product_brand","embeddable":true,"href":"https:\/\/b.avgeros.me\/en\/wp-json\/wp\/v2\/product_brand?post=9707"},{"taxonomy":"product_cat","embeddable":true,"href":"https:\/\/b.avgeros.me\/en\/wp-json\/wp\/v2\/product_cat?post=9707"},{"taxonomy":"product_tag","embeddable":true,"href":"https:\/\/b.avgeros.me\/en\/wp-json\/wp\/v2\/product_tag?post=9707"}],"curies":[{"name":"wp","href":"https:\/\/api.w.org\/{rel}","templated":true}]}}