{"id":7309,"date":"2022-03-29T22:36:43","date_gmt":"2022-03-29T21:36:43","guid":{"rendered":"https:\/\/b.avgeros.me\/?post_type=product&#038;p=7309"},"modified":"2022-04-07T21:03:57","modified_gmt":"2022-04-07T20:03:57","slug":"jardineira-650g-iglo","status":"publish","type":"product","link":"https:\/\/b.avgeros.me\/en\/product-2\/jardineira-650g-iglo\/","title":{"rendered":"Jardineira (650g) [Iglo]"},"content":{"rendered":"","protected":false},"excerpt":{"rendered":"<p>Combina\u00e7\u00e3o equilibrada de ervilhas, feij\u00e3o verde, batata e cenoura, a Jardineira Iglo \u00e9 a solu\u00e7\u00e3o ideal para as suas saladas ou guisados. Selecion\u00e1mos os melhores legumes, congelando-os o mais rapidamente poss\u00edvel para que mantenham toda a sua frescura, e fizemos esta mistura, pronta a usar nos seus cozinhados.<\/p>\n<p>&nbsp;<\/p>\n[bg_collapse view=\"link\" color=\"#4a4949\" icon=\"arrow\" expand_text=\"Modo de Prepara\u00e7\u00e3o\" collapse_text=\"Esconder\" ]<\/p>\n<h3>How to prepare<\/h3>\n<p>Para preservar todo o seu valor nutritivo, aconselhamos que prepare a Jardineira em pouca \u00e1gua.<\/p>\n<p><img loading=\"lazy\" decoding=\"async\" class=\"size-full wp-image-6533\" src=\"https:\/\/b.avgeros.me\/wp-content\/uploads\/2021\/11\/Microondas.png\" alt=\"Micro-Ondas\" width=\"50\" height=\"50\" srcset=\"https:\/\/b.avgeros.me\/wp-content\/uploads\/2021\/11\/Microondas.png 50w, https:\/\/b.avgeros.me\/wp-content\/uploads\/2021\/11\/Microondas-12x12.png 12w\" sizes=\"auto, (max-width: 50px) 100vw, 50px\" \/><\/p>\n<p>No Micro-Ondas:<\/p>\n<p>Para 2 por\u00e7\u00f5es (200g) Sem descongelar, coloque o produto num recipiente pr\u00f3prio para micro-ondas adicione 3 colheres de sopa de \u00e1gua. Colocar no micro-ondas a 750W durante 7 minutos.<\/p>\n<p><img loading=\"lazy\" decoding=\"async\" class=\"size-full wp-image-7282\" src=\"https:\/\/b.avgeros.me\/wp-content\/uploads\/2022\/03\/panela.png\" alt=\"Panela\" width=\"30\" height=\"30\" srcset=\"https:\/\/b.avgeros.me\/wp-content\/uploads\/2022\/03\/panela.png 30w, https:\/\/b.avgeros.me\/wp-content\/uploads\/2022\/03\/panela-12x12.png 12w\" sizes=\"auto, (max-width: 30px) 100vw, 30px\" \/><\/p>\n<p>Na Panela:<\/p>\n<p>Leve uma panela ao lume com pouca \u00e1gua e sal e quando come\u00e7ar a ferver adicione o conte\u00fado da embalagem. Ap\u00f3s levantar fervura novamente, deixe cozer cerca de 8-10 minutos. Retire do lume e escorra a \u00e1gua.<\/p>\n<p>[\/bg_collapse]\n<p>&nbsp;<\/p>\n<p>Embalagem com 8 sacos de 650 grs.<\/p>\n<p><strong>Brand:<\/strong> Iglo<\/p>\n<h6><em>Frozen product<\/em><\/h6>","protected":false},"featured_media":7415,"template":"","meta":[],"product_brand":[],"product_cat":[183],"product_tag":[],"class_list":{"0":"post-7309","1":"product","2":"type-product","3":"status-publish","4":"has-post-thumbnail","6":"product_cat-vegetais-embalados","8":"first","9":"instock","10":"taxable","11":"shipping-taxable","12":"purchasable","13":"product-type-simple"},"yoast_head":"<!-- This site is optimized with the Yoast SEO Premium plugin v24.6 (Yoast SEO v24.6) - https:\/\/yoast.com\/wordpress\/plugins\/seo\/ -->\n<title>Jardineira (650g) [Iglo] - BAROSA Congelados | Manuel de Sousa Barosa, Lda.<\/title>\n<meta name=\"description\" content=\"Combina\u00e7\u00e3o equilibrada de ervilhas, feij\u00e3o verde, batata e cenoura, a Jardineira Iglo \u00e9 a solu\u00e7\u00e3o ideal para as suas saladas ou guisados.\" \/>\n<meta name=\"robots\" content=\"noindex, follow, max-snippet:-1, max-image-preview:large, max-video-preview:-1\" \/>\n<meta property=\"og:locale\" content=\"en_GB\" \/>\n<meta property=\"og:type\" content=\"article\" \/>\n<meta property=\"og:title\" content=\"Jardineira (650g) [Iglo]\" \/>\n<meta property=\"og:description\" content=\"Combina\u00e7\u00e3o equilibrada de ervilhas, feij\u00e3o verde, batata e cenoura, a Jardineira Iglo \u00e9 a solu\u00e7\u00e3o ideal para as suas saladas ou guisados.\" \/>\n<meta property=\"og:url\" content=\"https:\/\/b.avgeros.me\/en\/product-2\/jardineira-650g-iglo\/\" \/>\n<meta property=\"og:site_name\" content=\"BAROSA Congelados | Manuel de Sousa Barosa, Lda.\" \/>\n<meta property=\"article:publisher\" content=\"http:\/\/www.facebook.com\/barosa\/\" \/>\n<meta property=\"article:modified_time\" content=\"2022-04-07T20:03:57+00:00\" \/>\n<meta property=\"og:image\" content=\"https:\/\/b.avgeros.me\/wp-content\/uploads\/2022\/04\/Jardineira-650g-Iglo.jpg\" \/>\n\t<meta property=\"og:image:width\" content=\"1280\" \/>\n\t<meta property=\"og:image:height\" content=\"1280\" \/>\n\t<meta property=\"og:image:type\" content=\"image\/jpeg\" \/>\n<meta name=\"twitter:card\" content=\"summary_large_image\" \/>\n<meta name=\"twitter:site\" content=\"@barosa_lda\" \/>\n<script type=\"application\/ld+json\" class=\"yoast-schema-graph\">{\"@context\":\"https:\/\/schema.org\",\"@graph\":[{\"@type\":\"WebPage\",\"@id\":\"https:\/\/b.avgeros.me\/produto\/jardineira-650g-iglo\/\",\"url\":\"https:\/\/b.avgeros.me\/produto\/jardineira-650g-iglo\/\",\"name\":\"Jardineira (650g) [Iglo] - BAROSA Congelados | Manuel de Sousa Barosa, Lda.\",\"isPartOf\":{\"@id\":\"https:\/\/b.avgeros.me\/#website\"},\"primaryImageOfPage\":{\"@id\":\"https:\/\/b.avgeros.me\/produto\/jardineira-650g-iglo\/#primaryimage\"},\"image\":{\"@id\":\"https:\/\/b.avgeros.me\/produto\/jardineira-650g-iglo\/#primaryimage\"},\"thumbnailUrl\":\"https:\/\/b.avgeros.me\/wp-content\/uploads\/2022\/04\/Jardineira-650g-Iglo.jpg\",\"datePublished\":\"2022-03-29T21:36:43+00:00\",\"dateModified\":\"2022-04-07T20:03:57+00:00\",\"description\":\"Combina\u00e7\u00e3o equilibrada de ervilhas, feij\u00e3o verde, batata e cenoura, a Jardineira Iglo \u00e9 a solu\u00e7\u00e3o ideal para as suas saladas ou guisados.\",\"breadcrumb\":{\"@id\":\"https:\/\/b.avgeros.me\/produto\/jardineira-650g-iglo\/#breadcrumb\"},\"inLanguage\":\"en-GB\",\"potentialAction\":[{\"@type\":\"ReadAction\",\"target\":[\"https:\/\/b.avgeros.me\/produto\/jardineira-650g-iglo\/\"]}]},{\"@type\":\"ImageObject\",\"inLanguage\":\"en-GB\",\"@id\":\"https:\/\/b.avgeros.me\/produto\/jardineira-650g-iglo\/#primaryimage\",\"url\":\"https:\/\/b.avgeros.me\/wp-content\/uploads\/2022\/04\/Jardineira-650g-Iglo.jpg\",\"contentUrl\":\"https:\/\/b.avgeros.me\/wp-content\/uploads\/2022\/04\/Jardineira-650g-Iglo.jpg\",\"width\":1280,\"height\":1280,\"caption\":\"Jardineira (650g) [Iglo]\"},{\"@type\":\"BreadcrumbList\",\"@id\":\"https:\/\/b.avgeros.me\/produto\/jardineira-650g-iglo\/#breadcrumb\",\"itemListElement\":[{\"@type\":\"ListItem\",\"position\":1,\"name\":\"In\u00edcio\",\"item\":\"https:\/\/b.avgeros.me\/\"},{\"@type\":\"ListItem\",\"position\":2,\"name\":\"Shop\",\"item\":\"https:\/\/b.avgeros.me\/shop\/\"},{\"@type\":\"ListItem\",\"position\":3,\"name\":\"Jardineira (650g) [Iglo]\"}]},{\"@type\":\"WebSite\",\"@id\":\"https:\/\/b.avgeros.me\/#website\",\"url\":\"https:\/\/b.avgeros.me\/\",\"name\":\"BAROSA Congelados | Manuel de Sousa Barosa, Lda.\",\"description\":\"Empresa de transforma\u00e7\u00e3o e comercializa\u00e7\u00e3o de produtos alimentares congelados. BAROSA \u00ae Pescados, &quot;N\u00e3o h\u00e1 bom garfo que resista\u00ae&quot;. BAROSA \u00ae FoodService &quot;O lado bom da comida\u00ae&quot;. Pescados Crust\u00e1ceos Mariscos Cefal\u00f3podes Bivalves Padaria Pastelaria Pizzas Sobremesas\",\"publisher\":{\"@id\":\"https:\/\/b.avgeros.me\/#organization\"},\"alternateName\":\"BAROSA\u00ae\",\"potentialAction\":[{\"@type\":\"SearchAction\",\"target\":{\"@type\":\"EntryPoint\",\"urlTemplate\":\"https:\/\/b.avgeros.me\/?s={search_term_string}\"},\"query-input\":{\"@type\":\"PropertyValueSpecification\",\"valueRequired\":true,\"valueName\":\"search_term_string\"}}],\"inLanguage\":\"en-GB\"},{\"@type\":\"Organization\",\"@id\":\"https:\/\/b.avgeros.me\/#organization\",\"name\":\"Manuel de Sousa Barosa, Lda.\",\"alternateName\":\"BAROSA\",\"url\":\"https:\/\/b.avgeros.me\/\",\"logo\":{\"@type\":\"ImageObject\",\"inLanguage\":\"en-GB\",\"@id\":\"https:\/\/b.avgeros.me\/#\/schema\/logo\/image\/\",\"url\":\"https:\/\/b.avgeros.me\/wp-content\/uploads\/2025\/03\/BAROSA-Logo-696x696-1.jpg\",\"contentUrl\":\"https:\/\/b.avgeros.me\/wp-content\/uploads\/2025\/03\/BAROSA-Logo-696x696-1.jpg\",\"width\":696,\"height\":696,\"caption\":\"Manuel de Sousa Barosa, Lda.\"},\"image\":{\"@id\":\"https:\/\/b.avgeros.me\/#\/schema\/logo\/image\/\"},\"sameAs\":[\"http:\/\/www.facebook.com\/barosa\/\",\"https:\/\/x.com\/barosa_lda\",\"https:\/\/www.instagram.com\/barosa_lda\/\",\"https:\/\/pt.linkedin.com\/company\/barosa-lda\"],\"description\":\"Empresa de transforma\u00e7\u00e3o e comercializa\u00e7\u00e3o de produtos alimentares congelados. BAROSA \u00ae Pescados, \\\"N\u00e3o h\u00e1 bom garfo que resista\u00ae\\\". BAROSA \u00ae FoodService \\\"O lado bom da comida!\u00ae\\\"\",\"email\":\"info@barosa.com\",\"telephone\":\"+351 262824403\",\"legalName\":\"Manuel de Sousa Barosa, Lda.\",\"foundingDate\":\"1975-05-21\",\"vatID\":\"503365190\",\"taxID\":\"503365190\",\"duns\":\"452388713\",\"numberOfEmployees\":{\"@type\":\"QuantitativeValue\",\"minValue\":\"11\",\"maxValue\":\"50\"},\"ethicsPolicy\":\"https:\/\/b.avgeros.me\/politicaprivacidade\/\"}]}<\/script>\n<!-- \/ Yoast SEO Premium plugin. -->","yoast_head_json":{"title":"Jardineira (650g) [Iglo] - BAROSA Congelados | Manuel de Sousa Barosa, Lda.","description":"Combina\u00e7\u00e3o equilibrada de ervilhas, feij\u00e3o verde, batata e cenoura, a Jardineira Iglo \u00e9 a solu\u00e7\u00e3o ideal para as suas saladas ou guisados.","robots":{"index":"noindex","follow":"follow","max-snippet":"max-snippet:-1","max-image-preview":"max-image-preview:large","max-video-preview":"max-video-preview:-1"},"og_locale":"en_GB","og_type":"article","og_title":"Jardineira (650g) [Iglo]","og_description":"Combina\u00e7\u00e3o equilibrada de ervilhas, feij\u00e3o verde, batata e cenoura, a Jardineira Iglo \u00e9 a solu\u00e7\u00e3o ideal para as suas saladas ou guisados.","og_url":"https:\/\/b.avgeros.me\/en\/product-2\/jardineira-650g-iglo\/","og_site_name":"BAROSA Congelados | Manuel de Sousa Barosa, Lda.","article_publisher":"http:\/\/www.facebook.com\/barosa\/","article_modified_time":"2022-04-07T20:03:57+00:00","og_image":[{"width":1280,"height":1280,"url":"https:\/\/b.avgeros.me\/wp-content\/uploads\/2022\/04\/Jardineira-650g-Iglo.jpg","type":"image\/jpeg"}],"twitter_card":"summary_large_image","twitter_site":"@barosa_lda","schema":{"@context":"https:\/\/schema.org","@graph":[{"@type":"WebPage","@id":"https:\/\/b.avgeros.me\/produto\/jardineira-650g-iglo\/","url":"https:\/\/b.avgeros.me\/produto\/jardineira-650g-iglo\/","name":"Jardineira (650g) [Iglo] - BAROSA Congelados | Manuel de Sousa Barosa, Lda.","isPartOf":{"@id":"https:\/\/b.avgeros.me\/#website"},"primaryImageOfPage":{"@id":"https:\/\/b.avgeros.me\/produto\/jardineira-650g-iglo\/#primaryimage"},"image":{"@id":"https:\/\/b.avgeros.me\/produto\/jardineira-650g-iglo\/#primaryimage"},"thumbnailUrl":"https:\/\/b.avgeros.me\/wp-content\/uploads\/2022\/04\/Jardineira-650g-Iglo.jpg","datePublished":"2022-03-29T21:36:43+00:00","dateModified":"2022-04-07T20:03:57+00:00","description":"Combina\u00e7\u00e3o equilibrada de ervilhas, feij\u00e3o verde, batata e cenoura, a Jardineira Iglo \u00e9 a solu\u00e7\u00e3o ideal para as suas saladas ou guisados.","breadcrumb":{"@id":"https:\/\/b.avgeros.me\/produto\/jardineira-650g-iglo\/#breadcrumb"},"inLanguage":"en-GB","potentialAction":[{"@type":"ReadAction","target":["https:\/\/b.avgeros.me\/produto\/jardineira-650g-iglo\/"]}]},{"@type":"ImageObject","inLanguage":"en-GB","@id":"https:\/\/b.avgeros.me\/produto\/jardineira-650g-iglo\/#primaryimage","url":"https:\/\/b.avgeros.me\/wp-content\/uploads\/2022\/04\/Jardineira-650g-Iglo.jpg","contentUrl":"https:\/\/b.avgeros.me\/wp-content\/uploads\/2022\/04\/Jardineira-650g-Iglo.jpg","width":1280,"height":1280,"caption":"Jardineira (650g) [Iglo]"},{"@type":"BreadcrumbList","@id":"https:\/\/b.avgeros.me\/produto\/jardineira-650g-iglo\/#breadcrumb","itemListElement":[{"@type":"ListItem","position":1,"name":"In\u00edcio","item":"https:\/\/b.avgeros.me\/"},{"@type":"ListItem","position":2,"name":"Shop","item":"https:\/\/b.avgeros.me\/shop\/"},{"@type":"ListItem","position":3,"name":"Jardineira (650g) [Iglo]"}]},{"@type":"WebSite","@id":"https:\/\/b.avgeros.me\/#website","url":"https:\/\/b.avgeros.me\/","name":"BAROSA Congelados | Manuel de Sousa Barosa, Lda.","description":"Empresa de transforma\u00e7\u00e3o e comercializa\u00e7\u00e3o de produtos alimentares congelados. BAROSA \u00ae Pescados, &quot;N\u00e3o h\u00e1 bom garfo que resista\u00ae&quot;. BAROSA \u00ae FoodService &quot;O lado bom da comida\u00ae&quot;. Pescados Crust\u00e1ceos Mariscos Cefal\u00f3podes Bivalves Padaria Pastelaria Pizzas Sobremesas","publisher":{"@id":"https:\/\/b.avgeros.me\/#organization"},"alternateName":"BAROSA\u00ae","potentialAction":[{"@type":"SearchAction","target":{"@type":"EntryPoint","urlTemplate":"https:\/\/b.avgeros.me\/?s={search_term_string}"},"query-input":{"@type":"PropertyValueSpecification","valueRequired":true,"valueName":"search_term_string"}}],"inLanguage":"en-GB"},{"@type":"Organization","@id":"https:\/\/b.avgeros.me\/#organization","name":"Manuel de Sousa Barosa, Lda.","alternateName":"BAROSA","url":"https:\/\/b.avgeros.me\/","logo":{"@type":"ImageObject","inLanguage":"en-GB","@id":"https:\/\/b.avgeros.me\/#\/schema\/logo\/image\/","url":"https:\/\/b.avgeros.me\/wp-content\/uploads\/2025\/03\/BAROSA-Logo-696x696-1.jpg","contentUrl":"https:\/\/b.avgeros.me\/wp-content\/uploads\/2025\/03\/BAROSA-Logo-696x696-1.jpg","width":696,"height":696,"caption":"Manuel de Sousa Barosa, Lda."},"image":{"@id":"https:\/\/b.avgeros.me\/#\/schema\/logo\/image\/"},"sameAs":["http:\/\/www.facebook.com\/barosa\/","https:\/\/x.com\/barosa_lda","https:\/\/www.instagram.com\/barosa_lda\/","https:\/\/pt.linkedin.com\/company\/barosa-lda"],"description":"Empresa de transforma\u00e7\u00e3o e comercializa\u00e7\u00e3o de produtos alimentares congelados. BAROSA \u00ae Pescados, \"N\u00e3o h\u00e1 bom garfo que resista\u00ae\". BAROSA \u00ae FoodService \"O lado bom da comida!\u00ae\"","email":"info@barosa.com","telephone":"+351 262824403","legalName":"Manuel de Sousa Barosa, Lda.","foundingDate":"1975-05-21","vatID":"503365190","taxID":"503365190","duns":"452388713","numberOfEmployees":{"@type":"QuantitativeValue","minValue":"11","maxValue":"50"},"ethicsPolicy":"https:\/\/b.avgeros.me\/politicaprivacidade\/"}]}},"_links":{"self":[{"href":"https:\/\/b.avgeros.me\/en\/wp-json\/wp\/v2\/product\/7309","targetHints":{"allow":["GET"]}}],"collection":[{"href":"https:\/\/b.avgeros.me\/en\/wp-json\/wp\/v2\/product"}],"about":[{"href":"https:\/\/b.avgeros.me\/en\/wp-json\/wp\/v2\/types\/product"}],"wp:featuredmedia":[{"embeddable":true,"href":"https:\/\/b.avgeros.me\/en\/wp-json\/wp\/v2\/media\/7415"}],"wp:attachment":[{"href":"https:\/\/b.avgeros.me\/en\/wp-json\/wp\/v2\/media?parent=7309"}],"wp:term":[{"taxonomy":"product_brand","embeddable":true,"href":"https:\/\/b.avgeros.me\/en\/wp-json\/wp\/v2\/product_brand?post=7309"},{"taxonomy":"product_cat","embeddable":true,"href":"https:\/\/b.avgeros.me\/en\/wp-json\/wp\/v2\/product_cat?post=7309"},{"taxonomy":"product_tag","embeddable":true,"href":"https:\/\/b.avgeros.me\/en\/wp-json\/wp\/v2\/product_tag?post=7309"}],"curies":[{"name":"wp","href":"https:\/\/api.w.org\/{rel}","templated":true}]}}