{"id":7299,"date":"2022-03-29T21:59:44","date_gmt":"2022-03-29T20:59:44","guid":{"rendered":"https:\/\/b.avgeros.me\/?post_type=product&#038;p=7299"},"modified":"2024-02-05T19:36:42","modified_gmt":"2024-02-05T18:36:42","slug":"espinafres-em-folhas-450-grs","status":"publish","type":"product","link":"https:\/\/b.avgeros.me\/en\/product-2\/espinafres-em-folhas-450-grs\/","title":{"rendered":"Espinafres em Folhas 450 grs [Iglo]"},"content":{"rendered":"","protected":false},"excerpt":{"rendered":"<p>Sabia que a partir do momento em que os legumes s\u00e3o colhidos come\u00e7am a perder vitaminas? \u00c9 por isso que a Iglo tem um especial cuidado com os seus espinafres, congelando-os no dia da colheita, para que retenham o m\u00e1ximo de vitaminas. Nutritivos e f\u00e1ceis de digerir, os espinafres s\u00e3o uma importante fonte de vitaminas, sendo ricos em Vitamina A.<\/p>\n<p>&nbsp;<\/p>\n[bg_collapse view=\"link\" color=\"#4a4949\" icon=\"arrow\" expand_text=\"Modo de Prepara\u00e7\u00e3o\" collapse_text=\"Esconder\" ]<\/p>\n<h3>How to prepare<\/h3>\n<p><img loading=\"lazy\" decoding=\"async\" class=\"size-full wp-image-6533\" src=\"https:\/\/b.avgeros.me\/wp-content\/uploads\/2021\/11\/Microondas.png\" alt=\"Micro-Ondas\" width=\"50\" height=\"50\" srcset=\"https:\/\/b.avgeros.me\/wp-content\/uploads\/2021\/11\/Microondas.png 50w, https:\/\/b.avgeros.me\/wp-content\/uploads\/2021\/11\/Microondas-12x12.png 12w\" sizes=\"auto, (max-width: 50px) 100vw, 50px\" \/><\/p>\n<p>No Micro-Ondas:<\/p>\n<p>Para 2 por\u00e7\u00f5es, coloque num recipiente pr\u00f3prio para micro-ondas e adicione 5 colheres de sopa de \u00e1gua. Regule o micro-ondas para uma pot\u00eancia de 750W e deixe cozinhar durante 6 minutos.<\/p>\n<h5>NOTA: Os tempos referidos s\u00e3o aproximados, dependendo da pot\u00eancia do seu micro-ondas.<\/h5>\n<p><img loading=\"lazy\" decoding=\"async\" class=\"size-full wp-image-7271\" src=\"https:\/\/b.avgeros.me\/wp-content\/uploads\/2022\/03\/Tacho.png\" alt=\"Tacho\" width=\"30\" height=\"30\" srcset=\"https:\/\/b.avgeros.me\/wp-content\/uploads\/2022\/03\/Tacho.png 30w, https:\/\/b.avgeros.me\/wp-content\/uploads\/2022\/03\/Tacho-12x12.png 12w\" sizes=\"auto, (max-width: 30px) 100vw, 30px\" \/><\/p>\n<p>Modo Tradicional:<\/p>\n<p>Coloque num tacho m\u00e9dio o m\u00ednimo de \u00e1gua necess\u00e1rio para cobrir as por\u00e7\u00f5es de Espinafres e tempere com sal a gosto. Quando a \u00e1gua come\u00e7ar a ferver, junte a por\u00e7\u00f5es desejadas e mexa frequentemente. Assim que estas tenham descongelado, deixe cozer mais 2-3 minutos.<\/p>\n<p>[\/bg_collapse]\n<p>&nbsp;<\/p>\n<p>Embalagem com 6 caixas de 450 grs.<\/p>\n<p><strong>Brand:<\/strong> Iglo<\/p>\n<h6><em>Frozen product<\/em><\/h6>","protected":false},"featured_media":7411,"template":"","meta":[],"product_brand":[],"product_cat":[183],"product_tag":[],"class_list":{"0":"post-7299","1":"product","2":"type-product","3":"status-publish","4":"has-post-thumbnail","6":"product_cat-vegetais-embalados","8":"first","9":"instock","10":"taxable","11":"shipping-taxable","12":"purchasable","13":"product-type-simple"},"yoast_head":"<!-- This site is optimized with the Yoast SEO Premium plugin v24.6 (Yoast SEO v24.6) - https:\/\/yoast.com\/wordpress\/plugins\/seo\/ -->\n<title>Espinafres em Folhas 450 grs [Iglo] - BAROSA Congelados | Manuel de Sousa Barosa, Lda.<\/title>\n<meta name=\"description\" content=\"O Esparregado Iglo \u00e9 feito com espinafres crus que congelando-os no dia da colheita, para que retenham o m\u00e1ximo de vitaminas.\" \/>\n<meta name=\"robots\" content=\"noindex, follow, max-snippet:-1, max-image-preview:large, max-video-preview:-1\" \/>\n<meta property=\"og:locale\" content=\"en_GB\" \/>\n<meta property=\"og:type\" content=\"article\" \/>\n<meta property=\"og:title\" content=\"Espinafres em Folhas 450 grs [Iglo]\" \/>\n<meta property=\"og:description\" content=\"O Esparregado Iglo \u00e9 feito com espinafres crus que congelando-os no dia da colheita, para que retenham o m\u00e1ximo de vitaminas.\" \/>\n<meta property=\"og:url\" content=\"https:\/\/b.avgeros.me\/en\/product-2\/espinafres-em-folhas-450-grs\/\" \/>\n<meta property=\"og:site_name\" content=\"BAROSA Congelados | Manuel de Sousa Barosa, Lda.\" \/>\n<meta property=\"article:publisher\" content=\"http:\/\/www.facebook.com\/barosa\/\" \/>\n<meta property=\"article:modified_time\" content=\"2024-02-05T18:36:42+00:00\" \/>\n<meta property=\"og:image\" content=\"https:\/\/b.avgeros.me\/wp-content\/uploads\/2022\/04\/Espinafres-em-Folhas-450-grs-Iglo.jpg\" \/>\n\t<meta property=\"og:image:width\" content=\"1280\" \/>\n\t<meta property=\"og:image:height\" content=\"1280\" \/>\n\t<meta property=\"og:image:type\" content=\"image\/jpeg\" \/>\n<meta name=\"twitter:card\" content=\"summary_large_image\" \/>\n<meta name=\"twitter:site\" content=\"@barosa_lda\" \/>\n<meta name=\"twitter:label1\" content=\"Estimated reading time\" \/>\n\t<meta name=\"twitter:data1\" content=\"2 minutes\" \/>\n<script type=\"application\/ld+json\" class=\"yoast-schema-graph\">{\"@context\":\"https:\/\/schema.org\",\"@graph\":[{\"@type\":\"WebPage\",\"@id\":\"https:\/\/b.avgeros.me\/produto\/espinafres-em-folhas-450-grs\/\",\"url\":\"https:\/\/b.avgeros.me\/produto\/espinafres-em-folhas-450-grs\/\",\"name\":\"Espinafres em Folhas 450 grs [Iglo] - BAROSA Congelados | Manuel de Sousa Barosa, Lda.\",\"isPartOf\":{\"@id\":\"https:\/\/b.avgeros.me\/#website\"},\"primaryImageOfPage\":{\"@id\":\"https:\/\/b.avgeros.me\/produto\/espinafres-em-folhas-450-grs\/#primaryimage\"},\"image\":{\"@id\":\"https:\/\/b.avgeros.me\/produto\/espinafres-em-folhas-450-grs\/#primaryimage\"},\"thumbnailUrl\":\"https:\/\/b.avgeros.me\/wp-content\/uploads\/2022\/04\/Espinafres-em-Folhas-450-grs-Iglo.jpg\",\"datePublished\":\"2022-03-29T20:59:44+00:00\",\"dateModified\":\"2024-02-05T18:36:42+00:00\",\"description\":\"O Esparregado Iglo \u00e9 feito com espinafres crus que congelando-os no dia da colheita, para que retenham o m\u00e1ximo de vitaminas.\",\"breadcrumb\":{\"@id\":\"https:\/\/b.avgeros.me\/produto\/espinafres-em-folhas-450-grs\/#breadcrumb\"},\"inLanguage\":\"en-GB\",\"potentialAction\":[{\"@type\":\"ReadAction\",\"target\":[\"https:\/\/b.avgeros.me\/produto\/espinafres-em-folhas-450-grs\/\"]}]},{\"@type\":\"ImageObject\",\"inLanguage\":\"en-GB\",\"@id\":\"https:\/\/b.avgeros.me\/produto\/espinafres-em-folhas-450-grs\/#primaryimage\",\"url\":\"https:\/\/b.avgeros.me\/wp-content\/uploads\/2022\/04\/Espinafres-em-Folhas-450-grs-Iglo.jpg\",\"contentUrl\":\"https:\/\/b.avgeros.me\/wp-content\/uploads\/2022\/04\/Espinafres-em-Folhas-450-grs-Iglo.jpg\",\"width\":1280,\"height\":1280,\"caption\":\"Espinafres em Folhas 450 grs [Iglo]\"},{\"@type\":\"BreadcrumbList\",\"@id\":\"https:\/\/b.avgeros.me\/produto\/espinafres-em-folhas-450-grs\/#breadcrumb\",\"itemListElement\":[{\"@type\":\"ListItem\",\"position\":1,\"name\":\"In\u00edcio\",\"item\":\"https:\/\/b.avgeros.me\/\"},{\"@type\":\"ListItem\",\"position\":2,\"name\":\"Shop\",\"item\":\"https:\/\/b.avgeros.me\/shop\/\"},{\"@type\":\"ListItem\",\"position\":3,\"name\":\"Espinafres em Folhas 450 grs [Iglo]\"}]},{\"@type\":\"WebSite\",\"@id\":\"https:\/\/b.avgeros.me\/#website\",\"url\":\"https:\/\/b.avgeros.me\/\",\"name\":\"BAROSA Congelados | Manuel de Sousa Barosa, Lda.\",\"description\":\"Empresa de transforma\u00e7\u00e3o e comercializa\u00e7\u00e3o de produtos alimentares congelados. BAROSA \u00ae Pescados, &quot;N\u00e3o h\u00e1 bom garfo que resista\u00ae&quot;. BAROSA \u00ae FoodService &quot;O lado bom da comida\u00ae&quot;. Pescados Crust\u00e1ceos Mariscos Cefal\u00f3podes Bivalves Padaria Pastelaria Pizzas Sobremesas\",\"publisher\":{\"@id\":\"https:\/\/b.avgeros.me\/#organization\"},\"alternateName\":\"BAROSA\u00ae\",\"potentialAction\":[{\"@type\":\"SearchAction\",\"target\":{\"@type\":\"EntryPoint\",\"urlTemplate\":\"https:\/\/b.avgeros.me\/?s={search_term_string}\"},\"query-input\":{\"@type\":\"PropertyValueSpecification\",\"valueRequired\":true,\"valueName\":\"search_term_string\"}}],\"inLanguage\":\"en-GB\"},{\"@type\":\"Organization\",\"@id\":\"https:\/\/b.avgeros.me\/#organization\",\"name\":\"Manuel de Sousa Barosa, Lda.\",\"alternateName\":\"BAROSA\",\"url\":\"https:\/\/b.avgeros.me\/\",\"logo\":{\"@type\":\"ImageObject\",\"inLanguage\":\"en-GB\",\"@id\":\"https:\/\/b.avgeros.me\/#\/schema\/logo\/image\/\",\"url\":\"https:\/\/b.avgeros.me\/wp-content\/uploads\/2025\/03\/BAROSA-Logo-696x696-1.jpg\",\"contentUrl\":\"https:\/\/b.avgeros.me\/wp-content\/uploads\/2025\/03\/BAROSA-Logo-696x696-1.jpg\",\"width\":696,\"height\":696,\"caption\":\"Manuel de Sousa Barosa, Lda.\"},\"image\":{\"@id\":\"https:\/\/b.avgeros.me\/#\/schema\/logo\/image\/\"},\"sameAs\":[\"http:\/\/www.facebook.com\/barosa\/\",\"https:\/\/x.com\/barosa_lda\",\"https:\/\/www.instagram.com\/barosa_lda\/\",\"https:\/\/pt.linkedin.com\/company\/barosa-lda\"],\"description\":\"Empresa de transforma\u00e7\u00e3o e comercializa\u00e7\u00e3o de produtos alimentares congelados. BAROSA \u00ae Pescados, \\\"N\u00e3o h\u00e1 bom garfo que resista\u00ae\\\". BAROSA \u00ae FoodService \\\"O lado bom da comida!\u00ae\\\"\",\"email\":\"info@barosa.com\",\"telephone\":\"+351 262824403\",\"legalName\":\"Manuel de Sousa Barosa, Lda.\",\"foundingDate\":\"1975-05-21\",\"vatID\":\"503365190\",\"taxID\":\"503365190\",\"duns\":\"452388713\",\"numberOfEmployees\":{\"@type\":\"QuantitativeValue\",\"minValue\":\"11\",\"maxValue\":\"50\"},\"ethicsPolicy\":\"https:\/\/b.avgeros.me\/politicaprivacidade\/\"}]}<\/script>\n<!-- \/ Yoast SEO Premium plugin. -->","yoast_head_json":{"title":"Espinafres em Folhas 450 grs [Iglo] - BAROSA Congelados | Manuel de Sousa Barosa, Lda.","description":"O Esparregado Iglo \u00e9 feito com espinafres crus que congelando-os no dia da colheita, para que retenham o m\u00e1ximo de vitaminas.","robots":{"index":"noindex","follow":"follow","max-snippet":"max-snippet:-1","max-image-preview":"max-image-preview:large","max-video-preview":"max-video-preview:-1"},"og_locale":"en_GB","og_type":"article","og_title":"Espinafres em Folhas 450 grs [Iglo]","og_description":"O Esparregado Iglo \u00e9 feito com espinafres crus que congelando-os no dia da colheita, para que retenham o m\u00e1ximo de vitaminas.","og_url":"https:\/\/b.avgeros.me\/en\/product-2\/espinafres-em-folhas-450-grs\/","og_site_name":"BAROSA Congelados | Manuel de Sousa Barosa, Lda.","article_publisher":"http:\/\/www.facebook.com\/barosa\/","article_modified_time":"2024-02-05T18:36:42+00:00","og_image":[{"width":1280,"height":1280,"url":"https:\/\/b.avgeros.me\/wp-content\/uploads\/2022\/04\/Espinafres-em-Folhas-450-grs-Iglo.jpg","type":"image\/jpeg"}],"twitter_card":"summary_large_image","twitter_site":"@barosa_lda","twitter_misc":{"Estimated reading time":"2 minutes"},"schema":{"@context":"https:\/\/schema.org","@graph":[{"@type":"WebPage","@id":"https:\/\/b.avgeros.me\/produto\/espinafres-em-folhas-450-grs\/","url":"https:\/\/b.avgeros.me\/produto\/espinafres-em-folhas-450-grs\/","name":"Espinafres em Folhas 450 grs [Iglo] - BAROSA Congelados | Manuel de Sousa Barosa, Lda.","isPartOf":{"@id":"https:\/\/b.avgeros.me\/#website"},"primaryImageOfPage":{"@id":"https:\/\/b.avgeros.me\/produto\/espinafres-em-folhas-450-grs\/#primaryimage"},"image":{"@id":"https:\/\/b.avgeros.me\/produto\/espinafres-em-folhas-450-grs\/#primaryimage"},"thumbnailUrl":"https:\/\/b.avgeros.me\/wp-content\/uploads\/2022\/04\/Espinafres-em-Folhas-450-grs-Iglo.jpg","datePublished":"2022-03-29T20:59:44+00:00","dateModified":"2024-02-05T18:36:42+00:00","description":"O Esparregado Iglo \u00e9 feito com espinafres crus que congelando-os no dia da colheita, para que retenham o m\u00e1ximo de vitaminas.","breadcrumb":{"@id":"https:\/\/b.avgeros.me\/produto\/espinafres-em-folhas-450-grs\/#breadcrumb"},"inLanguage":"en-GB","potentialAction":[{"@type":"ReadAction","target":["https:\/\/b.avgeros.me\/produto\/espinafres-em-folhas-450-grs\/"]}]},{"@type":"ImageObject","inLanguage":"en-GB","@id":"https:\/\/b.avgeros.me\/produto\/espinafres-em-folhas-450-grs\/#primaryimage","url":"https:\/\/b.avgeros.me\/wp-content\/uploads\/2022\/04\/Espinafres-em-Folhas-450-grs-Iglo.jpg","contentUrl":"https:\/\/b.avgeros.me\/wp-content\/uploads\/2022\/04\/Espinafres-em-Folhas-450-grs-Iglo.jpg","width":1280,"height":1280,"caption":"Espinafres em Folhas 450 grs [Iglo]"},{"@type":"BreadcrumbList","@id":"https:\/\/b.avgeros.me\/produto\/espinafres-em-folhas-450-grs\/#breadcrumb","itemListElement":[{"@type":"ListItem","position":1,"name":"In\u00edcio","item":"https:\/\/b.avgeros.me\/"},{"@type":"ListItem","position":2,"name":"Shop","item":"https:\/\/b.avgeros.me\/shop\/"},{"@type":"ListItem","position":3,"name":"Espinafres em Folhas 450 grs [Iglo]"}]},{"@type":"WebSite","@id":"https:\/\/b.avgeros.me\/#website","url":"https:\/\/b.avgeros.me\/","name":"BAROSA Congelados | Manuel de Sousa Barosa, Lda.","description":"Empresa de transforma\u00e7\u00e3o e comercializa\u00e7\u00e3o de produtos alimentares congelados. BAROSA \u00ae Pescados, &quot;N\u00e3o h\u00e1 bom garfo que resista\u00ae&quot;. BAROSA \u00ae FoodService &quot;O lado bom da comida\u00ae&quot;. Pescados Crust\u00e1ceos Mariscos Cefal\u00f3podes Bivalves Padaria Pastelaria Pizzas Sobremesas","publisher":{"@id":"https:\/\/b.avgeros.me\/#organization"},"alternateName":"BAROSA\u00ae","potentialAction":[{"@type":"SearchAction","target":{"@type":"EntryPoint","urlTemplate":"https:\/\/b.avgeros.me\/?s={search_term_string}"},"query-input":{"@type":"PropertyValueSpecification","valueRequired":true,"valueName":"search_term_string"}}],"inLanguage":"en-GB"},{"@type":"Organization","@id":"https:\/\/b.avgeros.me\/#organization","name":"Manuel de Sousa Barosa, Lda.","alternateName":"BAROSA","url":"https:\/\/b.avgeros.me\/","logo":{"@type":"ImageObject","inLanguage":"en-GB","@id":"https:\/\/b.avgeros.me\/#\/schema\/logo\/image\/","url":"https:\/\/b.avgeros.me\/wp-content\/uploads\/2025\/03\/BAROSA-Logo-696x696-1.jpg","contentUrl":"https:\/\/b.avgeros.me\/wp-content\/uploads\/2025\/03\/BAROSA-Logo-696x696-1.jpg","width":696,"height":696,"caption":"Manuel de Sousa Barosa, Lda."},"image":{"@id":"https:\/\/b.avgeros.me\/#\/schema\/logo\/image\/"},"sameAs":["http:\/\/www.facebook.com\/barosa\/","https:\/\/x.com\/barosa_lda","https:\/\/www.instagram.com\/barosa_lda\/","https:\/\/pt.linkedin.com\/company\/barosa-lda"],"description":"Empresa de transforma\u00e7\u00e3o e comercializa\u00e7\u00e3o de produtos alimentares congelados. BAROSA \u00ae Pescados, \"N\u00e3o h\u00e1 bom garfo que resista\u00ae\". BAROSA \u00ae FoodService \"O lado bom da comida!\u00ae\"","email":"info@barosa.com","telephone":"+351 262824403","legalName":"Manuel de Sousa Barosa, Lda.","foundingDate":"1975-05-21","vatID":"503365190","taxID":"503365190","duns":"452388713","numberOfEmployees":{"@type":"QuantitativeValue","minValue":"11","maxValue":"50"},"ethicsPolicy":"https:\/\/b.avgeros.me\/politicaprivacidade\/"}]}},"_links":{"self":[{"href":"https:\/\/b.avgeros.me\/en\/wp-json\/wp\/v2\/product\/7299","targetHints":{"allow":["GET"]}}],"collection":[{"href":"https:\/\/b.avgeros.me\/en\/wp-json\/wp\/v2\/product"}],"about":[{"href":"https:\/\/b.avgeros.me\/en\/wp-json\/wp\/v2\/types\/product"}],"wp:featuredmedia":[{"embeddable":true,"href":"https:\/\/b.avgeros.me\/en\/wp-json\/wp\/v2\/media\/7411"}],"wp:attachment":[{"href":"https:\/\/b.avgeros.me\/en\/wp-json\/wp\/v2\/media?parent=7299"}],"wp:term":[{"taxonomy":"product_brand","embeddable":true,"href":"https:\/\/b.avgeros.me\/en\/wp-json\/wp\/v2\/product_brand?post=7299"},{"taxonomy":"product_cat","embeddable":true,"href":"https:\/\/b.avgeros.me\/en\/wp-json\/wp\/v2\/product_cat?post=7299"},{"taxonomy":"product_tag","embeddable":true,"href":"https:\/\/b.avgeros.me\/en\/wp-json\/wp\/v2\/product_tag?post=7299"}],"curies":[{"name":"wp","href":"https:\/\/api.w.org\/{rel}","templated":true}]}}