{"id":6824,"date":"2022-02-22T20:35:58","date_gmt":"2022-02-22T19:35:58","guid":{"rendered":"https:\/\/b.avgeros.me\/?post_type=product&#038;p=6824"},"modified":"2024-10-01T00:00:23","modified_gmt":"2024-09-30T23:00:23","slug":"carte-dor-cookies-and-cream-900-ml-t-h","status":"publish","type":"product","link":"https:\/\/b.avgeros.me\/en\/product-2\/carte-dor-cookies-and-cream-900-ml-t-h\/","title":{"rendered":"Carte D&#8217;Or Cookies and Cream 900 ml &#8211; T.H."},"content":{"rendered":"","protected":false},"excerpt":{"rendered":"<p>Para os viciados em chocolate: Sorvete cremoso com calda de chocolate e peda\u00e7os de biscoito crocante de chocolate.<\/p>\n<p>Box of 6 packs<\/p>\n<p><strong>Brand:<\/strong> Carte D&#8217;or<\/p>\n<h6><em>Frozen product<\/em><\/h6>","protected":false},"featured_media":6825,"template":"","meta":[],"product_brand":[],"product_cat":[516],"product_tag":[],"class_list":{"0":"post-6824","1":"product","2":"type-product","3":"status-publish","4":"has-post-thumbnail","6":"product_cat-gelados-in-home","8":"first","9":"instock","10":"taxable","11":"shipping-taxable","12":"purchasable","13":"product-type-simple"},"yoast_head":"<!-- This site is optimized with the Yoast SEO Premium plugin v24.6 (Yoast SEO v24.6) - https:\/\/yoast.com\/wordpress\/plugins\/seo\/ -->\n<title>Carte D&#039;Or Cookies and Cream 900 ml - T.H. - BAROSA Congelados | Manuel de Sousa Barosa, Lda.<\/title>\n<meta name=\"description\" content=\"Para os viciados em chocolate: Sorvete cremoso com calda de chocolate e peda\u00e7os de biscoito crocante de chocolate.\" \/>\n<meta name=\"robots\" content=\"noindex, follow, max-snippet:-1, max-image-preview:large, max-video-preview:-1\" \/>\n<meta property=\"og:locale\" content=\"en_GB\" \/>\n<meta property=\"og:type\" content=\"article\" \/>\n<meta property=\"og:title\" content=\"Carte D&#039;Or Cookies and Cream 900 ml - T.H.\" \/>\n<meta property=\"og:description\" content=\"Para os viciados em chocolate: Sorvete cremoso com calda de chocolate e peda\u00e7os de biscoito crocante de chocolate.\" \/>\n<meta property=\"og:url\" content=\"https:\/\/b.avgeros.me\/en\/product-2\/carte-dor-cookies-and-cream-900-ml-t-h\/\" \/>\n<meta property=\"og:site_name\" content=\"BAROSA Congelados | Manuel de Sousa Barosa, Lda.\" \/>\n<meta property=\"article:publisher\" content=\"http:\/\/www.facebook.com\/barosa\/\" \/>\n<meta property=\"article:modified_time\" content=\"2024-09-30T23:00:23+00:00\" \/>\n<meta property=\"og:image\" content=\"https:\/\/b.avgeros.me\/wp-content\/uploads\/2022\/02\/Carte-D-Or-Cookies-and-Cream-900-ml-TH-2022.jpg\" \/>\n\t<meta property=\"og:image:width\" content=\"1280\" \/>\n\t<meta property=\"og:image:height\" content=\"1280\" \/>\n\t<meta property=\"og:image:type\" content=\"image\/jpeg\" \/>\n<meta name=\"twitter:card\" content=\"summary_large_image\" \/>\n<meta name=\"twitter:site\" content=\"@barosa_lda\" \/>\n<meta name=\"twitter:label1\" content=\"Estimated reading time\" \/>\n\t<meta name=\"twitter:data1\" content=\"1 minute\" \/>\n<script type=\"application\/ld+json\" class=\"yoast-schema-graph\">{\"@context\":\"https:\/\/schema.org\",\"@graph\":[{\"@type\":\"WebPage\",\"@id\":\"https:\/\/b.avgeros.me\/produto\/carte-dor-cookies-and-cream-900-ml-t-h\/\",\"url\":\"https:\/\/b.avgeros.me\/produto\/carte-dor-cookies-and-cream-900-ml-t-h\/\",\"name\":\"Carte D'Or Cookies and Cream 900 ml - T.H. - BAROSA Congelados | Manuel de Sousa Barosa, Lda.\",\"isPartOf\":{\"@id\":\"https:\/\/b.avgeros.me\/#website\"},\"primaryImageOfPage\":{\"@id\":\"https:\/\/b.avgeros.me\/produto\/carte-dor-cookies-and-cream-900-ml-t-h\/#primaryimage\"},\"image\":{\"@id\":\"https:\/\/b.avgeros.me\/produto\/carte-dor-cookies-and-cream-900-ml-t-h\/#primaryimage\"},\"thumbnailUrl\":\"https:\/\/b.avgeros.me\/wp-content\/uploads\/2022\/02\/Carte-D-Or-Cookies-and-Cream-900-ml-TH-2022.jpg\",\"datePublished\":\"2022-02-22T19:35:58+00:00\",\"dateModified\":\"2024-09-30T23:00:23+00:00\",\"description\":\"Para os viciados em chocolate: Sorvete cremoso com calda de chocolate e peda\u00e7os de biscoito crocante de chocolate.\",\"breadcrumb\":{\"@id\":\"https:\/\/b.avgeros.me\/produto\/carte-dor-cookies-and-cream-900-ml-t-h\/#breadcrumb\"},\"inLanguage\":\"en-GB\",\"potentialAction\":[{\"@type\":\"ReadAction\",\"target\":[\"https:\/\/b.avgeros.me\/produto\/carte-dor-cookies-and-cream-900-ml-t-h\/\"]}]},{\"@type\":\"ImageObject\",\"inLanguage\":\"en-GB\",\"@id\":\"https:\/\/b.avgeros.me\/produto\/carte-dor-cookies-and-cream-900-ml-t-h\/#primaryimage\",\"url\":\"https:\/\/b.avgeros.me\/wp-content\/uploads\/2022\/02\/Carte-D-Or-Cookies-and-Cream-900-ml-TH-2022.jpg\",\"contentUrl\":\"https:\/\/b.avgeros.me\/wp-content\/uploads\/2022\/02\/Carte-D-Or-Cookies-and-Cream-900-ml-TH-2022.jpg\",\"width\":1280,\"height\":1280,\"caption\":\"Carte D'Or Cookies and Cream 900 ml TH\"},{\"@type\":\"BreadcrumbList\",\"@id\":\"https:\/\/b.avgeros.me\/produto\/carte-dor-cookies-and-cream-900-ml-t-h\/#breadcrumb\",\"itemListElement\":[{\"@type\":\"ListItem\",\"position\":1,\"name\":\"In\u00edcio\",\"item\":\"https:\/\/b.avgeros.me\/\"},{\"@type\":\"ListItem\",\"position\":2,\"name\":\"Shop\",\"item\":\"https:\/\/b.avgeros.me\/shop\/\"},{\"@type\":\"ListItem\",\"position\":3,\"name\":\"Carte D&#8217;Or Cookies and Cream 900 ml &#8211; T.H.\"}]},{\"@type\":\"WebSite\",\"@id\":\"https:\/\/b.avgeros.me\/#website\",\"url\":\"https:\/\/b.avgeros.me\/\",\"name\":\"BAROSA Congelados | Manuel de Sousa Barosa, Lda.\",\"description\":\"Empresa de transforma\u00e7\u00e3o e comercializa\u00e7\u00e3o de produtos alimentares congelados. BAROSA \u00ae Pescados, &quot;N\u00e3o h\u00e1 bom garfo que resista\u00ae&quot;. BAROSA \u00ae FoodService &quot;O lado bom da comida\u00ae&quot;. Pescados Crust\u00e1ceos Mariscos Cefal\u00f3podes Bivalves Padaria Pastelaria Pizzas Sobremesas\",\"publisher\":{\"@id\":\"https:\/\/b.avgeros.me\/#organization\"},\"alternateName\":\"BAROSA\u00ae\",\"potentialAction\":[{\"@type\":\"SearchAction\",\"target\":{\"@type\":\"EntryPoint\",\"urlTemplate\":\"https:\/\/b.avgeros.me\/?s={search_term_string}\"},\"query-input\":{\"@type\":\"PropertyValueSpecification\",\"valueRequired\":true,\"valueName\":\"search_term_string\"}}],\"inLanguage\":\"en-GB\"},{\"@type\":\"Organization\",\"@id\":\"https:\/\/b.avgeros.me\/#organization\",\"name\":\"Manuel de Sousa Barosa, Lda.\",\"alternateName\":\"BAROSA\",\"url\":\"https:\/\/b.avgeros.me\/\",\"logo\":{\"@type\":\"ImageObject\",\"inLanguage\":\"en-GB\",\"@id\":\"https:\/\/b.avgeros.me\/#\/schema\/logo\/image\/\",\"url\":\"https:\/\/b.avgeros.me\/wp-content\/uploads\/2025\/03\/BAROSA-Logo-696x696-1.jpg\",\"contentUrl\":\"https:\/\/b.avgeros.me\/wp-content\/uploads\/2025\/03\/BAROSA-Logo-696x696-1.jpg\",\"width\":696,\"height\":696,\"caption\":\"Manuel de Sousa Barosa, Lda.\"},\"image\":{\"@id\":\"https:\/\/b.avgeros.me\/#\/schema\/logo\/image\/\"},\"sameAs\":[\"http:\/\/www.facebook.com\/barosa\/\",\"https:\/\/x.com\/barosa_lda\",\"https:\/\/www.instagram.com\/barosa_lda\/\",\"https:\/\/pt.linkedin.com\/company\/barosa-lda\"],\"description\":\"Empresa de transforma\u00e7\u00e3o e comercializa\u00e7\u00e3o de produtos alimentares congelados. BAROSA \u00ae Pescados, \\\"N\u00e3o h\u00e1 bom garfo que resista\u00ae\\\". BAROSA \u00ae FoodService \\\"O lado bom da comida!\u00ae\\\"\",\"email\":\"info@barosa.com\",\"telephone\":\"+351 262824403\",\"legalName\":\"Manuel de Sousa Barosa, Lda.\",\"foundingDate\":\"1975-05-21\",\"vatID\":\"503365190\",\"taxID\":\"503365190\",\"duns\":\"452388713\",\"numberOfEmployees\":{\"@type\":\"QuantitativeValue\",\"minValue\":\"11\",\"maxValue\":\"50\"},\"ethicsPolicy\":\"https:\/\/b.avgeros.me\/politicaprivacidade\/\"}]}<\/script>\n<!-- \/ Yoast SEO Premium plugin. -->","yoast_head_json":{"title":"Carte D'Or Cookies and Cream 900 ml - T.H. - BAROSA Congelados | Manuel de Sousa Barosa, Lda.","description":"Para os viciados em chocolate: Sorvete cremoso com calda de chocolate e peda\u00e7os de biscoito crocante de chocolate.","robots":{"index":"noindex","follow":"follow","max-snippet":"max-snippet:-1","max-image-preview":"max-image-preview:large","max-video-preview":"max-video-preview:-1"},"og_locale":"en_GB","og_type":"article","og_title":"Carte D'Or Cookies and Cream 900 ml - T.H.","og_description":"Para os viciados em chocolate: Sorvete cremoso com calda de chocolate e peda\u00e7os de biscoito crocante de chocolate.","og_url":"https:\/\/b.avgeros.me\/en\/product-2\/carte-dor-cookies-and-cream-900-ml-t-h\/","og_site_name":"BAROSA Congelados | Manuel de Sousa Barosa, Lda.","article_publisher":"http:\/\/www.facebook.com\/barosa\/","article_modified_time":"2024-09-30T23:00:23+00:00","og_image":[{"width":1280,"height":1280,"url":"https:\/\/b.avgeros.me\/wp-content\/uploads\/2022\/02\/Carte-D-Or-Cookies-and-Cream-900-ml-TH-2022.jpg","type":"image\/jpeg"}],"twitter_card":"summary_large_image","twitter_site":"@barosa_lda","twitter_misc":{"Estimated reading time":"1 minute"},"schema":{"@context":"https:\/\/schema.org","@graph":[{"@type":"WebPage","@id":"https:\/\/b.avgeros.me\/produto\/carte-dor-cookies-and-cream-900-ml-t-h\/","url":"https:\/\/b.avgeros.me\/produto\/carte-dor-cookies-and-cream-900-ml-t-h\/","name":"Carte D'Or Cookies and Cream 900 ml - T.H. - BAROSA Congelados | Manuel de Sousa Barosa, Lda.","isPartOf":{"@id":"https:\/\/b.avgeros.me\/#website"},"primaryImageOfPage":{"@id":"https:\/\/b.avgeros.me\/produto\/carte-dor-cookies-and-cream-900-ml-t-h\/#primaryimage"},"image":{"@id":"https:\/\/b.avgeros.me\/produto\/carte-dor-cookies-and-cream-900-ml-t-h\/#primaryimage"},"thumbnailUrl":"https:\/\/b.avgeros.me\/wp-content\/uploads\/2022\/02\/Carte-D-Or-Cookies-and-Cream-900-ml-TH-2022.jpg","datePublished":"2022-02-22T19:35:58+00:00","dateModified":"2024-09-30T23:00:23+00:00","description":"Para os viciados em chocolate: Sorvete cremoso com calda de chocolate e peda\u00e7os de biscoito crocante de chocolate.","breadcrumb":{"@id":"https:\/\/b.avgeros.me\/produto\/carte-dor-cookies-and-cream-900-ml-t-h\/#breadcrumb"},"inLanguage":"en-GB","potentialAction":[{"@type":"ReadAction","target":["https:\/\/b.avgeros.me\/produto\/carte-dor-cookies-and-cream-900-ml-t-h\/"]}]},{"@type":"ImageObject","inLanguage":"en-GB","@id":"https:\/\/b.avgeros.me\/produto\/carte-dor-cookies-and-cream-900-ml-t-h\/#primaryimage","url":"https:\/\/b.avgeros.me\/wp-content\/uploads\/2022\/02\/Carte-D-Or-Cookies-and-Cream-900-ml-TH-2022.jpg","contentUrl":"https:\/\/b.avgeros.me\/wp-content\/uploads\/2022\/02\/Carte-D-Or-Cookies-and-Cream-900-ml-TH-2022.jpg","width":1280,"height":1280,"caption":"Carte D'Or Cookies and Cream 900 ml TH"},{"@type":"BreadcrumbList","@id":"https:\/\/b.avgeros.me\/produto\/carte-dor-cookies-and-cream-900-ml-t-h\/#breadcrumb","itemListElement":[{"@type":"ListItem","position":1,"name":"In\u00edcio","item":"https:\/\/b.avgeros.me\/"},{"@type":"ListItem","position":2,"name":"Shop","item":"https:\/\/b.avgeros.me\/shop\/"},{"@type":"ListItem","position":3,"name":"Carte D&#8217;Or Cookies and Cream 900 ml &#8211; T.H."}]},{"@type":"WebSite","@id":"https:\/\/b.avgeros.me\/#website","url":"https:\/\/b.avgeros.me\/","name":"BAROSA Congelados | Manuel de Sousa Barosa, Lda.","description":"Empresa de transforma\u00e7\u00e3o e comercializa\u00e7\u00e3o de produtos alimentares congelados. BAROSA \u00ae Pescados, &quot;N\u00e3o h\u00e1 bom garfo que resista\u00ae&quot;. BAROSA \u00ae FoodService &quot;O lado bom da comida\u00ae&quot;. Pescados Crust\u00e1ceos Mariscos Cefal\u00f3podes Bivalves Padaria Pastelaria Pizzas Sobremesas","publisher":{"@id":"https:\/\/b.avgeros.me\/#organization"},"alternateName":"BAROSA\u00ae","potentialAction":[{"@type":"SearchAction","target":{"@type":"EntryPoint","urlTemplate":"https:\/\/b.avgeros.me\/?s={search_term_string}"},"query-input":{"@type":"PropertyValueSpecification","valueRequired":true,"valueName":"search_term_string"}}],"inLanguage":"en-GB"},{"@type":"Organization","@id":"https:\/\/b.avgeros.me\/#organization","name":"Manuel de Sousa Barosa, Lda.","alternateName":"BAROSA","url":"https:\/\/b.avgeros.me\/","logo":{"@type":"ImageObject","inLanguage":"en-GB","@id":"https:\/\/b.avgeros.me\/#\/schema\/logo\/image\/","url":"https:\/\/b.avgeros.me\/wp-content\/uploads\/2025\/03\/BAROSA-Logo-696x696-1.jpg","contentUrl":"https:\/\/b.avgeros.me\/wp-content\/uploads\/2025\/03\/BAROSA-Logo-696x696-1.jpg","width":696,"height":696,"caption":"Manuel de Sousa Barosa, Lda."},"image":{"@id":"https:\/\/b.avgeros.me\/#\/schema\/logo\/image\/"},"sameAs":["http:\/\/www.facebook.com\/barosa\/","https:\/\/x.com\/barosa_lda","https:\/\/www.instagram.com\/barosa_lda\/","https:\/\/pt.linkedin.com\/company\/barosa-lda"],"description":"Empresa de transforma\u00e7\u00e3o e comercializa\u00e7\u00e3o de produtos alimentares congelados. BAROSA \u00ae Pescados, \"N\u00e3o h\u00e1 bom garfo que resista\u00ae\". BAROSA \u00ae FoodService \"O lado bom da comida!\u00ae\"","email":"info@barosa.com","telephone":"+351 262824403","legalName":"Manuel de Sousa Barosa, Lda.","foundingDate":"1975-05-21","vatID":"503365190","taxID":"503365190","duns":"452388713","numberOfEmployees":{"@type":"QuantitativeValue","minValue":"11","maxValue":"50"},"ethicsPolicy":"https:\/\/b.avgeros.me\/politicaprivacidade\/"}]}},"_links":{"self":[{"href":"https:\/\/b.avgeros.me\/en\/wp-json\/wp\/v2\/product\/6824","targetHints":{"allow":["GET"]}}],"collection":[{"href":"https:\/\/b.avgeros.me\/en\/wp-json\/wp\/v2\/product"}],"about":[{"href":"https:\/\/b.avgeros.me\/en\/wp-json\/wp\/v2\/types\/product"}],"wp:featuredmedia":[{"embeddable":true,"href":"https:\/\/b.avgeros.me\/en\/wp-json\/wp\/v2\/media\/6825"}],"wp:attachment":[{"href":"https:\/\/b.avgeros.me\/en\/wp-json\/wp\/v2\/media?parent=6824"}],"wp:term":[{"taxonomy":"product_brand","embeddable":true,"href":"https:\/\/b.avgeros.me\/en\/wp-json\/wp\/v2\/product_brand?post=6824"},{"taxonomy":"product_cat","embeddable":true,"href":"https:\/\/b.avgeros.me\/en\/wp-json\/wp\/v2\/product_cat?post=6824"},{"taxonomy":"product_tag","embeddable":true,"href":"https:\/\/b.avgeros.me\/en\/wp-json\/wp\/v2\/product_tag?post=6824"}],"curies":[{"name":"wp","href":"https:\/\/api.w.org\/{rel}","templated":true}]}}