{"id":13084,"date":"2024-12-19T17:03:16","date_gmt":"2024-12-19T16:03:16","guid":{"rendered":"https:\/\/b.avgeros.me\/?post_type=product&#038;p=13084"},"modified":"2025-01-28T18:32:43","modified_gmt":"2025-01-28T18:32:43","slug":"bolo-do-caco-pimentos-vermelhos-30-grs","status":"publish","type":"product","link":"https:\/\/b.avgeros.me\/en\/product-2\/bolo-do-caco-pimentos-vermelhos-30-grs\/","title":{"rendered":"Caco Cake Red Peppers 30 Grs"},"content":{"rendered":"","protected":false},"excerpt":{"rendered":"<p>It's a Portuguese recipe, from the island of Madeira, for a frying pan bread made with sweet potato, wheat flour and red peppers. It's great as a starter, a side dish or as a main course mix.<\/p>\n<p>Packaging type:<\/p>\n<ul>\n<li>Box of 100 units<\/li>\n<li>Unit weight: 30 grs<\/li>\n<\/ul>\n[bg_collapse view=\"link\" color=\"#4a4949\" icon=\"arrow\" expand_text=\"\u00a0 \u00a0Mostrar mais\" collapse_text=\"\u00a0 \u00a0Mostrar menos\" ]<\/p>\n<p><img decoding=\"async\" src=\"https:\/\/nomadfoodscdn.com\/-\/media\/project\/bluesteel\/iglo-pt\/icons\/oven.png?la=pt-pt&amp;h=30&amp;w=30&amp;hash=FAA6936502D95C7653F18FA37D2EA457\" alt=\"oven\" \/><\/p>\n<p>Preparation in the oven:<\/p>\n<ol>\n<li>Preheat the oven: top \/ bottom heat: 190\u00b0C;<\/li>\n<li>Leave to defrost at room temperature for 30 minutes;<\/li>\n<li>bake in the oven for 1 minute.<\/li>\n<\/ol>\n<p>&nbsp;<\/p>\n<p>After defrosting, consume within 24 hours.<\/p>\n<p>&nbsp;<\/p>\n<p><strong>History<\/strong><br \/>\nTraditional wheat bread from the island of Madeira, with a round, flat shape, has always been much appreciated by Madeirans.<br \/>\nThe story goes that Bolo do Caco was baked on top of a shard of basalt, which is why it got its name.<br \/>\n16th-century charters forbade the construction of private ovens and the population had to pay to bake their bread in the ovens of the King, the Great Lords or the Religious Orders.<br \/>\nAs it was a bread that didn't need an oven to be baked, Bolo do Caco could be produced by the entire population, even in the humblest of homes. With no need to pay for its baking, its peculiar production became widespread.<\/p>\n<p>[\/bg_collapse]\n<p>&nbsp;<\/p>\n<p><strong>Brand:<\/strong> Barosa<\/p>\n<h6><em>Frozen product<\/em><\/h6>","protected":false},"featured_media":13085,"template":"","meta":[],"product_brand":[],"product_cat":[215,220],"product_tag":[705],"class_list":{"0":"post-13084","1":"product","2":"type-product","3":"status-publish","4":"has-post-thumbnail","6":"product_cat-padaria","7":"product_cat-pastelaria-pequena","8":"product_tag-bolodocaco","10":"first","11":"instock","12":"taxable","13":"shipping-taxable","14":"purchasable","15":"product-type-simple"},"yoast_head":"<!-- This site is optimized with the Yoast SEO Premium plugin v24.6 (Yoast SEO v24.6) - https:\/\/yoast.com\/wordpress\/plugins\/seo\/ -->\n<title>Bolo do Caco Pimentos Vermelhos 30 grs - BAROSA Congelados | Manuel de Sousa Barosa, Lda.<\/title>\n<meta name=\"description\" content=\"\u00c9 uma receita portuguesa, da Ilha da Madeira, de um p\u00e3o de frigideira feito com batata-doce, farinha de trigo e pimentos vermelhos. BAROSA &quot;N\u00e3o h\u00e1 bom garfo que resista\u00ae&quot;\" \/>\n<meta name=\"robots\" content=\"noindex, follow, max-snippet:-1, max-image-preview:large, max-video-preview:-1\" \/>\n<meta property=\"og:locale\" content=\"en_GB\" \/>\n<meta property=\"og:type\" content=\"article\" \/>\n<meta property=\"og:title\" content=\"Bolo do Caco Pimentos Vermelhos 30 grs\" \/>\n<meta property=\"og:description\" content=\"\u00c9 uma receita portuguesa, da Ilha da Madeira, de um p\u00e3o de frigideira feito com batata-doce, farinha de trigo e pimentos vermelhos. BAROSA &quot;N\u00e3o h\u00e1 bom garfo que resista\u00ae&quot;\" \/>\n<meta property=\"og:url\" content=\"https:\/\/b.avgeros.me\/en\/product-2\/bolo-do-caco-pimentos-vermelhos-30-grs\/\" \/>\n<meta property=\"og:site_name\" content=\"BAROSA Congelados | Manuel de Sousa Barosa, Lda.\" \/>\n<meta property=\"article:publisher\" content=\"http:\/\/www.facebook.com\/barosa\/\" \/>\n<meta property=\"article:modified_time\" content=\"2025-01-28T18:32:43+00:00\" \/>\n<meta property=\"og:image\" content=\"https:\/\/b.avgeros.me\/wp-content\/uploads\/2024\/12\/Bolo-Caco-Pimentos-Vermelhos-Catering-2.jpg\" \/>\n\t<meta property=\"og:image:width\" content=\"1000\" \/>\n\t<meta property=\"og:image:height\" content=\"1000\" \/>\n\t<meta property=\"og:image:type\" content=\"image\/jpeg\" \/>\n<meta name=\"twitter:card\" content=\"summary_large_image\" \/>\n<meta name=\"twitter:site\" content=\"@barosa_lda\" \/>\n<meta name=\"twitter:label1\" content=\"Estimated reading time\" \/>\n\t<meta name=\"twitter:data1\" content=\"1 minute\" \/>\n<script type=\"application\/ld+json\" class=\"yoast-schema-graph\">{\"@context\":\"https:\/\/schema.org\",\"@graph\":[{\"@type\":\"WebPage\",\"@id\":\"https:\/\/b.avgeros.me\/produto\/bolo-do-caco-pimentos-vermelhos-30-grs\/\",\"url\":\"https:\/\/b.avgeros.me\/produto\/bolo-do-caco-pimentos-vermelhos-30-grs\/\",\"name\":\"Bolo do Caco Pimentos Vermelhos 30 grs - BAROSA Congelados | Manuel de Sousa Barosa, Lda.\",\"isPartOf\":{\"@id\":\"https:\/\/b.avgeros.me\/#website\"},\"primaryImageOfPage\":{\"@id\":\"https:\/\/b.avgeros.me\/produto\/bolo-do-caco-pimentos-vermelhos-30-grs\/#primaryimage\"},\"image\":{\"@id\":\"https:\/\/b.avgeros.me\/produto\/bolo-do-caco-pimentos-vermelhos-30-grs\/#primaryimage\"},\"thumbnailUrl\":\"https:\/\/b.avgeros.me\/wp-content\/uploads\/2024\/12\/Bolo-Caco-Pimentos-Vermelhos-Catering-2.jpg\",\"datePublished\":\"2024-12-19T16:03:16+00:00\",\"dateModified\":\"2025-01-28T18:32:43+00:00\",\"description\":\"\u00c9 uma receita portuguesa, da Ilha da Madeira, de um p\u00e3o de frigideira feito com batata-doce, farinha de trigo e pimentos vermelhos. BAROSA \\\"N\u00e3o h\u00e1 bom garfo que resista\u00ae\\\"\",\"breadcrumb\":{\"@id\":\"https:\/\/b.avgeros.me\/produto\/bolo-do-caco-pimentos-vermelhos-30-grs\/#breadcrumb\"},\"inLanguage\":\"en-GB\",\"potentialAction\":[{\"@type\":\"ReadAction\",\"target\":[\"https:\/\/b.avgeros.me\/produto\/bolo-do-caco-pimentos-vermelhos-30-grs\/\"]}]},{\"@type\":\"ImageObject\",\"inLanguage\":\"en-GB\",\"@id\":\"https:\/\/b.avgeros.me\/produto\/bolo-do-caco-pimentos-vermelhos-30-grs\/#primaryimage\",\"url\":\"https:\/\/b.avgeros.me\/wp-content\/uploads\/2024\/12\/Bolo-Caco-Pimentos-Vermelhos-Catering-2.jpg\",\"contentUrl\":\"https:\/\/b.avgeros.me\/wp-content\/uploads\/2024\/12\/Bolo-Caco-Pimentos-Vermelhos-Catering-2.jpg\",\"width\":1000,\"height\":1000,\"caption\":\"Bolo Caco Pimentos Vermelhos Catering\"},{\"@type\":\"BreadcrumbList\",\"@id\":\"https:\/\/b.avgeros.me\/produto\/bolo-do-caco-pimentos-vermelhos-30-grs\/#breadcrumb\",\"itemListElement\":[{\"@type\":\"ListItem\",\"position\":1,\"name\":\"In\u00edcio\",\"item\":\"https:\/\/b.avgeros.me\/\"},{\"@type\":\"ListItem\",\"position\":2,\"name\":\"Shop\",\"item\":\"https:\/\/b.avgeros.me\/shop\/\"},{\"@type\":\"ListItem\",\"position\":3,\"name\":\"Bolo do Caco Pimentos Vermelhos 30 grs\"}]},{\"@type\":\"WebSite\",\"@id\":\"https:\/\/b.avgeros.me\/#website\",\"url\":\"https:\/\/b.avgeros.me\/\",\"name\":\"BAROSA Congelados | Manuel de Sousa Barosa, Lda.\",\"description\":\"Empresa de transforma\u00e7\u00e3o e comercializa\u00e7\u00e3o de produtos alimentares congelados. BAROSA \u00ae Pescados, &quot;N\u00e3o h\u00e1 bom garfo que resista\u00ae&quot;. BAROSA \u00ae FoodService &quot;O lado bom da comida\u00ae&quot;. Pescados Crust\u00e1ceos Mariscos Cefal\u00f3podes Bivalves Padaria Pastelaria Pizzas Sobremesas\",\"publisher\":{\"@id\":\"https:\/\/b.avgeros.me\/#organization\"},\"alternateName\":\"BAROSA\u00ae\",\"potentialAction\":[{\"@type\":\"SearchAction\",\"target\":{\"@type\":\"EntryPoint\",\"urlTemplate\":\"https:\/\/b.avgeros.me\/?s={search_term_string}\"},\"query-input\":{\"@type\":\"PropertyValueSpecification\",\"valueRequired\":true,\"valueName\":\"search_term_string\"}}],\"inLanguage\":\"en-GB\"},{\"@type\":\"Organization\",\"@id\":\"https:\/\/b.avgeros.me\/#organization\",\"name\":\"Manuel de Sousa Barosa, Lda.\",\"alternateName\":\"BAROSA\",\"url\":\"https:\/\/b.avgeros.me\/\",\"logo\":{\"@type\":\"ImageObject\",\"inLanguage\":\"en-GB\",\"@id\":\"https:\/\/b.avgeros.me\/#\/schema\/logo\/image\/\",\"url\":\"https:\/\/b.avgeros.me\/wp-content\/uploads\/2025\/03\/BAROSA-Logo-696x696-1.jpg\",\"contentUrl\":\"https:\/\/b.avgeros.me\/wp-content\/uploads\/2025\/03\/BAROSA-Logo-696x696-1.jpg\",\"width\":696,\"height\":696,\"caption\":\"Manuel de Sousa Barosa, Lda.\"},\"image\":{\"@id\":\"https:\/\/b.avgeros.me\/#\/schema\/logo\/image\/\"},\"sameAs\":[\"http:\/\/www.facebook.com\/barosa\/\",\"https:\/\/x.com\/barosa_lda\",\"https:\/\/www.instagram.com\/barosa_lda\/\",\"https:\/\/pt.linkedin.com\/company\/barosa-lda\"],\"description\":\"Empresa de transforma\u00e7\u00e3o e comercializa\u00e7\u00e3o de produtos alimentares congelados. BAROSA \u00ae Pescados, \\\"N\u00e3o h\u00e1 bom garfo que resista\u00ae\\\". BAROSA \u00ae FoodService \\\"O lado bom da comida!\u00ae\\\"\",\"email\":\"info@barosa.com\",\"telephone\":\"+351 262824403\",\"legalName\":\"Manuel de Sousa Barosa, Lda.\",\"foundingDate\":\"1975-05-21\",\"vatID\":\"503365190\",\"taxID\":\"503365190\",\"duns\":\"452388713\",\"numberOfEmployees\":{\"@type\":\"QuantitativeValue\",\"minValue\":\"11\",\"maxValue\":\"50\"},\"ethicsPolicy\":\"https:\/\/b.avgeros.me\/politicaprivacidade\/\"}]}<\/script>\n<!-- \/ Yoast SEO Premium plugin. -->","yoast_head_json":{"title":"Bolo do Caco Pimentos Vermelhos 30 grs - BAROSA Congelados | Manuel de Sousa Barosa, Lda.","description":"\u00c9 uma receita portuguesa, da Ilha da Madeira, de um p\u00e3o de frigideira feito com batata-doce, farinha de trigo e pimentos vermelhos. BAROSA \"N\u00e3o h\u00e1 bom garfo que resista\u00ae\"","robots":{"index":"noindex","follow":"follow","max-snippet":"max-snippet:-1","max-image-preview":"max-image-preview:large","max-video-preview":"max-video-preview:-1"},"og_locale":"en_GB","og_type":"article","og_title":"Bolo do Caco Pimentos Vermelhos 30 grs","og_description":"\u00c9 uma receita portuguesa, da Ilha da Madeira, de um p\u00e3o de frigideira feito com batata-doce, farinha de trigo e pimentos vermelhos. BAROSA \"N\u00e3o h\u00e1 bom garfo que resista\u00ae\"","og_url":"https:\/\/b.avgeros.me\/en\/product-2\/bolo-do-caco-pimentos-vermelhos-30-grs\/","og_site_name":"BAROSA Congelados | Manuel de Sousa Barosa, Lda.","article_publisher":"http:\/\/www.facebook.com\/barosa\/","article_modified_time":"2025-01-28T18:32:43+00:00","og_image":[{"width":1000,"height":1000,"url":"https:\/\/b.avgeros.me\/wp-content\/uploads\/2024\/12\/Bolo-Caco-Pimentos-Vermelhos-Catering-2.jpg","type":"image\/jpeg"}],"twitter_card":"summary_large_image","twitter_site":"@barosa_lda","twitter_misc":{"Estimated reading time":"1 minute"},"schema":{"@context":"https:\/\/schema.org","@graph":[{"@type":"WebPage","@id":"https:\/\/b.avgeros.me\/produto\/bolo-do-caco-pimentos-vermelhos-30-grs\/","url":"https:\/\/b.avgeros.me\/produto\/bolo-do-caco-pimentos-vermelhos-30-grs\/","name":"Bolo do Caco Pimentos Vermelhos 30 grs - BAROSA Congelados | Manuel de Sousa Barosa, Lda.","isPartOf":{"@id":"https:\/\/b.avgeros.me\/#website"},"primaryImageOfPage":{"@id":"https:\/\/b.avgeros.me\/produto\/bolo-do-caco-pimentos-vermelhos-30-grs\/#primaryimage"},"image":{"@id":"https:\/\/b.avgeros.me\/produto\/bolo-do-caco-pimentos-vermelhos-30-grs\/#primaryimage"},"thumbnailUrl":"https:\/\/b.avgeros.me\/wp-content\/uploads\/2024\/12\/Bolo-Caco-Pimentos-Vermelhos-Catering-2.jpg","datePublished":"2024-12-19T16:03:16+00:00","dateModified":"2025-01-28T18:32:43+00:00","description":"\u00c9 uma receita portuguesa, da Ilha da Madeira, de um p\u00e3o de frigideira feito com batata-doce, farinha de trigo e pimentos vermelhos. BAROSA \"N\u00e3o h\u00e1 bom garfo que resista\u00ae\"","breadcrumb":{"@id":"https:\/\/b.avgeros.me\/produto\/bolo-do-caco-pimentos-vermelhos-30-grs\/#breadcrumb"},"inLanguage":"en-GB","potentialAction":[{"@type":"ReadAction","target":["https:\/\/b.avgeros.me\/produto\/bolo-do-caco-pimentos-vermelhos-30-grs\/"]}]},{"@type":"ImageObject","inLanguage":"en-GB","@id":"https:\/\/b.avgeros.me\/produto\/bolo-do-caco-pimentos-vermelhos-30-grs\/#primaryimage","url":"https:\/\/b.avgeros.me\/wp-content\/uploads\/2024\/12\/Bolo-Caco-Pimentos-Vermelhos-Catering-2.jpg","contentUrl":"https:\/\/b.avgeros.me\/wp-content\/uploads\/2024\/12\/Bolo-Caco-Pimentos-Vermelhos-Catering-2.jpg","width":1000,"height":1000,"caption":"Bolo Caco Pimentos Vermelhos Catering"},{"@type":"BreadcrumbList","@id":"https:\/\/b.avgeros.me\/produto\/bolo-do-caco-pimentos-vermelhos-30-grs\/#breadcrumb","itemListElement":[{"@type":"ListItem","position":1,"name":"In\u00edcio","item":"https:\/\/b.avgeros.me\/"},{"@type":"ListItem","position":2,"name":"Shop","item":"https:\/\/b.avgeros.me\/shop\/"},{"@type":"ListItem","position":3,"name":"Bolo do Caco Pimentos Vermelhos 30 grs"}]},{"@type":"WebSite","@id":"https:\/\/b.avgeros.me\/#website","url":"https:\/\/b.avgeros.me\/","name":"BAROSA Congelados | Manuel de Sousa Barosa, Lda.","description":"Empresa de transforma\u00e7\u00e3o e comercializa\u00e7\u00e3o de produtos alimentares congelados. BAROSA \u00ae Pescados, &quot;N\u00e3o h\u00e1 bom garfo que resista\u00ae&quot;. BAROSA \u00ae FoodService &quot;O lado bom da comida\u00ae&quot;. Pescados Crust\u00e1ceos Mariscos Cefal\u00f3podes Bivalves Padaria Pastelaria Pizzas Sobremesas","publisher":{"@id":"https:\/\/b.avgeros.me\/#organization"},"alternateName":"BAROSA\u00ae","potentialAction":[{"@type":"SearchAction","target":{"@type":"EntryPoint","urlTemplate":"https:\/\/b.avgeros.me\/?s={search_term_string}"},"query-input":{"@type":"PropertyValueSpecification","valueRequired":true,"valueName":"search_term_string"}}],"inLanguage":"en-GB"},{"@type":"Organization","@id":"https:\/\/b.avgeros.me\/#organization","name":"Manuel de Sousa Barosa, Lda.","alternateName":"BAROSA","url":"https:\/\/b.avgeros.me\/","logo":{"@type":"ImageObject","inLanguage":"en-GB","@id":"https:\/\/b.avgeros.me\/#\/schema\/logo\/image\/","url":"https:\/\/b.avgeros.me\/wp-content\/uploads\/2025\/03\/BAROSA-Logo-696x696-1.jpg","contentUrl":"https:\/\/b.avgeros.me\/wp-content\/uploads\/2025\/03\/BAROSA-Logo-696x696-1.jpg","width":696,"height":696,"caption":"Manuel de Sousa Barosa, Lda."},"image":{"@id":"https:\/\/b.avgeros.me\/#\/schema\/logo\/image\/"},"sameAs":["http:\/\/www.facebook.com\/barosa\/","https:\/\/x.com\/barosa_lda","https:\/\/www.instagram.com\/barosa_lda\/","https:\/\/pt.linkedin.com\/company\/barosa-lda"],"description":"Empresa de transforma\u00e7\u00e3o e comercializa\u00e7\u00e3o de produtos alimentares congelados. BAROSA \u00ae Pescados, \"N\u00e3o h\u00e1 bom garfo que resista\u00ae\". BAROSA \u00ae FoodService \"O lado bom da comida!\u00ae\"","email":"info@barosa.com","telephone":"+351 262824403","legalName":"Manuel de Sousa Barosa, Lda.","foundingDate":"1975-05-21","vatID":"503365190","taxID":"503365190","duns":"452388713","numberOfEmployees":{"@type":"QuantitativeValue","minValue":"11","maxValue":"50"},"ethicsPolicy":"https:\/\/b.avgeros.me\/politicaprivacidade\/"}]}},"_links":{"self":[{"href":"https:\/\/b.avgeros.me\/en\/wp-json\/wp\/v2\/product\/13084","targetHints":{"allow":["GET"]}}],"collection":[{"href":"https:\/\/b.avgeros.me\/en\/wp-json\/wp\/v2\/product"}],"about":[{"href":"https:\/\/b.avgeros.me\/en\/wp-json\/wp\/v2\/types\/product"}],"wp:featuredmedia":[{"embeddable":true,"href":"https:\/\/b.avgeros.me\/en\/wp-json\/wp\/v2\/media\/13085"}],"wp:attachment":[{"href":"https:\/\/b.avgeros.me\/en\/wp-json\/wp\/v2\/media?parent=13084"}],"wp:term":[{"taxonomy":"product_brand","embeddable":true,"href":"https:\/\/b.avgeros.me\/en\/wp-json\/wp\/v2\/product_brand?post=13084"},{"taxonomy":"product_cat","embeddable":true,"href":"https:\/\/b.avgeros.me\/en\/wp-json\/wp\/v2\/product_cat?post=13084"},{"taxonomy":"product_tag","embeddable":true,"href":"https:\/\/b.avgeros.me\/en\/wp-json\/wp\/v2\/product_tag?post=13084"}],"curies":[{"name":"wp","href":"https:\/\/api.w.org\/{rel}","templated":true}]}}