{"id":3193,"date":"2019-10-30T14:50:43","date_gmt":"2019-10-30T14:50:43","guid":{"rendered":"https:\/\/digitextus.pt\/barosa\/?page_id=3193"},"modified":"2024-01-13T13:34:32","modified_gmt":"2024-01-13T12:34:32","slug":"empresa-amiga-do-meio-ambiente","status":"publish","type":"page","link":"https:\/\/b.avgeros.me\/en\/empresa-amiga-do-meio-ambiente\/","title":{"rendered":"Environmentally Friendly Company"},"content":{"rendered":"<div class=\"wpb-content-wrapper\"><div class=\"vc_row wpb_row vc_row-fluid\"><div class=\"wpb_column vc_column_container vc_col-sm-12\"><div class=\"vc_column-inner\"><div class=\"wpb_wrapper\">\n\t<div class=\"wpb_text_column wpb_content_element\" >\n\t\t<div class=\"wpb_wrapper\">\n\t\t\t<p>The BAROSA group has assumed its social responsibility in the region, investing in areas of environmental influence, in order to preserve the health of our planet, to this, it has implemented the following measures:<\/p>\n<ul>\n<li>Em 2012 montou 522 pain\u00e9is fotovoltaicos que produzem um total de 137,79kW, evitando o envio de +\/- 90 toneladas\/ano de CO2 para a atmosfera;<\/li>\n<li>Tem pain\u00e9is Termosolares para aquecimento de \u00e1guas quentes desde 2012;<\/li>\n<li>Installed LED lights in all sectors of the company;<\/li>\n<li>It has electronic systems for energy control;<\/li>\n<li>Desde 2013, iniciamos a eletrifica\u00e7\u00e3o da frota autom\u00f3vel (ligeiros e pesados);<\/li>\n<li>Come\u00e7ou em 2022 testes da tecnologia de hidrog\u00e9nio nas viaturas para baixar as emiss\u00f5es carb\u00f3nicas <strong>at\u00e9 80%<\/strong>;<\/li>\n<li>Utiliza \u00e1gua n\u00e3o pot\u00e1vel para lavagens exteriores (viaturas\/outras) desde 2010;<\/li>\n<li>Selects Solid Waste;<\/li>\n<li>Recycles paper already used in your internal photocopies, using it a second time;<\/li>\n<li>Agrafa as faturas de Manuel Barosa, Lda. sem agrafos met\u00e1licos;<\/li>\n<li>Envia envelopes sem impress\u00e3o com documentos para os clientes, por forma a serem reutilizados pelos mesmos;<\/li>\n<li>Collects used batteries from all employees \/ visitors of the company.<\/li>\n<\/ul>\n<p>We will continue to invest in the planet's quality of life by implementing the latest environmental best practices.<\/p>\n<p style=\"text-align: center;\"><img decoding=\"async\" src=\"https:\/\/gallery.mailchimp.com\/aedc27a2337b728fbfb89d96a\/images\/838125a1-3a9e-4c13-83b2-9d6acbaf82c7.jpg\" \/><\/p>\n\n\t\t<\/div>\n\t<\/div>\n<\/div><\/div><\/div><\/div>\n<\/div>","protected":false},"excerpt":{"rendered":"O grupo BAROSA tem assumido a sua responsabilidade social na regi\u00e3o, investindo nas \u00e1reas de influ\u00eancia ambiental, por modo a preservar a sa\u00fade do nosso planeta, para tal implementou as seguintes medidas: Em 2012 montou 522 pain\u00e9is fotovoltaicos que produzem um total de 137,79kW, evitando o envio de +\/- 90 toneladas\/ano de CO2 para a [...]","protected":false},"author":1,"featured_media":0,"parent":0,"menu_order":0,"comment_status":"closed","ping_status":"closed","template":"","meta":{"footnotes":""},"class_list":["post-3193","page","type-page","status-publish","hentry"],"yoast_head":"<!-- This site is optimized with the Yoast SEO Premium plugin v24.6 (Yoast SEO v24.6) - https:\/\/yoast.com\/wordpress\/plugins\/seo\/ -->\n<title>BAROSA | Empresa Amiga do Meio Ambiente<\/title>\n<meta name=\"description\" content=\"O grupo BAROSA tem assumido a sua responsabilidade social na regi\u00e3o, investindo nas \u00e1reas de influ\u00eancia ambiental, por modo a preservar a sa\u00fade do nosso planeta.\" \/>\n<meta name=\"robots\" content=\"noindex, follow, max-snippet:-1, max-image-preview:large, max-video-preview:-1\" \/>\n<meta property=\"og:locale\" content=\"en_GB\" \/>\n<meta property=\"og:type\" content=\"article\" \/>\n<meta property=\"og:title\" content=\"Empresa Amiga do Meio Ambiente\" \/>\n<meta property=\"og:description\" content=\"O grupo BAROSA tem assumido a sua responsabilidade social na regi\u00e3o, investindo nas \u00e1reas de influ\u00eancia ambiental, por modo a preservar a sa\u00fade do nosso planeta.\" \/>\n<meta property=\"og:url\" content=\"https:\/\/b.avgeros.me\/en\/empresa-amiga-do-meio-ambiente\/\" \/>\n<meta property=\"og:site_name\" content=\"BAROSA Congelados | Manuel de Sousa Barosa, Lda.\" \/>\n<meta property=\"article:publisher\" content=\"http:\/\/www.facebook.com\/barosa\/\" \/>\n<meta property=\"article:modified_time\" content=\"2024-01-13T12:34:32+00:00\" \/>\n<meta property=\"og:image\" content=\"https:\/\/gallery.mailchimp.com\/aedc27a2337b728fbfb89d96a\/images\/838125a1-3a9e-4c13-83b2-9d6acbaf82c7.jpg\" \/>\n<meta name=\"twitter:card\" content=\"summary_large_image\" \/>\n<meta name=\"twitter:site\" content=\"@barosa_lda\" \/>\n<meta name=\"twitter:label1\" content=\"Estimated reading time\" \/>\n\t<meta name=\"twitter:data1\" content=\"1 minute\" \/>\n<script type=\"application\/ld+json\" class=\"yoast-schema-graph\">{\"@context\":\"https:\/\/schema.org\",\"@graph\":[{\"@type\":\"WebPage\",\"@id\":\"https:\/\/b.avgeros.me\/empresa-amiga-do-meio-ambiente\/\",\"url\":\"https:\/\/b.avgeros.me\/empresa-amiga-do-meio-ambiente\/\",\"name\":\"BAROSA | Empresa Amiga do Meio Ambiente\",\"isPartOf\":{\"@id\":\"https:\/\/b.avgeros.me\/#website\"},\"primaryImageOfPage\":{\"@id\":\"https:\/\/b.avgeros.me\/empresa-amiga-do-meio-ambiente\/#primaryimage\"},\"image\":{\"@id\":\"https:\/\/b.avgeros.me\/empresa-amiga-do-meio-ambiente\/#primaryimage\"},\"thumbnailUrl\":\"https:\/\/gallery.mailchimp.com\/aedc27a2337b728fbfb89d96a\/images\/838125a1-3a9e-4c13-83b2-9d6acbaf82c7.jpg\",\"datePublished\":\"2019-10-30T14:50:43+00:00\",\"dateModified\":\"2024-01-13T12:34:32+00:00\",\"description\":\"O grupo BAROSA tem assumido a sua responsabilidade social na regi\u00e3o, investindo nas \u00e1reas de influ\u00eancia ambiental, por modo a preservar a sa\u00fade do nosso planeta.\",\"breadcrumb\":{\"@id\":\"https:\/\/b.avgeros.me\/empresa-amiga-do-meio-ambiente\/#breadcrumb\"},\"inLanguage\":\"en-GB\",\"potentialAction\":[{\"@type\":\"ReadAction\",\"target\":[\"https:\/\/b.avgeros.me\/empresa-amiga-do-meio-ambiente\/\"]}]},{\"@type\":\"ImageObject\",\"inLanguage\":\"en-GB\",\"@id\":\"https:\/\/b.avgeros.me\/empresa-amiga-do-meio-ambiente\/#primaryimage\",\"url\":\"https:\/\/gallery.mailchimp.com\/aedc27a2337b728fbfb89d96a\/images\/838125a1-3a9e-4c13-83b2-9d6acbaf82c7.jpg\",\"contentUrl\":\"https:\/\/gallery.mailchimp.com\/aedc27a2337b728fbfb89d96a\/images\/838125a1-3a9e-4c13-83b2-9d6acbaf82c7.jpg\"},{\"@type\":\"BreadcrumbList\",\"@id\":\"https:\/\/b.avgeros.me\/empresa-amiga-do-meio-ambiente\/#breadcrumb\",\"itemListElement\":[{\"@type\":\"ListItem\",\"position\":1,\"name\":\"In\u00edcio\",\"item\":\"https:\/\/b.avgeros.me\/\"},{\"@type\":\"ListItem\",\"position\":2,\"name\":\"Empresa Amiga do Meio Ambiente\"}]},{\"@type\":\"WebSite\",\"@id\":\"https:\/\/b.avgeros.me\/#website\",\"url\":\"https:\/\/b.avgeros.me\/\",\"name\":\"BAROSA Congelados | Manuel de Sousa Barosa, Lda.\",\"description\":\"Empresa de transforma\u00e7\u00e3o e comercializa\u00e7\u00e3o de produtos alimentares congelados. BAROSA \u00ae Pescados, &quot;N\u00e3o h\u00e1 bom garfo que resista\u00ae&quot;. BAROSA \u00ae FoodService &quot;O lado bom da comida\u00ae&quot;. Pescados Crust\u00e1ceos Mariscos Cefal\u00f3podes Bivalves Padaria Pastelaria Pizzas Sobremesas\",\"publisher\":{\"@id\":\"https:\/\/b.avgeros.me\/#organization\"},\"alternateName\":\"BAROSA\u00ae\",\"potentialAction\":[{\"@type\":\"SearchAction\",\"target\":{\"@type\":\"EntryPoint\",\"urlTemplate\":\"https:\/\/b.avgeros.me\/?s={search_term_string}\"},\"query-input\":{\"@type\":\"PropertyValueSpecification\",\"valueRequired\":true,\"valueName\":\"search_term_string\"}}],\"inLanguage\":\"en-GB\"},{\"@type\":\"Organization\",\"@id\":\"https:\/\/b.avgeros.me\/#organization\",\"name\":\"Manuel de Sousa Barosa, Lda.\",\"alternateName\":\"BAROSA\",\"url\":\"https:\/\/b.avgeros.me\/\",\"logo\":{\"@type\":\"ImageObject\",\"inLanguage\":\"en-GB\",\"@id\":\"https:\/\/b.avgeros.me\/#\/schema\/logo\/image\/\",\"url\":\"https:\/\/b.avgeros.me\/wp-content\/uploads\/2025\/03\/BAROSA-Logo-696x696-1.jpg\",\"contentUrl\":\"https:\/\/b.avgeros.me\/wp-content\/uploads\/2025\/03\/BAROSA-Logo-696x696-1.jpg\",\"width\":696,\"height\":696,\"caption\":\"Manuel de Sousa Barosa, Lda.\"},\"image\":{\"@id\":\"https:\/\/b.avgeros.me\/#\/schema\/logo\/image\/\"},\"sameAs\":[\"http:\/\/www.facebook.com\/barosa\/\",\"https:\/\/x.com\/barosa_lda\",\"https:\/\/www.instagram.com\/barosa_lda\/\",\"https:\/\/pt.linkedin.com\/company\/barosa-lda\"],\"description\":\"Empresa de transforma\u00e7\u00e3o e comercializa\u00e7\u00e3o de produtos alimentares congelados. BAROSA \u00ae Pescados, \\\"N\u00e3o h\u00e1 bom garfo que resista\u00ae\\\". BAROSA \u00ae FoodService \\\"O lado bom da comida!\u00ae\\\"\",\"email\":\"info@barosa.com\",\"telephone\":\"+351 262824403\",\"legalName\":\"Manuel de Sousa Barosa, Lda.\",\"foundingDate\":\"1975-05-21\",\"vatID\":\"503365190\",\"taxID\":\"503365190\",\"duns\":\"452388713\",\"numberOfEmployees\":{\"@type\":\"QuantitativeValue\",\"minValue\":\"11\",\"maxValue\":\"50\"},\"ethicsPolicy\":\"https:\/\/b.avgeros.me\/politicaprivacidade\/\"}]}<\/script>\n<!-- \/ Yoast SEO Premium plugin. -->","yoast_head_json":{"title":"BAROSA | Empresa Amiga do Meio Ambiente","description":"O grupo BAROSA tem assumido a sua responsabilidade social na regi\u00e3o, investindo nas \u00e1reas de influ\u00eancia ambiental, por modo a preservar a sa\u00fade do nosso planeta.","robots":{"index":"noindex","follow":"follow","max-snippet":"max-snippet:-1","max-image-preview":"max-image-preview:large","max-video-preview":"max-video-preview:-1"},"og_locale":"en_GB","og_type":"article","og_title":"Empresa Amiga do Meio Ambiente","og_description":"O grupo BAROSA tem assumido a sua responsabilidade social na regi\u00e3o, investindo nas \u00e1reas de influ\u00eancia ambiental, por modo a preservar a sa\u00fade do nosso planeta.","og_url":"https:\/\/b.avgeros.me\/en\/empresa-amiga-do-meio-ambiente\/","og_site_name":"BAROSA Congelados | Manuel de Sousa Barosa, Lda.","article_publisher":"http:\/\/www.facebook.com\/barosa\/","article_modified_time":"2024-01-13T12:34:32+00:00","og_image":[{"url":"https:\/\/gallery.mailchimp.com\/aedc27a2337b728fbfb89d96a\/images\/838125a1-3a9e-4c13-83b2-9d6acbaf82c7.jpg","type":"","width":"","height":""}],"twitter_card":"summary_large_image","twitter_site":"@barosa_lda","twitter_misc":{"Estimated reading time":"1 minute"},"schema":{"@context":"https:\/\/schema.org","@graph":[{"@type":"WebPage","@id":"https:\/\/b.avgeros.me\/empresa-amiga-do-meio-ambiente\/","url":"https:\/\/b.avgeros.me\/empresa-amiga-do-meio-ambiente\/","name":"BAROSA | Empresa Amiga do Meio Ambiente","isPartOf":{"@id":"https:\/\/b.avgeros.me\/#website"},"primaryImageOfPage":{"@id":"https:\/\/b.avgeros.me\/empresa-amiga-do-meio-ambiente\/#primaryimage"},"image":{"@id":"https:\/\/b.avgeros.me\/empresa-amiga-do-meio-ambiente\/#primaryimage"},"thumbnailUrl":"https:\/\/gallery.mailchimp.com\/aedc27a2337b728fbfb89d96a\/images\/838125a1-3a9e-4c13-83b2-9d6acbaf82c7.jpg","datePublished":"2019-10-30T14:50:43+00:00","dateModified":"2024-01-13T12:34:32+00:00","description":"O grupo BAROSA tem assumido a sua responsabilidade social na regi\u00e3o, investindo nas \u00e1reas de influ\u00eancia ambiental, por modo a preservar a sa\u00fade do nosso planeta.","breadcrumb":{"@id":"https:\/\/b.avgeros.me\/empresa-amiga-do-meio-ambiente\/#breadcrumb"},"inLanguage":"en-GB","potentialAction":[{"@type":"ReadAction","target":["https:\/\/b.avgeros.me\/empresa-amiga-do-meio-ambiente\/"]}]},{"@type":"ImageObject","inLanguage":"en-GB","@id":"https:\/\/b.avgeros.me\/empresa-amiga-do-meio-ambiente\/#primaryimage","url":"https:\/\/gallery.mailchimp.com\/aedc27a2337b728fbfb89d96a\/images\/838125a1-3a9e-4c13-83b2-9d6acbaf82c7.jpg","contentUrl":"https:\/\/gallery.mailchimp.com\/aedc27a2337b728fbfb89d96a\/images\/838125a1-3a9e-4c13-83b2-9d6acbaf82c7.jpg"},{"@type":"BreadcrumbList","@id":"https:\/\/b.avgeros.me\/empresa-amiga-do-meio-ambiente\/#breadcrumb","itemListElement":[{"@type":"ListItem","position":1,"name":"In\u00edcio","item":"https:\/\/b.avgeros.me\/"},{"@type":"ListItem","position":2,"name":"Empresa Amiga do Meio Ambiente"}]},{"@type":"WebSite","@id":"https:\/\/b.avgeros.me\/#website","url":"https:\/\/b.avgeros.me\/","name":"BAROSA Congelados | Manuel de Sousa Barosa, Lda.","description":"Empresa de transforma\u00e7\u00e3o e comercializa\u00e7\u00e3o de produtos alimentares congelados. BAROSA \u00ae Pescados, &quot;N\u00e3o h\u00e1 bom garfo que resista\u00ae&quot;. BAROSA \u00ae FoodService &quot;O lado bom da comida\u00ae&quot;. Pescados Crust\u00e1ceos Mariscos Cefal\u00f3podes Bivalves Padaria Pastelaria Pizzas Sobremesas","publisher":{"@id":"https:\/\/b.avgeros.me\/#organization"},"alternateName":"BAROSA\u00ae","potentialAction":[{"@type":"SearchAction","target":{"@type":"EntryPoint","urlTemplate":"https:\/\/b.avgeros.me\/?s={search_term_string}"},"query-input":{"@type":"PropertyValueSpecification","valueRequired":true,"valueName":"search_term_string"}}],"inLanguage":"en-GB"},{"@type":"Organization","@id":"https:\/\/b.avgeros.me\/#organization","name":"Manuel de Sousa Barosa, Lda.","alternateName":"BAROSA","url":"https:\/\/b.avgeros.me\/","logo":{"@type":"ImageObject","inLanguage":"en-GB","@id":"https:\/\/b.avgeros.me\/#\/schema\/logo\/image\/","url":"https:\/\/b.avgeros.me\/wp-content\/uploads\/2025\/03\/BAROSA-Logo-696x696-1.jpg","contentUrl":"https:\/\/b.avgeros.me\/wp-content\/uploads\/2025\/03\/BAROSA-Logo-696x696-1.jpg","width":696,"height":696,"caption":"Manuel de Sousa Barosa, Lda."},"image":{"@id":"https:\/\/b.avgeros.me\/#\/schema\/logo\/image\/"},"sameAs":["http:\/\/www.facebook.com\/barosa\/","https:\/\/x.com\/barosa_lda","https:\/\/www.instagram.com\/barosa_lda\/","https:\/\/pt.linkedin.com\/company\/barosa-lda"],"description":"Empresa de transforma\u00e7\u00e3o e comercializa\u00e7\u00e3o de produtos alimentares congelados. BAROSA \u00ae Pescados, \"N\u00e3o h\u00e1 bom garfo que resista\u00ae\". BAROSA \u00ae FoodService \"O lado bom da comida!\u00ae\"","email":"info@barosa.com","telephone":"+351 262824403","legalName":"Manuel de Sousa Barosa, Lda.","foundingDate":"1975-05-21","vatID":"503365190","taxID":"503365190","duns":"452388713","numberOfEmployees":{"@type":"QuantitativeValue","minValue":"11","maxValue":"50"},"ethicsPolicy":"https:\/\/b.avgeros.me\/politicaprivacidade\/"}]}},"_links":{"self":[{"href":"https:\/\/b.avgeros.me\/en\/wp-json\/wp\/v2\/pages\/3193","targetHints":{"allow":["GET"]}}],"collection":[{"href":"https:\/\/b.avgeros.me\/en\/wp-json\/wp\/v2\/pages"}],"about":[{"href":"https:\/\/b.avgeros.me\/en\/wp-json\/wp\/v2\/types\/page"}],"author":[{"embeddable":true,"href":"https:\/\/b.avgeros.me\/en\/wp-json\/wp\/v2\/users\/1"}],"replies":[{"embeddable":true,"href":"https:\/\/b.avgeros.me\/en\/wp-json\/wp\/v2\/comments?post=3193"}],"version-history":[{"count":9,"href":"https:\/\/b.avgeros.me\/en\/wp-json\/wp\/v2\/pages\/3193\/revisions"}],"predecessor-version":[{"id":11054,"href":"https:\/\/b.avgeros.me\/en\/wp-json\/wp\/v2\/pages\/3193\/revisions\/11054"}],"wp:attachment":[{"href":"https:\/\/b.avgeros.me\/en\/wp-json\/wp\/v2\/media?parent=3193"}],"curies":[{"name":"wp","href":"https:\/\/api.w.org\/{rel}","templated":true}]}}